{"id":7816,"date":"2016-07-26T18:17:30","date_gmt":"2016-07-26T18:17:30","guid":{"rendered":"http:\/\/nicaragua-travel-guide.com\/site\/?page_id=7816"},"modified":"2016-11-07T18:23:56","modified_gmt":"2016-11-07T18:23:56","slug":"granada-hotel-colonial","status":"publish","type":"page","link":"https:\/\/nicaragua-travel-guide.com\/site\/granada-hotel-colonial\/","title":{"rendered":"Granada \u00abHotel Colonial\u00bb"},"content":{"rendered":"<table style=\"width: 993px;\" border=\"0\">\n<tbody>\n<tr>\n<td style=\"width: 26px;\" colspan=\"3\" bgcolor=\"#0033FF\" height=\"256\">\n<table style=\"width: 986.6666870117188px;\" border=\"0\">\n<tbody>\n<tr>\n<td style=\"width: 629px;\" bgcolor=\"#FFFFFF\" height=\"37\"><strong>Hotel Colonial<\/strong><\/td>\n<td style=\"width: 387.66668701171875px;\" rowspan=\"2\" valign=\"top\"><img loading=\"lazy\" decoding=\"async\" class=\"wp-image-13859 aligncenter\" src=\"http:\/\/nicaragua-travel-guide.com\/site\/wp-content\/uploads\/2016\/07\/hotelcolonialbalcon.jpg\" alt=\"hotelcolonialbalcon\" width=\"318\" height=\"318\" \/><\/td>\n<\/tr>\n<tr>\n<td style=\"width: 629px;\" bgcolor=\"#0033FF\">Descripci\u00f3n:<\/p>\n<p>&nbsp;<\/p>\n<p>Instalado en una casona de estilo colonial a unos pasos del parque central de la ciudad de Granada, el Hotel Colonial es un lugar base para explorar el departamento y el resto del pa\u00eds.<\/p>\n<p>Este Hotel tiene personal biling\u00fce y las comodidades de un hotel de 4 estrellas.<\/p>\n<p>El hotel posee 37 habitaciones &#8211; de las cuales 10 son suites &#8211; tienen una cama king size o dos queen size, aire acondicionado, ba\u00f1o privado, jacuzzi, televisi\u00f3n con cable y m\u00e1s.<\/td>\n<\/tr>\n<\/tbody>\n<\/table>\n<\/td>\n<\/tr>\n<tr>\n<td style=\"width: 6px;\" bgcolor=\"#0033FF\" height=\"363\"><\/td>\n<td style=\"width: 20px;\" colspan=\"2\" align=\"center\" valign=\"top\" bgcolor=\"#0033FF\">\n<table style=\"width: 964px;\" border=\"0\">\n<tbody>\n<tr style=\"height: 240px;\">\n<td style=\"height: 240px; width: 227px;\"><img loading=\"lazy\" decoding=\"async\" class=\"alignnone wp-image-13864\" style=\"background-color: #ffffff;\" src=\"http:\/\/nicaragua-travel-guide.com\/site\/wp-content\/uploads\/2016\/07\/hotelcolonialpiscina.jpg\" alt=\"hotelcolonialpiscina\" width=\"226\" height=\"226\" \/><\/td>\n<td style=\"height: 240px; width: 234px;\"><img loading=\"lazy\" decoding=\"async\" class=\"alignnone wp-image-13860\" src=\"http:\/\/nicaragua-travel-guide.com\/site\/wp-content\/uploads\/2016\/07\/hotelcolonialbar.jpg\" alt=\"hotelcolonialbar\" width=\"236\" height=\"236\" \/><\/td>\n<td style=\"height: 240px; width: 233px;\"><img loading=\"lazy\" decoding=\"async\" class=\"wp-image-13856 aligncenter\" src=\"http:\/\/nicaragua-travel-guide.com\/site\/wp-content\/uploads\/2016\/07\/hotelcolonialcoctel.jpg\" alt=\"hotelcolonialcoctel\" width=\"182\" height=\"228\" \/><\/td>\n<td style=\"height: 275px; width: 279px;\" rowspan=\"2\">El hotel tiene un restaurante con variado\u00a0men\u00fa\u00a0y dos atractivas piscinas con pool bar.<\/p>\n<p>&nbsp;<\/p>\n<p>&nbsp;<\/p>\n<p>&nbsp;<\/p>\n<p>Otros servicios disponibles son el alquiler y atenci\u00f3n en su sal\u00f3n de conferencias, renta de autom\u00f3viles, servicios de fax y disponibilidad para eventos especiales en la isleta El Congo, la cual tiene capacidad para 50 personas.<\/td>\n<\/tr>\n<tr style=\"height: 35px;\">\n<td style=\"height: 35px; width: 227px;\"><img loading=\"lazy\" decoding=\"async\" class=\"alignnone wp-image-13858\" style=\"background-color: #ffffff;\" src=\"http:\/\/nicaragua-travel-guide.com\/site\/wp-content\/uploads\/2016\/07\/hotelcolonialavamano.jpg\" alt=\"hotelcolonialavamano\" width=\"226\" height=\"226\" \/><\/td>\n<td style=\"height: 35px; width: 234px;\"><img loading=\"lazy\" decoding=\"async\" class=\"alignnone wp-image-13857\" style=\"background-color: #ffffff;\" src=\"http:\/\/nicaragua-travel-guide.com\/site\/wp-content\/uploads\/2016\/07\/comidhotelcolonialdesayuno.jpg\" alt=\"comidhotelcolonialdesayuno\" width=\"251\" height=\"251\" \/><\/td>\n<td style=\"height: 35px; width: 233px;\"><img loading=\"lazy\" decoding=\"async\" class=\"alignnone wp-image-13862\" style=\"background-color: #ffffff;\" src=\"http:\/\/nicaragua-travel-guide.com\/site\/wp-content\/uploads\/2016\/07\/hotelcolonialcorredor.jpg\" alt=\"hotelcolonialcorredor\" width=\"241\" height=\"241\" \/><\/td>\n<\/tr>\n<\/tbody>\n<\/table>\n<\/td>\n<\/tr>\n<tr>\n<td style=\"width: 26px;\" colspan=\"3\" align=\"center\" valign=\"top\" bgcolor=\"#0033FF\" height=\"194\">\n<table style=\"width: 978px; height: 256px;\" border=\"0\">\n<tbody>\n<tr>\n<td style=\"width: 227.3333282470703px;\"><img loading=\"lazy\" decoding=\"async\" class=\"wp-image-13866 alignnone\" style=\"background-color: #ffffff;\" src=\"http:\/\/nicaragua-travel-guide.com\/site\/wp-content\/uploads\/2016\/07\/hotelcolonialsuit.jpg\" alt=\"hotelcolonialsuit\" width=\"237\" height=\"237\" \/><\/td>\n<td style=\"width: 243.3333282470703px;\"><img loading=\"lazy\" decoding=\"async\" class=\"wp-image-13861 aligncenter\" style=\"background-color: #ffffff;\" src=\"http:\/\/nicaragua-travel-guide.com\/site\/wp-content\/uploads\/2016\/07\/hotelcolonialsuite.jpg\" alt=\"hotelcolonialsuite\" width=\"233\" height=\"233\" \/><\/td>\n<td style=\"width: 235.3333282470703px;\"><img loading=\"lazy\" decoding=\"async\" class=\"wp-image-13865 aligncenter\" style=\"background-color: #ffffff;\" src=\"http:\/\/nicaragua-travel-guide.com\/site\/wp-content\/uploads\/2016\/07\/hotelcolonialsaladehabit.jpg\" alt=\"hotelcolonialsaladehabit\" width=\"224\" height=\"224\" \/><\/td>\n<td style=\"width: 239.3333282470703px;\"><img loading=\"lazy\" decoding=\"async\" class=\"wp-image-13863 aligncenter\" style=\"background-color: #ffffff;\" src=\"http:\/\/nicaragua-travel-guide.com\/site\/wp-content\/uploads\/2016\/07\/hotelcolonialjacuzi.jpg\" alt=\"hotelcolonialjacuzi\" width=\"224\" height=\"224\" \/><\/td>\n<\/tr>\n<\/tbody>\n<\/table>\n<\/td>\n<\/tr>\n<tr>\n<td style=\"width: 26px;\" colspan=\"3\" bgcolor=\"#FFFFFF\">Precios<\/td>\n<\/tr>\n<tr>\n<td style=\"width: 26px;\" colspan=\"3\">\n<div>\n<table style=\"width: 982px;\" border=\"0\" summary=\"overview of the room prices and amenities\" cellspacing=\"0\" cellpadding=\"5\">\n<tbody>\n<tr style=\"height: 22px;\">\n<td style=\"width: 158px; height: 22px;\" bgcolor=\"#0000FF\">Tipo<\/td>\n<td style=\"width: 88px; height: 22px;\" bgcolor=\"#0000FF\">Precios<\/td>\n<td style=\"width: 86px; height: 22px;\" bgcolor=\"#0000FF\">Hu\u00e9spedes<\/td>\n<td style=\"width: 622px; height: 22px;\" bgcolor=\"#0000FF\">Comodidades<\/td>\n<\/tr>\n<tr style=\"height: 22px;\">\n<td style=\"width: 158px; height: 22px;\" bgcolor=\"#FFFFFF\">Habitaci\u00f3n Sencilla<\/td>\n<td style=\"width: 88px; height: 22px;\" bgcolor=\"#FFFFFF\">US$69.00<\/td>\n<td style=\"width: 86px; height: 22px;\" bgcolor=\"#FFFFFF\">1<\/td>\n<td style=\"width: 622px; height: 22px;\" bgcolor=\"#FFFFFF\">A\/A, Abanico, TV, Ba\u00f1o Privado<\/td>\n<\/tr>\n<tr style=\"height: 22px;\">\n<td style=\"width: 158px; height: 22px;\" bgcolor=\"#FFFFFF\">Habitaci\u00f3n Doble<\/td>\n<td style=\"width: 88px; height: 22px;\" bgcolor=\"#FFFFFF\">US$86.25<\/td>\n<td style=\"width: 86px; height: 22px;\" bgcolor=\"#FFFFFF\">2<\/td>\n<td style=\"width: 622px; height: 22px;\" bgcolor=\"#FFFFFF\">A\/A, Abanico, TV, Ba\u00f1o Privado<\/td>\n<\/tr>\n<tr style=\"height: 22px;\">\n<td style=\"width: 954px; height: 22px;\" colspan=\"4\" bgcolor=\"#0000FF\">\u00a0\u00a0\u00a0\u00a0<strong>Los precios ya incluyen impuesto. Los precios pueden variar por temporada.<\/strong><\/td>\n<\/tr>\n<\/tbody>\n<\/table>\n<\/div>\n<\/td>\n<\/tr>\n<tr>\n<td style=\"width: 26px;\" colspan=\"3\" bgcolor=\"#FFFFFF\">Por mayor informaci\u00f3n y reservacion <a href=\"http:\/\/nicaragua-travel-guide.com\/site\/contactanos\/\"><strong>Contactarnos<\/strong><\/a><\/td>\n<\/tr>\n<\/tbody>\n<\/table>\n<p>&nbsp;<\/p>\n","protected":false},"excerpt":{"rendered":"<p>Hotel Colonial Descripci\u00f3n: &nbsp; Instalado en una casona de estilo colonial a unos pasos del parque central de la ciudad de Granada, el Hotel Colonial es un lugar base para explorar el departamento y el resto del pa\u00eds. Este Hotel tiene personal biling\u00fce y las comodidades de un hotel de 4 estrellas. El hotel posee [&hellip;]<\/p>\n","protected":false},"author":2,"featured_media":0,"parent":0,"menu_order":0,"comment_status":"closed","ping_status":"closed","template":"","meta":{"footnotes":""},"_links":{"self":[{"href":"https:\/\/nicaragua-travel-guide.com\/site\/wp-json\/wp\/v2\/pages\/7816"}],"collection":[{"href":"https:\/\/nicaragua-travel-guide.com\/site\/wp-json\/wp\/v2\/pages"}],"about":[{"href":"https:\/\/nicaragua-travel-guide.com\/site\/wp-json\/wp\/v2\/types\/page"}],"author":[{"embeddable":true,"href":"https:\/\/nicaragua-travel-guide.com\/site\/wp-json\/wp\/v2\/users\/2"}],"replies":[{"embeddable":true,"href":"https:\/\/nicaragua-travel-guide.com\/site\/wp-json\/wp\/v2\/comments?post=7816"}],"version-history":[{"count":6,"href":"https:\/\/nicaragua-travel-guide.com\/site\/wp-json\/wp\/v2\/pages\/7816\/revisions"}],"predecessor-version":[{"id":13870,"href":"https:\/\/nicaragua-travel-guide.com\/site\/wp-json\/wp\/v2\/pages\/7816\/revisions\/13870"}],"wp:attachment":[{"href":"https:\/\/nicaragua-travel-guide.com\/site\/wp-json\/wp\/v2\/media?parent=7816"}],"curies":[{"name":"wp","href":"https:\/\/api.w.org\/{rel}","templated":true}]}}