{"id":7818,"date":"2016-07-26T18:19:15","date_gmt":"2016-07-26T18:19:15","guid":{"rendered":"http:\/\/nicaragua-travel-guide.com\/site\/?page_id=7818"},"modified":"2016-11-07T18:43:34","modified_gmt":"2016-11-07T18:43:34","slug":"granada-hotel-el-patio-del-malinche","status":"publish","type":"page","link":"https:\/\/nicaragua-travel-guide.com\/site\/granada-hotel-el-patio-del-malinche\/","title":{"rendered":"Granada Hotel \u00abEl Patio del Malinche\u00bb"},"content":{"rendered":"<table style=\"width: 1064.666748046875px;\" border=\"0\">\n<tbody>\n<tr style=\"height: 347px;\">\n<td style=\"width: 391px; height: 347px;\" valign=\"top\" bgcolor=\"#FFCC00\">&nbsp;<\/p>\n<p>&nbsp;<\/p>\n<p>&nbsp;<\/p>\n<p>&nbsp;<\/p>\n<p><img loading=\"lazy\" decoding=\"async\" class=\"wp-image-13876 aligncenter\" style=\"background-color: #ffffff;\" src=\"http:\/\/nicaragua-travel-guide.com\/site\/wp-content\/uploads\/2016\/07\/hotelpatiodelmalinchelogo.jpg\" alt=\"hotelpatiodelmalinchelogo\" width=\"363\" height=\"89\" \/><\/td>\n<td style=\"width: 648.666748046875px; height: 347px;\" valign=\"top\" bgcolor=\"#FFFFFF\"><img loading=\"lazy\" decoding=\"async\" class=\"wp-image-13873 alignleft\" src=\"http:\/\/nicaragua-travel-guide.com\/site\/wp-content\/uploads\/2016\/07\/hotelpatiodelmalinchebalcon.jpg\" alt=\"hotelpatiodelmalinchebalcon\" width=\"657\" height=\"437\" srcset=\"https:\/\/nicaragua-travel-guide.com\/site\/wp-content\/uploads\/2016\/07\/hotelpatiodelmalinchebalcon.jpg 275w, https:\/\/nicaragua-travel-guide.com\/site\/wp-content\/uploads\/2016\/07\/hotelpatiodelmalinchebalcon-180x120.jpg 180w\" sizes=\"(max-width: 657px) 100vw, 657px\" \/><\/td>\n<\/tr>\n<tr style=\"height: 347px;\">\n<td style=\"width: 391px; height: 347px;\" valign=\"top\" bgcolor=\"#FFCC00\"><strong>Descripci\u00f3n:<\/strong><\/p>\n<p>&nbsp;<\/p>\n<p>&nbsp;<\/p>\n<p>&nbsp;<\/p>\n<p>Hotel El Patio del Malinche es el resultado de la restauraci\u00f3n de una antigua casona colonial en la que se ha combinado el estilo propio de las casas granadinas con todas las comodidades de un hotel (piscina, Internet wireless, aire acondicionado, entre otros).<\/p>\n<p>&nbsp;<\/p>\n<p>&nbsp;<\/p>\n<p>&nbsp;<\/p>\n<p>El local dispone de dos amplios patios interiores. Uno de ellos es totalmente colonial y permite disfrutar de la calma y tranquilidad del lugar. El segundo incluye una piscina e invita a un fresco descanso saboreando un jugo de fruta natural o un \u201cCoctel Malinche\u201d (especialidad de la casa).<\/p>\n<p>&nbsp;<\/p>\n<p>&nbsp;<\/p>\n<p>&nbsp;<\/p>\n<p>La c\u00e9ntrica ubicaci\u00f3n del hotel permite a los hu\u00e9spedes desplazarse f\u00e1cilmente a todos los lugares de inter\u00e9s de la ciudad de Granada.<\/p>\n<p>&nbsp;<\/p>\n<p>&nbsp;<\/p>\n<p>El precio incluye un desayuno a la carta, acompa\u00f1ado de jugos de fruta natural. Todas las habitaciones est\u00e1n equipadas con cajas de seguridad.<\/td>\n<td style=\"width: 648.666748046875px; height: 347px;\" valign=\"top\" bgcolor=\"#FFFFFF\">\n<table style=\"height: 454px; width: 649px;\">\n<tbody>\n<tr>\n<td style=\"width: 306.3333740234375px;\"><img loading=\"lazy\" decoding=\"async\" class=\"wp-image-13872 aligncenter\" src=\"http:\/\/nicaragua-travel-guide.com\/site\/wp-content\/uploads\/2016\/07\/hotelpatiodelmainchedesayuno.jpg\" alt=\"hotelpatiodelmainchedesayuno\" width=\"267\" height=\"211\" \/><\/td>\n<td style=\"width: 344.6666259765625px;\"><img loading=\"lazy\" decoding=\"async\" class=\" wp-image-13874 aligncenter\" src=\"http:\/\/nicaragua-travel-guide.com\/site\/wp-content\/uploads\/2016\/07\/hotelpatiodelmalinchemesa.jpg\" alt=\"hotelpatiodelmalinchemesa\" width=\"329\" height=\"212\" \/><\/td>\n<\/tr>\n<tr>\n<td style=\"width: 306.3333740234375px;\">Desayuno<\/td>\n<td style=\"width: 344.6666259765625px;\">Corredor Interior<\/td>\n<\/tr>\n<tr>\n<td style=\"width: 306.3333740234375px;\"><img loading=\"lazy\" decoding=\"async\" class=\"wp-image-13875 aligncenter\" src=\"http:\/\/nicaragua-travel-guide.com\/site\/wp-content\/uploads\/2016\/07\/hotelpatiodelmalincheflor.jpg\" alt=\"hotelpatiodelmalincheflor\" width=\"289\" height=\"195\" \/><\/td>\n<td style=\"width: 344.6666259765625px;\"><img loading=\"lazy\" decoding=\"async\" class=\" wp-image-13871 aligncenter\" src=\"http:\/\/nicaragua-travel-guide.com\/site\/wp-content\/uploads\/2016\/07\/hotelpatiodelmalinchedoscamas.jpg\" alt=\"hotelpatiodelmalinchedoscamas\" width=\"306\" height=\"203\" srcset=\"https:\/\/nicaragua-travel-guide.com\/site\/wp-content\/uploads\/2016\/07\/hotelpatiodelmalinchedoscamas.jpg 276w, https:\/\/nicaragua-travel-guide.com\/site\/wp-content\/uploads\/2016\/07\/hotelpatiodelmalinchedoscamas-180x120.jpg 180w\" sizes=\"(max-width: 306px) 100vw, 306px\" \/><\/td>\n<\/tr>\n<tr>\n<td style=\"width: 306.3333740234375px;\">La Piscina en el patio<\/td>\n<td style=\"width: 344.6666259765625px;\">Habitaciones<\/td>\n<\/tr>\n<\/tbody>\n<\/table>\n<\/td>\n<\/tr>\n<tr style=\"height: 15.3333740234375px;\">\n<td style=\"width: 1039.666748046875px; height: 15.3333740234375px;\" colspan=\"2\" valign=\"top\" bgcolor=\"#FFCC00\">\n<table style=\"width: 1057.666748046875px;\" border=\"0\" summary=\"overview of the room prices and amenities\" cellspacing=\"0\" cellpadding=\"5\">\n<tbody>\n<tr style=\"height: 4px;\">\n<td style=\"width: 973.666748046875px; height: 4px;\" colspan=\"4\" bgcolor=\"#FF6600\"><strong>Ver tabla de precios<\/strong><\/td>\n<\/tr>\n<tr style=\"height: 32px;\">\n<td style=\"width: 206px; height: 32px;\" bgcolor=\"#FF6600\">Tipo<\/td>\n<td style=\"width: 98px; height: 32px;\" bgcolor=\"#FF6600\">Precios<\/td>\n<td style=\"width: 94px; height: 32px;\" bgcolor=\"#FF6600\">Hu\u00e9spedes<\/td>\n<td style=\"width: 575.666748046875px; height: 32px;\" bgcolor=\"#FF6600\">Comodidades<\/td>\n<\/tr>\n<tr style=\"height: 22px;\">\n<td style=\"width: 206px; height: 22px;\" bgcolor=\"#FFCC66\">Habitaci\u00f3n Sencilla<\/td>\n<td style=\"width: 98px; height: 22px;\" bgcolor=\"#FFCC66\">US$66.00<\/td>\n<td style=\"width: 94px; height: 22px;\" bgcolor=\"#FFCC66\">1<\/td>\n<td style=\"width: 575.666748046875px; height: 22px;\" bgcolor=\"#FFCC66\">A\/A, Abanico, TV, Ba\u00f1o Privado, Agua Caliente, Desayuno Incluido<\/td>\n<\/tr>\n<tr style=\"height: 22px;\">\n<td style=\"width: 206px; height: 22px;\" bgcolor=\"#FF6600\">Habitaci\u00f3n Doble<\/td>\n<td style=\"width: 98px; height: 22px;\" bgcolor=\"#FF6600\">US$83.00<\/td>\n<td style=\"width: 94px; height: 22px;\" bgcolor=\"#FF6600\">2<\/td>\n<td style=\"width: 575.666748046875px; height: 22px;\" bgcolor=\"#FF6600\">A\/A, Abanico, TV, Ba\u00f1o Privado, Agua Caliente, Desayuno Incluido<\/td>\n<\/tr>\n<tr style=\"height: 22px;\">\n<td style=\"width: 206px; height: 22px;\" bgcolor=\"#FFCC66\">Habitaci\u00f3n Triple<\/td>\n<td style=\"width: 98px; height: 22px;\" bgcolor=\"#FFCC66\">US$98.00<\/td>\n<td style=\"width: 94px; height: 22px;\" bgcolor=\"#FFCC66\">3<\/td>\n<td style=\"width: 575.666748046875px; height: 22px;\" bgcolor=\"#FFCC66\">A\/A, Abanico, TV, Ba\u00f1o Privado, Agua Caliente, Desayuno Incluido<\/td>\n<\/tr>\n<tr style=\"height: 9px;\">\n<td style=\"width: 973.666748046875px; height: 9px;\" colspan=\"4\" bgcolor=\"#FF6600\"><strong>Los precios ya incluyen impuesto.<\/strong><strong> Los precios pueden variar por temporada.<\/strong><\/td>\n<\/tr>\n<tr style=\"height: 7px;\">\n<td style=\"width: 973.666748046875px; height: 7px;\" colspan=\"4\" bgcolor=\"#FF6600\">\n<table style=\"width: 1033.59px;\" border=\"0\">\n<tbody>\n<tr>\n<td style=\"width: 499px;\" bgcolor=\"#FFCC33\" height=\"35\">Por mayor informaci\u00f3n y reservacion <b>\u00a0<a href=\"http:\/\/nicaragua-travel-guide.com\/site\/contactanos\/\">Contactarnos<\/a><\/b><\/td>\n<td style=\"width: 532.587px;\" bgcolor=\"#FFCC33\"><b>&lt;&lt; Donde dormir en Granada y Reservar<\/b><\/td>\n<\/tr>\n<\/tbody>\n<\/table>\n<\/td>\n<\/tr>\n<\/tbody>\n<\/table>\n<\/td>\n<\/tr>\n<\/tbody>\n<\/table>\n","protected":false},"excerpt":{"rendered":"<p>&nbsp; &nbsp; &nbsp; &nbsp; Descripci\u00f3n: &nbsp; &nbsp; &nbsp; Hotel El Patio del Malinche es el resultado de la restauraci\u00f3n de una antigua casona colonial en la que se ha combinado el estilo propio de las casas granadinas con todas las comodidades de un hotel (piscina, Internet wireless, aire acondicionado, entre otros). &nbsp; &nbsp; &nbsp; El [&hellip;]<\/p>\n","protected":false},"author":2,"featured_media":0,"parent":0,"menu_order":0,"comment_status":"closed","ping_status":"closed","template":"","meta":{"footnotes":""},"_links":{"self":[{"href":"https:\/\/nicaragua-travel-guide.com\/site\/wp-json\/wp\/v2\/pages\/7818"}],"collection":[{"href":"https:\/\/nicaragua-travel-guide.com\/site\/wp-json\/wp\/v2\/pages"}],"about":[{"href":"https:\/\/nicaragua-travel-guide.com\/site\/wp-json\/wp\/v2\/types\/page"}],"author":[{"embeddable":true,"href":"https:\/\/nicaragua-travel-guide.com\/site\/wp-json\/wp\/v2\/users\/2"}],"replies":[{"embeddable":true,"href":"https:\/\/nicaragua-travel-guide.com\/site\/wp-json\/wp\/v2\/comments?post=7818"}],"version-history":[{"count":17,"href":"https:\/\/nicaragua-travel-guide.com\/site\/wp-json\/wp\/v2\/pages\/7818\/revisions"}],"predecessor-version":[{"id":13879,"href":"https:\/\/nicaragua-travel-guide.com\/site\/wp-json\/wp\/v2\/pages\/7818\/revisions\/13879"}],"wp:attachment":[{"href":"https:\/\/nicaragua-travel-guide.com\/site\/wp-json\/wp\/v2\/media?parent=7818"}],"curies":[{"name":"wp","href":"https:\/\/api.w.org\/{rel}","templated":true}]}}