{"id":7820,"date":"2016-07-26T18:23:08","date_gmt":"2016-07-26T18:23:08","guid":{"rendered":"http:\/\/nicaragua-travel-guide.com\/site\/?page_id=7820"},"modified":"2016-11-28T20:01:36","modified_gmt":"2016-11-28T20:01:36","slug":"granada-bar-restaurante-la-gran-francia-evento-especial","status":"publish","type":"page","link":"https:\/\/nicaragua-travel-guide.com\/site\/granada-bar-restaurante-la-gran-francia-evento-especial\/","title":{"rendered":"Granada \u00abBar &#038;  Restaurante La Gran Francia\u00bb Evento especial"},"content":{"rendered":"<table style=\"width: 965.6666870117188px;\" border=\"0\">\n<tbody>\n<tr style=\"height: 15px;\">\n<td style=\"height: 15px; width: 958.6666870117188px;\"><img loading=\"lazy\" decoding=\"async\" class=\" wp-image-14173 aligncenter\" src=\"http:\/\/nicaragua-travel-guide.com\/site\/wp-content\/uploads\/2016\/07\/granada-restaurante-y-bar-la-gran-francia.jpg\" alt=\"granada-restaurante-y-bar-la-gran-francia\" width=\"1373\" height=\"481\" \/><\/td>\n<\/tr>\n<tr style=\"height: 22px;\">\n<td style=\"height: 22px; width: 958.6666870117188px;\" bgcolor=\"#993300\"><strong>Restaurante La Gran Francia ofrece comida a la carta<\/strong><\/td>\n<\/tr>\n<tr style=\"height: 113px;\">\n<td style=\"height: 113px; width: 958.6666870117188px;\">Realizamos eventos como bodas, quince a\u00f1os, almuerzo reuniones de negocios, seminarios, o cualquier otro evento en nuestro amplio y elegante Sal\u00f3n Pablo Antonio Cuadra, con capacidad para 100 personas.<\/p>\n<p>Perm\u00edtanos planificar un \u201cevento inolvidable con el encanto de nuestro pasado.\u201d<\/td>\n<\/tr>\n<tr style=\"height: 22px;\">\n<td style=\"height: 22px; width: 958.6666870117188px;\" bgcolor=\"#993300\">Por mayor informaci\u00f3n y reservacion <b>\u00a0<a href=\"http:\/\/nicaragua-travel-guide.com\/site\/contactanos\/\">Contactarnos<\/a><\/b><\/td>\n<\/tr>\n<\/tbody>\n<\/table>\n","protected":false},"excerpt":{"rendered":"<p>Restaurante La Gran Francia ofrece comida a la carta Realizamos eventos como bodas, quince a\u00f1os, almuerzo reuniones de negocios, seminarios, o cualquier otro evento en nuestro amplio y elegante Sal\u00f3n Pablo Antonio Cuadra, con capacidad para 100 personas. Perm\u00edtanos planificar un \u201cevento inolvidable con el encanto de nuestro pasado.\u201d Por mayor informaci\u00f3n y reservacion \u00a0Contactarnos<\/p>\n","protected":false},"author":2,"featured_media":0,"parent":0,"menu_order":0,"comment_status":"closed","ping_status":"closed","template":"","meta":{"footnotes":""},"_links":{"self":[{"href":"https:\/\/nicaragua-travel-guide.com\/site\/wp-json\/wp\/v2\/pages\/7820"}],"collection":[{"href":"https:\/\/nicaragua-travel-guide.com\/site\/wp-json\/wp\/v2\/pages"}],"about":[{"href":"https:\/\/nicaragua-travel-guide.com\/site\/wp-json\/wp\/v2\/types\/page"}],"author":[{"embeddable":true,"href":"https:\/\/nicaragua-travel-guide.com\/site\/wp-json\/wp\/v2\/users\/2"}],"replies":[{"embeddable":true,"href":"https:\/\/nicaragua-travel-guide.com\/site\/wp-json\/wp\/v2\/comments?post=7820"}],"version-history":[{"count":12,"href":"https:\/\/nicaragua-travel-guide.com\/site\/wp-json\/wp\/v2\/pages\/7820\/revisions"}],"predecessor-version":[{"id":14174,"href":"https:\/\/nicaragua-travel-guide.com\/site\/wp-json\/wp\/v2\/pages\/7820\/revisions\/14174"}],"wp:attachment":[{"href":"https:\/\/nicaragua-travel-guide.com\/site\/wp-json\/wp\/v2\/media?parent=7820"}],"curies":[{"name":"wp","href":"https:\/\/api.w.org\/{rel}","templated":true}]}}