{"id":7827,"date":"2016-07-26T18:28:14","date_gmt":"2016-07-26T18:28:14","guid":{"rendered":"http:\/\/nicaragua-travel-guide.com\/site\/?page_id=7827"},"modified":"2016-11-28T19:34:11","modified_gmt":"2016-11-28T19:34:11","slug":"granada-bar-restaurante-grill-house","status":"publish","type":"page","link":"https:\/\/nicaragua-travel-guide.com\/site\/granada-bar-restaurante-grill-house\/","title":{"rendered":"Granada Bar &#038; Restaurante \u00abGrill House\u00bb"},"content":{"rendered":"<table style=\"width: 1050.3333740234375px;\" border=\"0\">\n<tbody>\n<tr>\n<td style=\"width: 1035.3333740234375px;\" colspan=\"2\" bgcolor=\"#CCCC99\"><img loading=\"lazy\" decoding=\"async\" class=\"wp-image-14156 aligncenter\" src=\"http:\/\/nicaragua-travel-guide.com\/site\/wp-content\/uploads\/2016\/07\/granada-restaurante-Grill-House.jpg\" alt=\"granada-restaurante-grill-house\" width=\"1043\" height=\"365\" \/><\/td>\n<\/tr>\n<tr>\n<td style=\"width: 1035.3333740234375px;\" colspan=\"2\" bgcolor=\"#990000\">Bar y Restaurante Grill House<\/td>\n<\/tr>\n<tr>\n<td style=\"width: 1035.3333740234375px;\" colspan=\"2\" bgcolor=\"#006633\">Descripci\u00f3n<\/td>\n<\/tr>\n<tr>\n<td style=\"width: 1035.3333740234375px;\" colspan=\"2\" bgcolor=\"#990000\">Ubicado en la viva Calle La Calzada de la ciudad de Granada, el bar y restaurante Grill House ofrece un men\u00fa especializado en parrilladas: carnes, chorizos especiales o nicas y parrilladas mixtas; adem\u00e1s de cervezas, variados cocktailes y bebidas nacionales y extranjeras.<\/p>\n<p>Grill House se encuentra en una casa colonial con jard\u00edn y fuente central, y cuenta con una barra en la sala principal. Se atienden eventos especiales, tanto dentro como fuera del local.<\/td>\n<\/tr>\n<tr>\n<td style=\"width: 547px;\" bgcolor=\"#006633\">Por Mayor Informaci\u00f3n y Reservacion <a href=\"http:\/\/nicaragua-travel-guide.com\/site\/contactanos\/\"><strong>Contactarnos<\/strong><\/a><\/td>\n<td style=\"width: 488.3333740234375px;\" bgcolor=\"#006633\">Ver Menu<\/td>\n<\/tr>\n<tr>\n<td style=\"width: 547px;\" bgcolor=\"#006633\"><a href=\"http:\/\/www.nicaragua-travel-guide.com\/granada.html\">&lt;&lt; Volver a Granada<\/a><\/td>\n<td style=\"width: 488.3333740234375px;\" bgcolor=\"#006633\"><a href=\"http:\/\/www.nicaragua-travel-guide.com\/dondecomerybeberengranada.html\">&lt;&lt; Donde comer y beber en Granada y sus alrededores<\/a><\/td>\n<\/tr>\n<\/tbody>\n<\/table>\n","protected":false},"excerpt":{"rendered":"<p>Bar y Restaurante Grill House Descripci\u00f3n Ubicado en la viva Calle La Calzada de la ciudad de Granada, el bar y restaurante Grill House ofrece un men\u00fa especializado en parrilladas: carnes, chorizos especiales o nicas y parrilladas mixtas; adem\u00e1s de cervezas, variados cocktailes y bebidas nacionales y extranjeras. Grill House se encuentra en una casa [&hellip;]<\/p>\n","protected":false},"author":2,"featured_media":0,"parent":0,"menu_order":0,"comment_status":"closed","ping_status":"closed","template":"","meta":{"footnotes":""},"_links":{"self":[{"href":"https:\/\/nicaragua-travel-guide.com\/site\/wp-json\/wp\/v2\/pages\/7827"}],"collection":[{"href":"https:\/\/nicaragua-travel-guide.com\/site\/wp-json\/wp\/v2\/pages"}],"about":[{"href":"https:\/\/nicaragua-travel-guide.com\/site\/wp-json\/wp\/v2\/types\/page"}],"author":[{"embeddable":true,"href":"https:\/\/nicaragua-travel-guide.com\/site\/wp-json\/wp\/v2\/users\/2"}],"replies":[{"embeddable":true,"href":"https:\/\/nicaragua-travel-guide.com\/site\/wp-json\/wp\/v2\/comments?post=7827"}],"version-history":[{"count":8,"href":"https:\/\/nicaragua-travel-guide.com\/site\/wp-json\/wp\/v2\/pages\/7827\/revisions"}],"predecessor-version":[{"id":14158,"href":"https:\/\/nicaragua-travel-guide.com\/site\/wp-json\/wp\/v2\/pages\/7827\/revisions\/14158"}],"wp:attachment":[{"href":"https:\/\/nicaragua-travel-guide.com\/site\/wp-json\/wp\/v2\/media?parent=7827"}],"curies":[{"name":"wp","href":"https:\/\/api.w.org\/{rel}","templated":true}]}}