{"id":7829,"date":"2016-07-26T18:29:25","date_gmt":"2016-07-26T18:29:25","guid":{"rendered":"http:\/\/nicaragua-travel-guide.com\/site\/?page_id=7829"},"modified":"2016-11-28T19:40:28","modified_gmt":"2016-11-28T19:40:28","slug":"granada-bar-restaurante-el-nectar","status":"publish","type":"page","link":"https:\/\/nicaragua-travel-guide.com\/site\/granada-bar-restaurante-el-nectar\/","title":{"rendered":"Granada Bar &#038; Restaurante \u00abNectar\u00bb"},"content":{"rendered":"<table style=\"width: 904.3333740234375px;\" border=\"0\">\n<tbody>\n<tr style=\"height: 19px;\">\n<td style=\"height: 19px; width: 900.3333740234375px;\" bgcolor=\"#FFFFFF\"><img loading=\"lazy\" decoding=\"async\" class=\"wp-image-14159 aligncenter\" src=\"http:\/\/nicaragua-travel-guide.com\/site\/wp-content\/uploads\/2016\/07\/granada-restaurante-y-bar-el-nectar.jpg\" alt=\"granada-restaurante-y-bar-el-nectar\" width=\"1003\" height=\"351\" \/><\/td>\n<\/tr>\n<tr style=\"height: 151px;\">\n<td style=\"height: 151px; width: 900.3333740234375px; background-color: #ffffff; border-color: #c4c4c4;\" bgcolor=\"#FFCC33\"><strong>Cocina:<\/strong>\u00a0Internacional<\/p>\n<p>Bebidas, Tragos y C\u00f3cteles: Nacionales e internacionales<\/p>\n<p>La especialidad del c\u00f3ctel nacional El Macu\u00e1.<\/p>\n<p>Opcion:\u00a0 Abierto por el medio d\u00eda y por la noche para cenar.<\/td>\n<\/tr>\n<tr style=\"height: 22px;\">\n<td style=\"height: 22px; width: 900.3333740234375px; background-color: #f7cbf5;\" bgcolor=\"#FF9999\">Por mayor informaci\u00f3n y reservacion \u00a0<a href=\"http:\/\/nicaragua-travel-guide.com\/site\/contactanos\/\"><strong>Contactarnos<\/strong><\/a><\/td>\n<\/tr>\n<\/tbody>\n<\/table>\n","protected":false},"excerpt":{"rendered":"<p>Cocina:\u00a0Internacional Bebidas, Tragos y C\u00f3cteles: Nacionales e internacionales La especialidad del c\u00f3ctel nacional El Macu\u00e1. Opcion:\u00a0 Abierto por el medio d\u00eda y por la noche para cenar. Por mayor informaci\u00f3n y reservacion \u00a0Contactarnos<\/p>\n","protected":false},"author":2,"featured_media":0,"parent":0,"menu_order":0,"comment_status":"closed","ping_status":"closed","template":"","meta":{"footnotes":""},"_links":{"self":[{"href":"https:\/\/nicaragua-travel-guide.com\/site\/wp-json\/wp\/v2\/pages\/7829"}],"collection":[{"href":"https:\/\/nicaragua-travel-guide.com\/site\/wp-json\/wp\/v2\/pages"}],"about":[{"href":"https:\/\/nicaragua-travel-guide.com\/site\/wp-json\/wp\/v2\/types\/page"}],"author":[{"embeddable":true,"href":"https:\/\/nicaragua-travel-guide.com\/site\/wp-json\/wp\/v2\/users\/2"}],"replies":[{"embeddable":true,"href":"https:\/\/nicaragua-travel-guide.com\/site\/wp-json\/wp\/v2\/comments?post=7829"}],"version-history":[{"count":12,"href":"https:\/\/nicaragua-travel-guide.com\/site\/wp-json\/wp\/v2\/pages\/7829\/revisions"}],"predecessor-version":[{"id":14163,"href":"https:\/\/nicaragua-travel-guide.com\/site\/wp-json\/wp\/v2\/pages\/7829\/revisions\/14163"}],"wp:attachment":[{"href":"https:\/\/nicaragua-travel-guide.com\/site\/wp-json\/wp\/v2\/media?parent=7829"}],"curies":[{"name":"wp","href":"https:\/\/api.w.org\/{rel}","templated":true}]}}