{"id":7832,"date":"2016-07-26T18:31:25","date_gmt":"2016-07-26T18:31:25","guid":{"rendered":"http:\/\/nicaragua-travel-guide.com\/site\/?page_id=7832"},"modified":"2016-07-29T06:20:40","modified_gmt":"2016-07-29T06:20:40","slug":"granada-bar-y-restaurante-rodehos","status":"publish","type":"page","link":"https:\/\/nicaragua-travel-guide.com\/site\/granada-bar-y-restaurante-rodehos\/","title":{"rendered":"Granada Bar y Restaurante \u00abRodehos\u00bb"},"content":{"rendered":"<table border=\"0\" width=\"1012\">\n<tbody>\n<tr>\n<td bgcolor=\"#FFFFFF\" height=\"247\"><img loading=\"lazy\" decoding=\"async\" src=\"http:\/\/www.nicaragua-travel-guide.com\/imangenestres\/restauranteybarrodeosgranadauno.jpg\" width=\"330\" height=\"244\" \/><img loading=\"lazy\" decoding=\"async\" class=\"\" src=\"http:\/\/www.nicaragua-travel-guide.com\/imangenestres\/baryrestrodeospasillointerior.jpg\" width=\"322\" height=\"216\" \/><img loading=\"lazy\" decoding=\"async\" src=\"http:\/\/www.nicaragua-travel-guide.com\/imangenestres\/baryrestauranterodeounofachada.jpg\" width=\"330\" height=\"245\" \/><\/td>\n<\/tr>\n<tr>\n<td bgcolor=\"#0099FF\" height=\"21\">Rodeo Steak House &amp; Grill \u00a0 \u00a0ofrece:<\/td>\n<\/tr>\n<tr>\n<td bgcolor=\"#FFFFFF\" width=\"1006\" height=\"167\">\n<ul>\n<li>Bebidas<\/li>\n<\/ul>\n<ul>\n<li>Comidas\n<div id=\"apDiv3\"><img loading=\"lazy\" decoding=\"async\" src=\"http:\/\/www.nicaragua-travel-guide.com\/imangenestres\/baryrestauranterodeossalavipuno.jpg\" width=\"331\" height=\"227\" \/><\/div>\n<\/li>\n<\/ul>\n<ul>\n<li>Cervezas<\/li>\n<\/ul>\n<ul>\n<li>Licor Nacional y extranjero<\/li>\n<\/ul>\n<ul>\n<li>Cigarros nacionales y extranjeros<\/li>\n<\/ul>\n<ul>\n<li>C\u00f3cteles Nacionales e internacionales<\/li>\n<\/ul>\n<p>Tambi\u00e9n ofrecemos \u00e1rea de sal\u00f3n con aire acondicionado para 40 personas. Atendemos grupos y eventos especiales.<\/p>\n<p><strong>\u201cAceptamos todo tipo de tarjetas de Cr\u00e9ditos\u201d<\/strong><\/td>\n<\/tr>\n<tr>\n<td bgcolor=\"#0099FF\" height=\"21\">Por mayor informaci\u00f3n y reservacion \u00a0<a href=\"http:\/\/nicaragua-travel-guide.com\/site\/contactanos\/\"><strong>Contactarnos<\/strong><\/a><\/td>\n<\/tr>\n<\/tbody>\n<\/table>\n","protected":false},"excerpt":{"rendered":"<p>Rodeo Steak House &amp; Grill \u00a0 \u00a0ofrece: Bebidas Comidas Cervezas Licor Nacional y extranjero Cigarros nacionales y extranjeros C\u00f3cteles Nacionales e internacionales Tambi\u00e9n ofrecemos \u00e1rea de sal\u00f3n con aire acondicionado para 40 personas. Atendemos grupos y eventos especiales. \u201cAceptamos todo tipo de tarjetas de Cr\u00e9ditos\u201d Por mayor informaci\u00f3n y reservacion \u00a0Contactarnos<\/p>\n","protected":false},"author":2,"featured_media":0,"parent":0,"menu_order":0,"comment_status":"closed","ping_status":"closed","template":"","meta":{"footnotes":""},"_links":{"self":[{"href":"https:\/\/nicaragua-travel-guide.com\/site\/wp-json\/wp\/v2\/pages\/7832"}],"collection":[{"href":"https:\/\/nicaragua-travel-guide.com\/site\/wp-json\/wp\/v2\/pages"}],"about":[{"href":"https:\/\/nicaragua-travel-guide.com\/site\/wp-json\/wp\/v2\/types\/page"}],"author":[{"embeddable":true,"href":"https:\/\/nicaragua-travel-guide.com\/site\/wp-json\/wp\/v2\/users\/2"}],"replies":[{"embeddable":true,"href":"https:\/\/nicaragua-travel-guide.com\/site\/wp-json\/wp\/v2\/comments?post=7832"}],"version-history":[{"count":7,"href":"https:\/\/nicaragua-travel-guide.com\/site\/wp-json\/wp\/v2\/pages\/7832\/revisions"}],"predecessor-version":[{"id":8795,"href":"https:\/\/nicaragua-travel-guide.com\/site\/wp-json\/wp\/v2\/pages\/7832\/revisions\/8795"}],"wp:attachment":[{"href":"https:\/\/nicaragua-travel-guide.com\/site\/wp-json\/wp\/v2\/media?parent=7832"}],"curies":[{"name":"wp","href":"https:\/\/api.w.org\/{rel}","templated":true}]}}