{"id":7842,"date":"2016-07-26T18:40:25","date_gmt":"2016-07-26T18:40:25","guid":{"rendered":"http:\/\/nicaragua-travel-guide.com\/site\/?page_id=7842"},"modified":"2016-11-28T20:26:56","modified_gmt":"2016-11-28T20:26:56","slug":"granada-bar-restaurante-el-club","status":"publish","type":"page","link":"https:\/\/nicaragua-travel-guide.com\/site\/granada-bar-restaurante-el-club\/","title":{"rendered":"Granada Bar &#038; Restaurante \u00abEl Club\u00bb"},"content":{"rendered":"<p>&nbsp;<\/p>\n<table style=\"width: 990.3333740234375px;\" border=\"0\">\n<tbody>\n<tr style=\"height: 15px;\">\n<td style=\"height: 15px; width: 985.3333740234375px; text-align: left;\" colspan=\"2\" align=\"right\" bgcolor=\"#9999FF\"><span style=\"text-align: start; background-color: #6600ff;\"><img loading=\"lazy\" decoding=\"async\" class=\"wp-image-14186 alignnone\" style=\"background-color: #ffffff;\" src=\"http:\/\/nicaragua-travel-guide.com\/site\/wp-content\/uploads\/2016\/07\/granada-restaurante-y-bar-el-club.jpg\" alt=\"granada-restaurante-y-bar-el-club\" width=\"997\" height=\"349\" \/><br \/>\n<\/span><\/td>\n<\/tr>\n<tr style=\"height: 22px;\">\n<td style=\"height: 22px; width: 985.3333740234375px;\" colspan=\"2\" bgcolor=\"#6600FF\">Descripci\u00f3n:<\/td>\n<\/tr>\n<tr style=\"height: 88px;\">\n<td style=\"height: 113px; width: 556px;\" rowspan=\"2\" valign=\"top\" bgcolor=\"#9999FF\">El Club, localizado cerca del centro de la ciudad de Granada, dentro de una espaciosa casa colonial de techos altos, con verdes jardines y ambientes amplios y frescos .<\/p>\n<p>&nbsp;<\/p>\n<p>La especialidad de este establecimiento es su variado men\u00fa de platillos internacionales, de esta manera, los clientes podr\u00e1n degustar platillos de diferentes partes del mundo.<\/p>\n<p>&nbsp;<\/p>\n<p>En El Club siempre se sirve un \u201cplato del d\u00eda\u201d. Sin embargo, se pueden escoger otros platillos como tapas, pastas, pescados y seis tipos de caf\u00e9.<\/p>\n<p>&nbsp;<\/p>\n<p>&nbsp;<\/p>\n<p>El bar ofrece una variedad de bebidas nacionales e internacionles, entre las cuales figuran una gran gama de cocteles, vinos y champa\u00f1as.<\/p>\n<p>&nbsp;<\/p>\n<p>El ambiente de El Club est\u00e1 abierto y tiene una decoraci\u00f3n estilo colonial, con el objetivo de preservar el estilo arquitect\u00f3nico general de la ciudad de Granada.<\/td>\n<td style=\"height: 88px; width: 429.3333740234375px;\" bgcolor=\"#FFFFFF\"><img loading=\"lazy\" decoding=\"async\" class=\"wp-image-14182 aligncenter\" src=\"http:\/\/nicaragua-travel-guide.com\/site\/wp-content\/uploads\/2016\/07\/hotelclubsalon-1.jpg\" alt=\"hotelclubsalon\" width=\"456\" height=\"343\" \/><\/td>\n<\/tr>\n<tr style=\"height: 25px;\">\n<td style=\"height: 25px; width: 429.3333740234375px; text-align: center;\" bgcolor=\"#FFFFFF\">Ver Menu<\/td>\n<\/tr>\n<tr style=\"height: 26px;\">\n<td style=\"height: 26px; width: 985.3333740234375px;\" colspan=\"2\" valign=\"top\" bgcolor=\"#6600FF\">Por mayor informaci\u00f3n y reservacion <a href=\"http:\/\/nicaragua-travel-guide.com\/site\/contactanos\/\"><strong>Contactarnos<\/strong><\/a><\/td>\n<\/tr>\n<\/tbody>\n<\/table>\n","protected":false},"excerpt":{"rendered":"<p>&nbsp; Descripci\u00f3n: El Club, localizado cerca del centro de la ciudad de Granada, dentro de una espaciosa casa colonial de techos altos, con verdes jardines y ambientes amplios y frescos . &nbsp; La especialidad de este establecimiento es su variado men\u00fa de platillos internacionales, de esta manera, los clientes podr\u00e1n degustar platillos de diferentes partes [&hellip;]<\/p>\n","protected":false},"author":2,"featured_media":0,"parent":0,"menu_order":0,"comment_status":"closed","ping_status":"closed","template":"","meta":{"footnotes":""},"_links":{"self":[{"href":"https:\/\/nicaragua-travel-guide.com\/site\/wp-json\/wp\/v2\/pages\/7842"}],"collection":[{"href":"https:\/\/nicaragua-travel-guide.com\/site\/wp-json\/wp\/v2\/pages"}],"about":[{"href":"https:\/\/nicaragua-travel-guide.com\/site\/wp-json\/wp\/v2\/types\/page"}],"author":[{"embeddable":true,"href":"https:\/\/nicaragua-travel-guide.com\/site\/wp-json\/wp\/v2\/users\/2"}],"replies":[{"embeddable":true,"href":"https:\/\/nicaragua-travel-guide.com\/site\/wp-json\/wp\/v2\/comments?post=7842"}],"version-history":[{"count":9,"href":"https:\/\/nicaragua-travel-guide.com\/site\/wp-json\/wp\/v2\/pages\/7842\/revisions"}],"predecessor-version":[{"id":14188,"href":"https:\/\/nicaragua-travel-guide.com\/site\/wp-json\/wp\/v2\/pages\/7842\/revisions\/14188"}],"wp:attachment":[{"href":"https:\/\/nicaragua-travel-guide.com\/site\/wp-json\/wp\/v2\/media?parent=7842"}],"curies":[{"name":"wp","href":"https:\/\/api.w.org\/{rel}","templated":true}]}}