{"id":7844,"date":"2016-07-26T18:42:14","date_gmt":"2016-07-26T18:42:14","guid":{"rendered":"http:\/\/nicaragua-travel-guide.com\/site\/?page_id=7844"},"modified":"2016-07-29T06:01:03","modified_gmt":"2016-07-29T06:01:03","slug":"granada-bar-restaurante-el-tercer-ojo","status":"publish","type":"page","link":"https:\/\/nicaragua-travel-guide.com\/site\/granada-bar-restaurante-el-tercer-ojo\/","title":{"rendered":"Granada Bar &#038; Restaurante \u00abEl Tercer ojo\u00bb"},"content":{"rendered":"<table style=\"width: 1007px;\" border=\"0\">\n<tbody>\n<tr>\n<td style=\"width: 995px;\" colspan=\"2\" bgcolor=\"#FF3333\">\n<table border=\"0\" width=\"995\">\n<tbody>\n<tr>\n<td width=\"207\"><img loading=\"lazy\" decoding=\"async\" src=\"http:\/\/www.nicaragua-travel-guide.com\/imangenestres\/restauranteltercerojologo.jpg\" width=\"205\" height=\"246\" \/><\/td>\n<td width=\"482\"><img loading=\"lazy\" decoding=\"async\" src=\"http:\/\/www.nicaragua-travel-guide.com\/imangenestres\/restauranteltercerojofrente.jpg\" width=\"482\" height=\"249\" \/><\/td>\n<td width=\"292\"><img loading=\"lazy\" decoding=\"async\" src=\"http:\/\/www.nicaragua-travel-guide.com\/imangenestres\/restauranteltercerojo.jpg\" width=\"306\" height=\"248\" \/><\/td>\n<\/tr>\n<\/tbody>\n<\/table>\n<\/td>\n<\/tr>\n<tr>\n<td style=\"width: 995px;\" colspan=\"2\" bgcolor=\"#FF3333\">Bar y Restaurante El Tercer ojo<\/td>\n<\/tr>\n<tr>\n<td style=\"width: 995px;\" colspan=\"2\" bgcolor=\"#FF9900\">Descripci\u00f3n:<\/td>\n<\/tr>\n<tr>\n<td style=\"width: 995px;\" colspan=\"2\" bgcolor=\"#FF3300\">El Tercer Ojo est\u00e1 ubicado a los pies del Convento San Francisco, en la Calle Arsenal de la ciudad de Granada. El restaurante tiene una decoraci\u00f3n un tanto m\u00edstica, lo cual le da al local un ambiente agradable, \u00fanico y relajante.<\/p>\n<p>La cocina de El Tercer Ojo ofrece una mezcla de sabores aut\u00e9nticos provenientes de todo el mundo. Es una \u00abCocina Fusi\u00f3n\u00bb que incluye tapas espa\u00f1olas, platillos vegetarianos, crepas francesas, pastas italianas, sushi (todos los martes por la noche), cocina thai e hind\u00fa. Adem\u00e1s, se sirve una amplia variedad de licores y cocteles.<\/p>\n<p>El restaurante tambi\u00e9n posee un lounge bar lleno de sof\u00e1s y cojines de todos los tama\u00f1os en el que los clientes pueden disfrutar de la m\u00fasica en un ambiente de confort. Tambi\u00e9n hay juegos de mesa, libros, obras de arte, aroma de inciensos y diferentes fragancias.<\/p>\n<p>El Tercer Ojo tiene para sus clientes una biblioteca con obras en todos los idiomas, venta de libros y una tienda Delicatessen<\/p>\n<p>(Gourmet shop).<\/td>\n<\/tr>\n<tr bgcolor=\"#FF9933\">\n<td style=\"width: 995px;\" colspan=\"2\" bgcolor=\"#FF3300\">\n<table border=\"0\" width=\"1003\">\n<tbody>\n<tr>\n<td width=\"359\"><img loading=\"lazy\" decoding=\"async\" src=\"http:\/\/www.nicaragua-travel-guide.com\/imangenestres\/restauranteltercerojonoche.jpg\" width=\"358\" height=\"204\" \/><\/td>\n<td width=\"206\"><img loading=\"lazy\" decoding=\"async\" src=\"http:\/\/www.nicaragua-travel-guide.com\/imangenestres\/comirestauranteltercerojoensalada.jpg\" width=\"205\" height=\"204\" \/><\/td>\n<td width=\"260\"><img loading=\"lazy\" decoding=\"async\" src=\"http:\/\/www.nicaragua-travel-guide.com\/imangenestres\/comidrestauranteltercerojoplato.jpg\" width=\"259\" height=\"205\" \/><\/td>\n<td width=\"160\"><img loading=\"lazy\" decoding=\"async\" src=\"http:\/\/www.nicaragua-travel-guide.com\/imangenestres\/restauranteltercerojopatio.jpg\" width=\"162\" height=\"207\" \/><\/td>\n<\/tr>\n<\/tbody>\n<\/table>\n<\/td>\n<\/tr>\n<tr bgcolor=\"#FF9933\">\n<td style=\"width: 995px;\" colspan=\"2\" bgcolor=\"#FF6600\"><strong>Nota:<\/strong><\/td>\n<\/tr>\n<tr>\n<td style=\"width: 501.302px;\" rowspan=\"2\" bgcolor=\"#FF3300\">\n<ul>\n<li>Se aceptan tarjetas de cr\u00e9dito.<\/li>\n<li>Se sirve todos los d\u00edas, excepto los lunes.<\/li>\n<\/ul>\n<\/td>\n<td style=\"width: 493.698px;\" bgcolor=\"#FF3300\">Ver Menu<\/td>\n<\/tr>\n<tr>\n<td style=\"width: 493.698px;\" bgcolor=\"#FF3300\"><a href=\"http:\/\/www.nicaragua-travel-guide.com\/dondecomerybeberengranada.html\">&lt;&lt; Donde comer y beber en Granada y sus alrededores<\/a><\/td>\n<\/tr>\n<tr>\n<td style=\"width: 501.302px;\" bgcolor=\"#FF9933\">Por mayor informaci\u00f3n y reservacion \u00a0\u00a0<a href=\"http:\/\/nicaragua-travel-guide.com\/site\/contactanos\/\"><strong>Contactarnos<\/strong><\/a><\/td>\n<td style=\"width: 493.698px;\" bgcolor=\"#FF9933\"><a href=\"http:\/\/www.nicaragua-travel-guide.com\/granada.html\">&lt;&lt; Volver a Granada<\/a><\/td>\n<\/tr>\n<\/tbody>\n<\/table>\n","protected":false},"excerpt":{"rendered":"<p>Bar y Restaurante El Tercer ojo Descripci\u00f3n: El Tercer Ojo est\u00e1 ubicado a los pies del Convento San Francisco, en la Calle Arsenal de la ciudad de Granada. El restaurante tiene una decoraci\u00f3n un tanto m\u00edstica, lo cual le da al local un ambiente agradable, \u00fanico y relajante. La cocina de El Tercer Ojo ofrece [&hellip;]<\/p>\n","protected":false},"author":2,"featured_media":0,"parent":0,"menu_order":0,"comment_status":"closed","ping_status":"closed","template":"","meta":{"footnotes":""},"_links":{"self":[{"href":"https:\/\/nicaragua-travel-guide.com\/site\/wp-json\/wp\/v2\/pages\/7844"}],"collection":[{"href":"https:\/\/nicaragua-travel-guide.com\/site\/wp-json\/wp\/v2\/pages"}],"about":[{"href":"https:\/\/nicaragua-travel-guide.com\/site\/wp-json\/wp\/v2\/types\/page"}],"author":[{"embeddable":true,"href":"https:\/\/nicaragua-travel-guide.com\/site\/wp-json\/wp\/v2\/users\/2"}],"replies":[{"embeddable":true,"href":"https:\/\/nicaragua-travel-guide.com\/site\/wp-json\/wp\/v2\/comments?post=7844"}],"version-history":[{"count":5,"href":"https:\/\/nicaragua-travel-guide.com\/site\/wp-json\/wp\/v2\/pages\/7844\/revisions"}],"predecessor-version":[{"id":8774,"href":"https:\/\/nicaragua-travel-guide.com\/site\/wp-json\/wp\/v2\/pages\/7844\/revisions\/8774"}],"wp:attachment":[{"href":"https:\/\/nicaragua-travel-guide.com\/site\/wp-json\/wp\/v2\/media?parent=7844"}],"curies":[{"name":"wp","href":"https:\/\/api.w.org\/{rel}","templated":true}]}}