{"id":7846,"date":"2016-07-26T18:44:10","date_gmt":"2016-07-26T18:44:10","guid":{"rendered":"http:\/\/nicaragua-travel-guide.com\/site\/?page_id=7846"},"modified":"2016-07-29T06:33:13","modified_gmt":"2016-07-29T06:33:13","slug":"granada-bar-restaurante-nuestro-mundo","status":"publish","type":"page","link":"https:\/\/nicaragua-travel-guide.com\/site\/granada-bar-restaurante-nuestro-mundo\/","title":{"rendered":"Granada Bar &#038; Restaurante \u00abNuestro Mundo\u00bb"},"content":{"rendered":"<table border=\"0\" width=\"1016\">\n<tbody>\n<tr>\n<td bgcolor=\"#FFFFFF\"><img loading=\"lazy\" decoding=\"async\" class=\"\" src=\"http:\/\/www.nicaragua-travel-guide.com\/imangenestres\/barnuestromundogranada.jpg\" width=\"1010\" height=\"806\" \/><\/td>\n<\/tr>\n<tr>\n<td valign=\"top\" width=\"1010\">Bar y Restaurante Nuestro Mundo, contiguo de la Alcald\u00eda, Parque Central Granada<\/p>\n<p>Nuestro Mundo ofrece variedad de comidas nacionales e internacionales a la carta.<\/p>\n<p>El menu lleva platos completos, ensaladas, fajitas y burritos, pastas, sopas.<\/p>\n<p>Las hamburguesas son famosas, tambi\u00e9n hay s\u00e1ndwiches, boquitas, emparedados, postres.<\/p>\n<p>Tambi\u00e9n hay platos fuertes desde C$75 c\u00f3rdobas<\/p>\n<p>Tambi\u00e9n hay buffet, solo 60 c\u00f3rdobas<\/p>\n<p>bocas desde C$40 c\u00f3rdobas.<\/p>\n<p>Para beber hay c\u00f3cteles, jugos naturales, smoothies y mas<\/p>\n<p>Todo los d\u00edas de 12.00 a 3.00 pm<\/p>\n<p>y de 6.00 -9.00 pm, y en la tarde con un refresco gratis<br \/>\nEn Nuestro Mundo regulares hay conciertos, un DJ y otras fiestas.<\/p>\n<p>Hay habitaciones desde 20 dollar por noche por 2 a 3 personas por cuarto, incluido desayuno.<\/p>\n<p>La Casa antigua que tiene una historia larga, tiene dos plantas. Ambas con \u00e1reas de bar y restaurante, y en nuestra planta alta ofrecemos tambi\u00e9n mesas de pool, futbol\u00edn y tres balcones con excelente vista de la bella ciudad de Granada y el volc\u00e1n Mombacho.<\/td>\n<\/tr>\n<tr>\n<td bgcolor=\"#009900\">Por mayor informaci\u00f3n y reservacion <a href=\"http:\/\/nicaragua-travel-guide.com\/site\/contactanos\/\">\u00a0<strong>Contactarnos<\/strong><\/a><\/td>\n<\/tr>\n<\/tbody>\n<\/table>\n","protected":false},"excerpt":{"rendered":"<p>Bar y Restaurante Nuestro Mundo, contiguo de la Alcald\u00eda, Parque Central Granada Nuestro Mundo ofrece variedad de comidas nacionales e internacionales a la carta. El menu lleva platos completos, ensaladas, fajitas y burritos, pastas, sopas. Las hamburguesas son famosas, tambi\u00e9n hay s\u00e1ndwiches, boquitas, emparedados, postres. Tambi\u00e9n hay platos fuertes desde C$75 c\u00f3rdobas Tambi\u00e9n hay buffet, [&hellip;]<\/p>\n","protected":false},"author":2,"featured_media":0,"parent":0,"menu_order":0,"comment_status":"closed","ping_status":"closed","template":"","meta":{"footnotes":""},"_links":{"self":[{"href":"https:\/\/nicaragua-travel-guide.com\/site\/wp-json\/wp\/v2\/pages\/7846"}],"collection":[{"href":"https:\/\/nicaragua-travel-guide.com\/site\/wp-json\/wp\/v2\/pages"}],"about":[{"href":"https:\/\/nicaragua-travel-guide.com\/site\/wp-json\/wp\/v2\/types\/page"}],"author":[{"embeddable":true,"href":"https:\/\/nicaragua-travel-guide.com\/site\/wp-json\/wp\/v2\/users\/2"}],"replies":[{"embeddable":true,"href":"https:\/\/nicaragua-travel-guide.com\/site\/wp-json\/wp\/v2\/comments?post=7846"}],"version-history":[{"count":6,"href":"https:\/\/nicaragua-travel-guide.com\/site\/wp-json\/wp\/v2\/pages\/7846\/revisions"}],"predecessor-version":[{"id":8807,"href":"https:\/\/nicaragua-travel-guide.com\/site\/wp-json\/wp\/v2\/pages\/7846\/revisions\/8807"}],"wp:attachment":[{"href":"https:\/\/nicaragua-travel-guide.com\/site\/wp-json\/wp\/v2\/media?parent=7846"}],"curies":[{"name":"wp","href":"https:\/\/api.w.org\/{rel}","templated":true}]}}