{"id":7848,"date":"2016-07-26T18:45:38","date_gmt":"2016-07-26T18:45:38","guid":{"rendered":"http:\/\/nicaragua-travel-guide.com\/site\/?page_id=7848"},"modified":"2016-11-28T20:39:18","modified_gmt":"2016-11-28T20:39:18","slug":"granada-pizza-mona-lisa","status":"publish","type":"page","link":"https:\/\/nicaragua-travel-guide.com\/site\/granada-pizza-mona-lisa\/","title":{"rendered":"Granada \u00abPizza Mona Lisa\u00bb"},"content":{"rendered":"<table border=\"0\" width=\"1016\">\n<tbody>\n<tr style=\"height: 12.666667938232422px;\">\n<td style=\"height: 12.666667938232422px;\" width=\"1010\"><img loading=\"lazy\" decoding=\"async\" class=\"wp-image-14190 aligncenter\" src=\"http:\/\/nicaragua-travel-guide.com\/site\/wp-content\/uploads\/2016\/07\/granada-restaurante-pizza-mona-lisa.jpg\" alt=\"granada-restaurante-pizza-mona-lisa\" width=\"1464\" height=\"510\" \/><\/td>\n<\/tr>\n<tr style=\"height: 22px;\">\n<td style=\"height: 22px; background-color: #fc3a3a;\" bgcolor=\"#FF0000\"><\/td>\n<\/tr>\n<tr style=\"height: 71px;\">\n<td style=\"height: 71px;\" bgcolor=\"#FFFFFF\">Pizzer\u00eda Mona Lisa les invita a difrutar del verdadero sabor de la cocina Italiana con m\u00e1s de 30 variedades de pizzas hechas en horno de le\u00f1a, adem\u00e1s de pastas, lasagna, ravioli y de sus deliciosos postres Italianos. Acompa\u00f1ado de exquisitos vinos Italianos.<\/td>\n<\/tr>\n<tr style=\"height: 25px;\">\n<td style=\"height: 25px; background-color: #21b811;\" bgcolor=\"#006600\">Por mayor informacion y reservacion <a href=\"http:\/\/www.nicaragua-travel-guide.com\/contacto.php\">Contactarnos<\/a><\/td>\n<\/tr>\n<\/tbody>\n<\/table>\n","protected":false},"excerpt":{"rendered":"<p>Pizzer\u00eda Mona Lisa les invita a difrutar del verdadero sabor de la cocina Italiana con m\u00e1s de 30 variedades de pizzas hechas en horno de le\u00f1a, adem\u00e1s de pastas, lasagna, ravioli y de sus deliciosos postres Italianos. Acompa\u00f1ado de exquisitos vinos Italianos. Por mayor informacion y reservacion Contactarnos<\/p>\n","protected":false},"author":2,"featured_media":0,"parent":0,"menu_order":0,"comment_status":"closed","ping_status":"closed","template":"","meta":{"footnotes":""},"_links":{"self":[{"href":"https:\/\/nicaragua-travel-guide.com\/site\/wp-json\/wp\/v2\/pages\/7848"}],"collection":[{"href":"https:\/\/nicaragua-travel-guide.com\/site\/wp-json\/wp\/v2\/pages"}],"about":[{"href":"https:\/\/nicaragua-travel-guide.com\/site\/wp-json\/wp\/v2\/types\/page"}],"author":[{"embeddable":true,"href":"https:\/\/nicaragua-travel-guide.com\/site\/wp-json\/wp\/v2\/users\/2"}],"replies":[{"embeddable":true,"href":"https:\/\/nicaragua-travel-guide.com\/site\/wp-json\/wp\/v2\/comments?post=7848"}],"version-history":[{"count":3,"href":"https:\/\/nicaragua-travel-guide.com\/site\/wp-json\/wp\/v2\/pages\/7848\/revisions"}],"predecessor-version":[{"id":14191,"href":"https:\/\/nicaragua-travel-guide.com\/site\/wp-json\/wp\/v2\/pages\/7848\/revisions\/14191"}],"wp:attachment":[{"href":"https:\/\/nicaragua-travel-guide.com\/site\/wp-json\/wp\/v2\/media?parent=7848"}],"curies":[{"name":"wp","href":"https:\/\/api.w.org\/{rel}","templated":true}]}}