{"id":7858,"date":"2016-07-26T18:58:16","date_gmt":"2016-07-26T18:58:16","guid":{"rendered":"http:\/\/nicaragua-travel-guide.com\/site\/?page_id=7858"},"modified":"2016-11-08T00:53:31","modified_gmt":"2016-11-08T00:53:31","slug":"granada-hostal-emily","status":"publish","type":"page","link":"https:\/\/nicaragua-travel-guide.com\/site\/granada-hostal-emily\/","title":{"rendered":"Granada Hostal \u00abEmily\u00bb"},"content":{"rendered":"<table border=\"0\" width=\"991\">\n<tbody>\n<tr style=\"height: 21px;\">\n<td style=\"height: 21px;\" colspan=\"2\" bgcolor=\"#0033FF\">Bienvenidos a Casa de huespedes Amigos Bed &amp; Breakfast<\/td>\n<\/tr>\n<tr style=\"height: 188px;\">\n<td style=\"height: 188px;\" colspan=\"2\" bgcolor=\"#FFFF00\">\n<table border=\"0\" width=\"1006\">\n<tbody>\n<tr style=\"height: 17px;\">\n<td style=\"height: 17px;\" width=\"573\">Descripci\u00f3n:<\/p>\n<p>&nbsp;<\/p>\n<p>En Amigos Bed and breakfast el ambiente es muy tranquilo con atenci\u00f3n personalizada que invita a la cordialidad y amistad entre la propietaria con sus hu\u00e9spedes, familiares \u00a0y \u00a0el personal.<\/p>\n<p>&nbsp;<\/p>\n<p>El local se encuentra ubicado a pocas cuadras del parque central, cercano a muchos puntos inter\u00e9s del casco hist\u00f3rico de Granada.<\/td>\n<td style=\"height: 154.34px;\" rowspan=\"3\" width=\"423\"><img loading=\"lazy\" decoding=\"async\" class=\"alignnone wp-image-14005\" style=\"background-color: #0033ff;\" src=\"http:\/\/nicaragua-travel-guide.com\/site\/wp-content\/uploads\/2016\/07\/amigosbedandbreakfastrecepcion.jpg\" alt=\"amigosbedandbreakfastrecepcion\" width=\"426\" height=\"570\" \/><\/td>\n<\/tr>\n<tr style=\"height: 7px;\">\n<td style=\"height: 7px;\" bgcolor=\"#0033FF\"><\/td>\n<\/tr>\n<tr style=\"height: 130.34px;\">\n<td style=\"height: 130.34px;\"><strong>Incluye:<\/strong><\/p>\n<ul>\n<li><strong>Desayuno\u00a0<\/strong><\/li>\n<li><strong>Internet\u00a0<\/strong><\/li>\n<li><strong>TV &#8211; Cable<\/strong><\/li>\n<li><strong>Opci\u00f3n\u00a0de\u00a0lavander\u00eda\u00a0y transporte<\/strong><\/li>\n<li><strong>Cocina y refrigerador disponible para \u00a0<\/strong><b>hu\u00e9sped.<\/b><\/li>\n<\/ul>\n<\/td>\n<\/tr>\n<\/tbody>\n<\/table>\n<\/td>\n<\/tr>\n<tr style=\"height: 379px;\">\n<td style=\"height: 379px;\" colspan=\"2\" valign=\"top\" bgcolor=\"#0033FF\">\n<table border=\"0\" width=\"1003\">\n<tbody>\n<tr style=\"height: 408.872px;\">\n<td style=\"height: 408.872px;\" width=\"573\">La casa tiene un segundo piso con habitaciones en su fondo interior, las habitaciones son confortables con abanico, hay dormitorio y cuartos privados. Los visitantes tienen acceso a Internet inal\u00e1mbrico gratuito WIFI, pueden disfrutar del patio. Tambi\u00e9n se dispone de servicio de lavander\u00eda. La cocina siempre esta a la disposici\u00f3n. Dicha \u00e1rea puede ser usada libremente por los hu\u00e9spedes. Desayuno incluido por su estad\u00eda.<\/p>\n<p>&nbsp;<\/p>\n<p>En Emily Hostal, \u00a0la administraci\u00f3n acepta los pagos en c\u00f3rdobas o d\u00f3lares para comodidad de los hu\u00e9spedes, disponen de un tanque para almacenamiento de agua, en caso de corte del servicio de agua potable.<\/p>\n<p>&nbsp;<\/p>\n<p>Los hu\u00e9spedes pueden encontrar en las cercan\u00edas la parada de buses con destino a Masaya, Rivas, Jinotepe, Managua, Nandaime, Niquinhomo, farmacias, \u00e1reas de parqueo, centro de llamadas internacionales y servicio de Internet, pulperas (tiendas de productos m\u00faltiples).<\/td>\n<td style=\"height: 408.872px;\" width=\"420\"><img loading=\"lazy\" decoding=\"async\" class=\"alignnone wp-image-14004\" src=\"http:\/\/nicaragua-travel-guide.com\/site\/wp-content\/uploads\/2016\/07\/amigosbedandbsala.jpg\" alt=\"amigosbedandbsala\" width=\"446\" height=\"332\" \/><\/td>\n<\/tr>\n<\/tbody>\n<\/table>\n<\/td>\n<\/tr>\n<tr style=\"height: 3.875px;\">\n<td style=\"height: 3.875px;\" bgcolor=\"#FFFF00\" width=\"573\"><strong>Precios:<\/strong><\/td>\n<td style=\"height: 284.875px;\" rowspan=\"2\" bgcolor=\"#FFFFFF\" width=\"429\"><img loading=\"lazy\" decoding=\"async\" class=\"alignnone wp-image-14006\" style=\"background-color: #0033ff;\" src=\"http:\/\/nicaragua-travel-guide.com\/site\/wp-content\/uploads\/2016\/07\/amigosbedandbreakfatcuato.jpg\" alt=\"amigosbedandbreakfatcuato\" width=\"474\" height=\"353\" \/><\/td>\n<\/tr>\n<tr style=\"height: 281px;\">\n<td style=\"height: 281px;\" bgcolor=\"#FFFF00\">\n<table style=\"width: 564px;\" border=\"0\" summary=\"overview of the room prices and amenities\" cellspacing=\"0\" cellpadding=\"5\">\n<tbody>\n<tr>\n<td style=\"width: 180.021px;\" bgcolor=\"#0033FF\">Tipo<\/td>\n<td style=\"width: 87.9792px;\" bgcolor=\"#0033FF\">Precios<\/td>\n<td style=\"width: 87px;\" bgcolor=\"#0033FF\">Hu\u00e9spedes<\/td>\n<td style=\"width: 174px;\" bgcolor=\"#0033FF\">Comodidades<\/td>\n<\/tr>\n<tr>\n<td style=\"width: 180.021px;\" bgcolor=\"#FFFF00\"><strong>Habitacion privada<\/strong><\/td>\n<td style=\"width: 87.9792px;\" bgcolor=\"#FFFF00\">US$25.00<\/td>\n<td style=\"width: 87px;\" bgcolor=\"#FFFF00\">1<\/td>\n<td style=\"width: 174px;\" bgcolor=\"#FFFF00\">Abanico, ba\u00f1o privado<\/td>\n<\/tr>\n<tr>\n<td style=\"width: 180.021px;\" bgcolor=\"#FFFF00\"><strong>Dormitorio<\/strong><\/td>\n<td style=\"width: 87.9792px;\" bgcolor=\"#FFFF00\">US$8.00<\/td>\n<td style=\"width: 87px;\" bgcolor=\"#FFFF00\">1<\/td>\n<td style=\"width: 174px;\" bgcolor=\"#FFFF00\">Abanico<\/td>\n<\/tr>\n<tr>\n<td style=\"width: 180.021px;\" bgcolor=\"#FFFF00\"><strong>Cuarto<\/strong><\/td>\n<td style=\"width: 87.9792px;\" bgcolor=\"#FFFF00\">US$18.00<\/td>\n<td style=\"width: 87px;\" bgcolor=\"#FFFF00\">2<\/td>\n<td style=\"width: 174px;\" bgcolor=\"#FFFF00\">Abanico<\/td>\n<\/tr>\n<\/tbody>\n<\/table>\n<\/td>\n<\/tr>\n<tr style=\"height: 21px;\">\n<td style=\"height: 21px;\" colspan=\"2\" bgcolor=\"#0033FF\"><strong>Los precios ya incluyen impuesto. Los precios pueden variar por temporada.<\/strong><\/td>\n<\/tr>\n<tr style=\"height: 25px;\">\n<td style=\"height: 25px;\" colspan=\"2\" bgcolor=\"#FFFF00\">Por mayor informaci\u00f3n y reservacion <a href=\"http:\/\/nicaragua-travel-guide.com\/site\/contactanos\/\"><strong>Contactarnos<\/strong><\/a><\/td>\n<\/tr>\n<\/tbody>\n<\/table>\n","protected":false},"excerpt":{"rendered":"<p>Bienvenidos a Casa de huespedes Amigos Bed &amp; Breakfast Descripci\u00f3n: &nbsp; En Amigos Bed and breakfast el ambiente es muy tranquilo con atenci\u00f3n personalizada que invita a la cordialidad y amistad entre la propietaria con sus hu\u00e9spedes, familiares \u00a0y \u00a0el personal. &nbsp; El local se encuentra ubicado a pocas cuadras del parque central, cercano a [&hellip;]<\/p>\n","protected":false},"author":2,"featured_media":0,"parent":0,"menu_order":0,"comment_status":"closed","ping_status":"closed","template":"","meta":{"footnotes":""},"_links":{"self":[{"href":"https:\/\/nicaragua-travel-guide.com\/site\/wp-json\/wp\/v2\/pages\/7858"}],"collection":[{"href":"https:\/\/nicaragua-travel-guide.com\/site\/wp-json\/wp\/v2\/pages"}],"about":[{"href":"https:\/\/nicaragua-travel-guide.com\/site\/wp-json\/wp\/v2\/types\/page"}],"author":[{"embeddable":true,"href":"https:\/\/nicaragua-travel-guide.com\/site\/wp-json\/wp\/v2\/users\/2"}],"replies":[{"embeddable":true,"href":"https:\/\/nicaragua-travel-guide.com\/site\/wp-json\/wp\/v2\/comments?post=7858"}],"version-history":[{"count":7,"href":"https:\/\/nicaragua-travel-guide.com\/site\/wp-json\/wp\/v2\/pages\/7858\/revisions"}],"predecessor-version":[{"id":14007,"href":"https:\/\/nicaragua-travel-guide.com\/site\/wp-json\/wp\/v2\/pages\/7858\/revisions\/14007"}],"wp:attachment":[{"href":"https:\/\/nicaragua-travel-guide.com\/site\/wp-json\/wp\/v2\/media?parent=7858"}],"curies":[{"name":"wp","href":"https:\/\/api.w.org\/{rel}","templated":true}]}}