{"id":7860,"date":"2016-07-26T19:00:04","date_gmt":"2016-07-26T19:00:04","guid":{"rendered":"http:\/\/nicaragua-travel-guide.com\/site\/?page_id=7860"},"modified":"2016-11-08T00:08:27","modified_gmt":"2016-11-08T00:08:27","slug":"granada-hostal-san-angel","status":"publish","type":"page","link":"https:\/\/nicaragua-travel-guide.com\/site\/granada-hostal-san-angel\/","title":{"rendered":"Granada Hostal \u00abSan Angel\u00bb"},"content":{"rendered":"<table style=\"height: 1514px;\" border=\"0\" width=\"1085\">\n<tbody>\n<tr>\n<td style=\"width: 1072.6666259765625px;\" colspan=\"2\" valign=\"top\" bgcolor=\"#3333FF\" height=\"47\"><img loading=\"lazy\" decoding=\"async\" class=\"wp-image-13975 aligncenter\" src=\"http:\/\/nicaragua-travel-guide.com\/site\/wp-content\/uploads\/2016\/07\/hostalsanangelfrente.jpg\" alt=\"hostalsanangelfrente\" width=\"1105\" height=\"827\" \/><\/td>\n<\/tr>\n<tr>\n<td style=\"width: 1072.6666259765625px;\" colspan=\"2\" valign=\"top\" bgcolor=\"#3333FF\" height=\"47\"><span style=\"font-family: inherit; font-size: inherit; line-height: 1.5;\">Hostal San Angel<\/span><\/td>\n<\/tr>\n<tr>\n<td style=\"width: 738px;\" bgcolor=\"#FFFFFF\" height=\"348\">Descripci\u00f3n:<\/p>\n<p>Hostal San \u00c1ngel se encuentra a una cuadra del parque central de la ciudad de <strong>Granada <\/strong>y dentro de una amplia y ventilada casa colonial cuya atm\u00f3sfera es tranquila y silenciosa. Adem\u00e1s, el establecimiento se caracteriza por la amable atenci\u00f3n de sus propietarios.<\/p>\n<p>Todas las habitaciones del hotel poseen ba\u00f1o privado y los precios de hospedaje incluyen desayuno continental. La cocina, creativamente decorada con tasas de todos los estilos, puede ser utilizada libremente por sus hu\u00e9spedes. Tambi\u00e9n se brinda el servicio gratuito de conexi\u00f3n a Internet.<\/p>\n<p>Otro de los servicios que ofrece el hotel es el alquiler de bicicletas (C$20 la hora). De esta manera, los hu\u00e9spedes pueden aventurarse a conocer los distintos atractivos de la ciudad por este medio. En el hotel hay un gato muy amistoso que estar\u00e1 dispuesto a recibir mimos durante todo el d\u00eda.<\/td>\n<td style=\"width: 328.6666564941406px;\" bgcolor=\"#FFFFFF\"><img loading=\"lazy\" decoding=\"async\" class=\"wp-image-13973 aligncenter\" src=\"http:\/\/nicaragua-travel-guide.com\/site\/wp-content\/uploads\/2016\/07\/hostalsanangelmatrimonial.jpg\" alt=\"hostalsanangelmatrimonial\" width=\"312\" height=\"234\" \/><\/td>\n<\/tr>\n<tr>\n<td style=\"width: 1072.6666259765625px;\" colspan=\"2\" bgcolor=\"#3333FF\">Precios:<\/td>\n<\/tr>\n<tr>\n<td style=\"width: 738px;\" height=\"233\">\n<table style=\"width: 706px;\" border=\"0\" summary=\"overview of the room prices and amenities\" cellspacing=\"0\" cellpadding=\"5\">\n<tbody>\n<tr>\n<td style=\"width: 144px;\" bgcolor=\"#FFFFFF\"><strong>Tipo<\/strong><\/td>\n<td style=\"width: 78px;\" bgcolor=\"#FFFFFF\"><strong>Precios<\/strong><\/td>\n<td style=\"width: 91px;\" bgcolor=\"#FFFFFF\"><strong>Hu\u00e9spedes<\/strong><\/td>\n<td style=\"width: 347px;\" bgcolor=\"#FFFFFF\"><strong>Comodidades<\/strong><\/td>\n<\/tr>\n<tr>\n<td style=\"width: 144px;\" bgcolor=\"#FFFFFF\">Habitaci\u00f3n Sencilla<\/td>\n<td style=\"width: 78px;\" bgcolor=\"#FFFFFF\">US$12.00<\/td>\n<td style=\"width: 91px;\" bgcolor=\"#FFFFFF\">1<\/td>\n<td style=\"width: 347px;\" bgcolor=\"#FFFFFF\">Abanico, Ba\u00f1o Privado, Desayuno Incluido<\/td>\n<\/tr>\n<tr>\n<td style=\"width: 144px;\" bgcolor=\"#FFFFFF\">Habitaci\u00f3n Sencilla<\/td>\n<td style=\"width: 78px;\" bgcolor=\"#FFFFFF\">US$35.00<\/td>\n<td style=\"width: 91px;\" bgcolor=\"#FFFFFF\">1<\/td>\n<td style=\"width: 347px;\" bgcolor=\"#FFFFFF\">A\/A, Ba\u00f1o Privado, Desayuno Incluido<\/td>\n<\/tr>\n<tr>\n<td style=\"width: 144px;\" bgcolor=\"#FFFFFF\">Habitaci\u00f3n Doble<\/td>\n<td style=\"width: 78px;\" bgcolor=\"#FFFFFF\">US$24.00<\/td>\n<td style=\"width: 91px;\" bgcolor=\"#FFFFFF\">2<\/td>\n<td style=\"width: 347px;\" bgcolor=\"#FFFFFF\">Abanico, Ba\u00f1o Privado, Desayuno Incluido<\/td>\n<\/tr>\n<tr>\n<td style=\"width: 144px;\" bgcolor=\"#FFFFFF\">Habitaci\u00f3n Doble<\/td>\n<td style=\"width: 78px;\" bgcolor=\"#FFFFFF\">US$40.00<\/td>\n<td style=\"width: 91px;\" bgcolor=\"#FFFFFF\">2<\/td>\n<td style=\"width: 347px;\" bgcolor=\"#FFFFFF\">A\/A, Ba\u00f1o Privado, Desayuno Incluido<\/td>\n<\/tr>\n<tr>\n<td style=\"width: 144px;\" bgcolor=\"#FFFFFF\">Habitaci\u00f3n Triple<\/td>\n<td style=\"width: 78px;\" bgcolor=\"#FFFFFF\">US$36.00<\/td>\n<td style=\"width: 91px;\" bgcolor=\"#FFFFFF\">3<\/td>\n<td style=\"width: 347px;\" bgcolor=\"#FFFFFF\">Abanico, Ba\u00f1o Privado, Desayuno Incluido<\/td>\n<\/tr>\n<tr>\n<td style=\"width: 660px;\" colspan=\"4\" bgcolor=\"#FFFFFF\">\u00a0\u00a0\u00a0\u00a0<strong>Los precios ya incluyen impuesto<\/strong><strong>. Los precios pueden variar por temporada.<\/strong><\/td>\n<\/tr>\n<\/tbody>\n<\/table>\n<\/td>\n<td style=\"width: 328.6666564941406px;\" rowspan=\"2\" valign=\"top\">&nbsp;<\/p>\n<p><img loading=\"lazy\" decoding=\"async\" class=\"wp-image-13974 aligncenter\" src=\"http:\/\/nicaragua-travel-guide.com\/site\/wp-content\/uploads\/2016\/07\/hostalsanangelcama.jpg\" alt=\"hostalsanangelcama\" width=\"314\" height=\"235\" \/><\/td>\n<\/tr>\n<\/tbody>\n<\/table>\n","protected":false},"excerpt":{"rendered":"<p>Hostal San Angel Descripci\u00f3n: Hostal San \u00c1ngel se encuentra a una cuadra del parque central de la ciudad de Granada y dentro de una amplia y ventilada casa colonial cuya atm\u00f3sfera es tranquila y silenciosa. Adem\u00e1s, el establecimiento se caracteriza por la amable atenci\u00f3n de sus propietarios. Todas las habitaciones del hotel poseen ba\u00f1o privado [&hellip;]<\/p>\n","protected":false},"author":2,"featured_media":0,"parent":0,"menu_order":0,"comment_status":"closed","ping_status":"closed","template":"","meta":{"footnotes":""},"_links":{"self":[{"href":"https:\/\/nicaragua-travel-guide.com\/site\/wp-json\/wp\/v2\/pages\/7860"}],"collection":[{"href":"https:\/\/nicaragua-travel-guide.com\/site\/wp-json\/wp\/v2\/pages"}],"about":[{"href":"https:\/\/nicaragua-travel-guide.com\/site\/wp-json\/wp\/v2\/types\/page"}],"author":[{"embeddable":true,"href":"https:\/\/nicaragua-travel-guide.com\/site\/wp-json\/wp\/v2\/users\/2"}],"replies":[{"embeddable":true,"href":"https:\/\/nicaragua-travel-guide.com\/site\/wp-json\/wp\/v2\/comments?post=7860"}],"version-history":[{"count":6,"href":"https:\/\/nicaragua-travel-guide.com\/site\/wp-json\/wp\/v2\/pages\/7860\/revisions"}],"predecessor-version":[{"id":13979,"href":"https:\/\/nicaragua-travel-guide.com\/site\/wp-json\/wp\/v2\/pages\/7860\/revisions\/13979"}],"wp:attachment":[{"href":"https:\/\/nicaragua-travel-guide.com\/site\/wp-json\/wp\/v2\/media?parent=7860"}],"curies":[{"name":"wp","href":"https:\/\/api.w.org\/{rel}","templated":true}]}}