{"id":7862,"date":"2016-07-26T19:02:31","date_gmt":"2016-07-26T19:02:31","guid":{"rendered":"http:\/\/nicaragua-travel-guide.com\/site\/?page_id=7862"},"modified":"2016-11-08T00:46:55","modified_gmt":"2016-11-08T00:46:55","slug":"granada-hospedaje-cocibolca","status":"publish","type":"page","link":"https:\/\/nicaragua-travel-guide.com\/site\/granada-hospedaje-cocibolca\/","title":{"rendered":"Granada Hospedaje \u00abCocibolca\u00bb"},"content":{"rendered":"<table style=\"width: 992.122px;\" border=\"0\">\n<tbody>\n<tr style=\"height: 117.66667175292969px;\">\n<td style=\"width: 50px; height: 117.66667175292969px;\" colspan=\"5\" valign=\"top\" bgcolor=\"#FFFFFF\">\n<table style=\"width: 1034px; height: 198px;\" border=\"0\">\n<tbody>\n<tr style=\"height: 25px;\">\n<td style=\"height: 67.33333587646484px; width: 235px; border-color: #fafafa;\" rowspan=\"4\" bgcolor=\"#FFFFFF\"><img loading=\"lazy\" decoding=\"async\" class=\"alignnone size-full wp-image-13992\" src=\"http:\/\/nicaragua-travel-guide.com\/site\/wp-content\/uploads\/2016\/07\/hospedajecocibolcarotulo.jpg\" alt=\"hospedajecocibolcarotulo\" width=\"255\" height=\"204\" \/><\/td>\n<td style=\"height: 25px; border-color: #fafafa; width: 278.66668701171875px;\" colspan=\"3\" valign=\"bottom\" bgcolor=\"#FFFFFF\"><\/td>\n<td style=\"height: 67.33333587646484px; width: 503.33331298828125px;\" rowspan=\"4\" align=\"left\" bgcolor=\"#FFFFFF\"><img loading=\"lazy\" decoding=\"async\" class=\"wp-image-13996 alignright\" src=\"http:\/\/nicaragua-travel-guide.com\/site\/wp-content\/uploads\/2016\/07\/hospedajecocibolcafrenteancho.jpg\" alt=\"hospedajecocibolcafrenteancho\" width=\"484\" height=\"118\" srcset=\"https:\/\/nicaragua-travel-guide.com\/site\/wp-content\/uploads\/2016\/07\/hospedajecocibolcafrenteancho.jpg 637w, https:\/\/nicaragua-travel-guide.com\/site\/wp-content\/uploads\/2016\/07\/hospedajecocibolcafrenteancho-600x147.jpg 600w\" sizes=\"(max-width: 484px) 100vw, 484px\" \/><\/td>\n<\/tr>\n<tr style=\"height: 25px;\">\n<td style=\"height: 25px; border-color: #fafafa; width: 278.66668701171875px; text-align: center;\" colspan=\"3\" valign=\"bottom\" bgcolor=\"#FFFFFF\"><strong>Bienvenido a Hospedaje<\/strong><\/td>\n<\/tr>\n<tr style=\"height: 3.3333358764648438px;\">\n<td style=\"height: 3.3333358764648438px; border-color: #fafafa; width: 107px;\" bgcolor=\"#FFFFFF\"><\/td>\n<td style=\"height: 3.3333358764648438px; border-color: #fafafa; width: 103px; text-align: center;\" bgcolor=\"#FFFFFF\"><strong>Cocibolca<\/strong><\/td>\n<td style=\"height: 3.3333358764648438px; border-color: #fafafa; width: 68.66668701171875px;\" bgcolor=\"#FFFFFF\"><\/td>\n<\/tr>\n<tr style=\"height: 14px;\">\n<td style=\"height: 14px; border-color: #fafafa; width: 278.66668701171875px;\" colspan=\"3\" align=\"center\" valign=\"middle\" bgcolor=\"#FFFFFF\"><strong>\u00abSu hogar fuera de casa\u00bb<\/strong><\/td>\n<\/tr>\n<\/tbody>\n<\/table>\n<\/td>\n<\/tr>\n<tr style=\"height: 21px;\">\n<td style=\"width: 50px; height: 21px; background-color: #e2f720;\" colspan=\"5\" valign=\"top\" bgcolor=\"#0000FF\"><strong>Descripci\u00f3n:<\/strong><\/td>\n<\/tr>\n<tr style=\"height: 201px;\">\n<td style=\"width: 50px; height: 201px; background-color: #abcfcc;\" colspan=\"5\" valign=\"top\" bgcolor=\"#0000FF\">El hospedaje Cocibolca se ubicada en la famosa Calle La Calzada, la cual une al centro de Granada con el Lago de Nicaragua. Esta casa colonial de ambiente tranquilo y familiar posee 25 habitaciones.<\/p>\n<p>Si el hu\u00e9sped lo desea, se le puede servir un desayuno nicarag\u00fcense. Sin embargo, el uso libre de la cocina es parte del servicio de este hotel. Otros servicios son el acceso a internet, servicios de transporte y tours.<\/p>\n<p>Para la comodidad del cliente, un tanque con agua asegura la distribuci\u00f3n de \u00e9sta y un generador garantiza la electricidad del hotel cuando se presentan problemas con estos servicios.<\/td>\n<\/tr>\n<tr style=\"height: 16px;\">\n<td style=\"height: 16px; width: 50px; background-color: #e2f720;\" colspan=\"5\" bgcolor=\"#FFFF00\">\n<table border=\"0\">\n<tbody>\n<tr>\n<td bgcolor=\"#FFFFFF\">Te ofrecemos un lugar limpio, acogedor y sobre todo familiar en el centro de Granada, nosotros ofrecemos el servicio de hospedaje con habitaciones: <strong>sencillas, <\/strong>dobles, triples, cu\u00e1druples, prestamos el servicio de Internet, cocina libre, TV \u00a0con cable y aire acondicionado.<\/td>\n<\/tr>\n<\/tbody>\n<\/table>\n<\/td>\n<\/tr>\n<tr style=\"height: 95px;\">\n<td style=\"width: 50px; height: 95px; background-color: #abcfcc;\" colspan=\"5\" bgcolor=\"#0000FF\">\n<table style=\"width: 985.361px;\" border=\"0\">\n<tbody>\n<tr>\n<td style=\"width: 253px; background-color: #abcfcc; border-color: #abcfcc;\">\u00a0\u00a0\u00a0\u00a0\u00a0<img loading=\"lazy\" decoding=\"async\" class=\"wp-image-13997 aligncenter\" src=\"http:\/\/nicaragua-travel-guide.com\/site\/wp-content\/uploads\/2016\/07\/hospedajecocibolcalobby.jpg\" alt=\"hospedajecocibolcalobby\" width=\"338\" height=\"338\" \/><\/td>\n<td style=\"width: 253px; background-color: #abcfcc; border-color: #abcfcc;\"><strong>En Hospedaje Cocibolca nuestro objetivo principal es brindarle el mejor servicio, para esto le ofrecemos 25 habitaciones equipadas <\/strong>con todas las facilidades que usted necesita para disfrutar su estad\u00eda al m\u00e1ximo.<\/td>\n<td style=\"width: 253px; background-color: #abcfcc; border-color: #abcfcc;\" bgcolor=\"#0000FF\"><img loading=\"lazy\" decoding=\"async\" class=\"alignnone wp-image-13995\" src=\"http:\/\/nicaragua-travel-guide.com\/site\/wp-content\/uploads\/2016\/07\/hospedajecocibolcadesayuno.jpg\" alt=\"hospedajecocibolcadesayuno\" width=\"321\" height=\"321\" \/><\/td>\n<\/tr>\n<\/tbody>\n<\/table>\n<\/td>\n<\/tr>\n<tr style=\"height: 240px;\">\n<td style=\"width: 50px; height: 240px;\" colspan=\"5\" valign=\"top\" bgcolor=\"#0000FF\">\n<ul>\n<li>Televisi\u00f3n por cable.<\/li>\n<li>Cocina Libre.<\/li>\n<li>Contamos con un generador de 1000 m, para cuando falla el fluido electrico.<\/li>\n<li>Aire Acondicionado.<\/li>\n<li>Ventilador.<\/li>\n<li>Internet Wireless.<\/li>\n<li>Transporte turistico y tour (preguntar por tarifas especiales para grupos)<\/li>\n<li>Ba\u00f1os Privados.<\/li>\n<li>Contamos con 1500 litros de reserva de agua, para cuando falla este servicio.<\/li>\n<\/ul>\n<\/td>\n<\/tr>\n<tr style=\"height: 21px;\">\n<td style=\"width: 50px; height: 21px;\" colspan=\"5\" bgcolor=\"#FFFFFF\">Las tarifas son las siguientes:<\/td>\n<\/tr>\n<tr style=\"height: 267px;\">\n<td style=\"width: 50px; height: 267px; background-color: #f5f5f5;\" colspan=\"5\" valign=\"top\" bgcolor=\"#0000FF\">\n<table style=\"width: 1022px;\" border=\"0\" summary=\"overview of the room prices and amenities\" cellspacing=\"0\" cellpadding=\"5\">\n<tbody>\n<tr style=\"height: 33px;\">\n<td style=\"width: 156px; height: 33px; background-color: #c7d18c;\" bgcolor=\"#FFFF00\">Tipo<\/td>\n<td style=\"width: 107px; height: 33px; background-color: #c7d18c;\" bgcolor=\"#FFFF00\">Precios<\/td>\n<td style=\"width: 100px; height: 33px; background-color: #c7d18c;\" bgcolor=\"#FFFF00\">Hu\u00e9spedes<\/td>\n<td style=\"width: 275px; height: 33px; background-color: #c7d18c;\" bgcolor=\"#FFFF00\">Comodidades<\/td>\n<td style=\"width: 216.3333740234375px; border-color: #99bdbd; height: 231.413px; background-color: #99bdbd;\" rowspan=\"7\" valign=\"top\" bgcolor=\"#0000FF\"><img loading=\"lazy\" decoding=\"async\" class=\"alignnone wp-image-13993\" src=\"http:\/\/nicaragua-travel-guide.com\/site\/wp-content\/uploads\/2016\/07\/hospedajecocibolcama.jpg\" alt=\"hospedajecocibolcama\" width=\"174\" height=\"174\" \/><\/td>\n<td style=\"width: 240.6666259765625px; border-color: #9bc9c2; height: 231.413px; background-color: #99bdbd;\" rowspan=\"7\" valign=\"top\" bgcolor=\"#0000FF\"><img loading=\"lazy\" decoding=\"async\" class=\"wp-image-13994 aligncenter\" src=\"http:\/\/nicaragua-travel-guide.com\/site\/wp-content\/uploads\/2016\/07\/hospedajecocibolcamita.jpg\" alt=\"hospedajecocibolcamita\" width=\"176\" height=\"176\" \/><\/td>\n<\/tr>\n<tr style=\"height: 33px;\">\n<td style=\"width: 156px; height: 33px; background-color: #f1f2eb;\" bgcolor=\"#0000FF\">Habitaci\u00f3n Sencilla<\/td>\n<td style=\"width: 107px; height: 33px; background-color: #f1f2eb;\" bgcolor=\"#0000FF\">US$15.00<\/td>\n<td style=\"width: 100px; height: 33px; background-color: #f1f2eb;\" bgcolor=\"#0000FF\">1<\/td>\n<td style=\"width: 275px; height: 33px; background-color: #f1f2eb;\" bgcolor=\"#0000FF\">Ba\u00f1o Privado<\/td>\n<\/tr>\n<tr style=\"height: 33px;\">\n<td style=\"width: 156px; height: 33px; background-color: #c7d18c;\" bgcolor=\"#FFFF00\">Habitaci\u00f3n Doble<\/td>\n<td style=\"width: 107px; height: 33px; background-color: #c7d18c;\" bgcolor=\"#FFFF00\">US$18.00<\/td>\n<td style=\"width: 100px; height: 33px; background-color: #c7d18c;\" bgcolor=\"#FFFF00\">2<\/td>\n<td style=\"width: 275px; height: 33px; background-color: #c7d18c;\" bgcolor=\"#FFFF00\">Ba\u00f1o Privado<\/td>\n<\/tr>\n<tr style=\"height: 33px;\">\n<td style=\"width: 156px; height: 33px; background-color: #f7f7f5;\" bgcolor=\"#0000FF\">Habitaci\u00f3n Doble<\/td>\n<td style=\"width: 107px; height: 33px; background-color: #f7f7f5;\" bgcolor=\"#0000FF\">US$35.00<\/td>\n<td style=\"width: 100px; height: 33px; background-color: #f7f7f5;\" bgcolor=\"#0000FF\">2<\/td>\n<td style=\"width: 275px; height: 33px; background-color: #f7f7f5;\" bgcolor=\"#0000FF\">A\/A, Ba\u00f1o Privado<\/td>\n<\/tr>\n<tr style=\"height: 33.4132px;\">\n<td style=\"width: 156px; height: 33.4132px; background-color: #c7d18c;\" bgcolor=\"#FFFF00\">Habitaci\u00f3n Doble<\/td>\n<td style=\"width: 107px; height: 33.4132px; background-color: #c7d18c;\" bgcolor=\"#FFFF00\">US$40.00<\/td>\n<td style=\"width: 100px; height: 33.4132px; background-color: #c7d18c;\" bgcolor=\"#FFFF00\">2<\/td>\n<td style=\"width: 275px; height: 33.4132px; background-color: #c7d18c;\" bgcolor=\"#FFFF00\">A\/A, TV, Ba\u00f1o Privado<\/td>\n<\/tr>\n<tr style=\"height: 33px;\">\n<td style=\"width: 156px; height: 33px; background-color: #f9faf5;\" bgcolor=\"#0000FF\">Habitaci\u00f3n Triple<\/td>\n<td style=\"width: 107px; height: 33px; background-color: #f9faf5;\" bgcolor=\"#0000FF\">US$20.00<\/td>\n<td style=\"width: 100px; height: 33px; background-color: #f9faf5;\" bgcolor=\"#0000FF\">3<\/td>\n<td style=\"width: 275px; height: 33px; background-color: #f9faf5;\" bgcolor=\"#0000FF\">Ba\u00f1o Privado<\/td>\n<\/tr>\n<tr style=\"height: 33px;\">\n<td style=\"width: 156px; height: 33px; background-color: #c7d18c;\" bgcolor=\"#FFFF00\">Habitaci\u00f3n Triple<\/td>\n<td style=\"width: 107px; height: 33px; background-color: #c7d18c;\" bgcolor=\"#FFFF00\">US$25.00<\/td>\n<td style=\"width: 100px; height: 33px; background-color: #c7d18c;\" bgcolor=\"#FFFF00\">3<\/td>\n<td style=\"width: 275px; height: 33px; background-color: #c7d18c;\" bgcolor=\"#FFFF00\">TV, Ba\u00f1o Privado<\/td>\n<\/tr>\n<tr style=\"height: 6px;\">\n<td style=\"height: 6px; width: 1095px; background-color: #f7f0f0;\" colspan=\"6\" bgcolor=\"#0000FF\"><strong>Los precios ya incluyen impuesto. Los precios pueden variar por temporada.<\/strong><\/td>\n<\/tr>\n<\/tbody>\n<\/table>\n<\/td>\n<\/tr>\n<tr style=\"height: 31px;\">\n<td style=\"width: 50px; height: 31px; background-color: #abcfcc;\" colspan=\"5\" bgcolor=\"#0000FF\">\n<table style=\"width: 1021px;\" border=\"0\">\n<tbody>\n<tr style=\"height: 215px;\">\n<td style=\"width: 288px; background-color: #abcfcc; height: 215px;\" bgcolor=\"#0000FF\"><img loading=\"lazy\" decoding=\"async\" class=\"alignnone wp-image-13998\" style=\"background-color: #0000ff;\" src=\"http:\/\/nicaragua-travel-guide.com\/site\/wp-content\/uploads\/2016\/07\/hospedajecocibolcocina.jpg\" alt=\"hospedajecocibolcocina\" width=\"239\" height=\"239\" \/><\/td>\n<td style=\"width: 260px; background-color: #abcfcc; height: 215px;\" bgcolor=\"#0000FF\"><strong>Si usted gusta le preparamos un delicioso desayuno a lo nicarag\u00fcense<\/strong><\/td>\n<td style=\"width: 296px; background-color: #abcfcc; height: 215px;\" bgcolor=\"#0000FF\"><img loading=\"lazy\" decoding=\"async\" class=\"alignnone wp-image-14000\" src=\"http:\/\/nicaragua-travel-guide.com\/site\/wp-content\/uploads\/2016\/07\/hospedajecocibolcamaverde.jpg\" alt=\"hospedajecocibolcamaverde\" width=\"245\" height=\"245\" \/><\/td>\n<td style=\"width: 302px; background-color: #abcfcc; height: 215px;\" bgcolor=\"#0000FF\"><strong>Tambi\u00e9n realizamos Tours en los diferentes sitios tur\u00edsticos del pa\u00eds.<\/strong><\/td>\n<\/tr>\n<\/tbody>\n<\/table>\n<\/td>\n<\/tr>\n<tr style=\"height: 21px;\">\n<td style=\"width: 50px; height: 21px; background-color: #f5f0f0;\" colspan=\"5\" bgcolor=\"#0000FF\"><strong>Ofrecemos precios especiales. No te Arrepentir\u00e1s de visitar este Grandioso lugar.<\/strong><\/td>\n<\/tr>\n<tr style=\"height: 28px;\">\n<td style=\"width: 50px; height: 28px; background-color: #e2f720;\" colspan=\"5\" bgcolor=\"#0000FF\">\n<table style=\"width: 1024.07px;\" border=\"0\">\n<tbody>\n<tr>\n<td style=\"width: 568px; background-color: #e2f720;\" bgcolor=\"#0000FF\">Por mayor informaci\u00f3n y reservacion <a href=\"http:\/\/nicaragua-travel-guide.com\/site\/contactanos\/\"><strong>Contactarnos<\/strong><\/a><\/td>\n<td style=\"width: 426px; background-color: #e2f720;\" bgcolor=\"#0000FF\"><a href=\"http:\/\/nicaragua-travel-guide.com\/site\/guia-de-hoteles-alojamiento-donde-dormir-en-granada-y-sus-alrededores\/\"><strong>&lt;&lt; Donde dormir en Granada<\/strong><\/a><\/td>\n<td style=\"width: 367.066px; background-color: #e2f720;\" bgcolor=\"#0000FF\"><a href=\"http:\/\/nicaragua-travel-guide.com\/site\/granada\/\"><strong>&lt;&lt; Volver a Granada Inicio<\/strong><\/a><\/td>\n<\/tr>\n<\/tbody>\n<\/table>\n<\/td>\n<\/tr>\n<\/tbody>\n<\/table>\n","protected":false},"excerpt":{"rendered":"<p>Bienvenido a Hospedaje Cocibolca \u00abSu hogar fuera de casa\u00bb Descripci\u00f3n: El hospedaje Cocibolca se ubicada en la famosa Calle La Calzada, la cual une al centro de Granada con el Lago de Nicaragua. Esta casa colonial de ambiente tranquilo y familiar posee 25 habitaciones. Si el hu\u00e9sped lo desea, se le puede servir un desayuno [&hellip;]<\/p>\n","protected":false},"author":2,"featured_media":0,"parent":0,"menu_order":0,"comment_status":"closed","ping_status":"closed","template":"","meta":{"footnotes":""},"_links":{"self":[{"href":"https:\/\/nicaragua-travel-guide.com\/site\/wp-json\/wp\/v2\/pages\/7862"}],"collection":[{"href":"https:\/\/nicaragua-travel-guide.com\/site\/wp-json\/wp\/v2\/pages"}],"about":[{"href":"https:\/\/nicaragua-travel-guide.com\/site\/wp-json\/wp\/v2\/types\/page"}],"author":[{"embeddable":true,"href":"https:\/\/nicaragua-travel-guide.com\/site\/wp-json\/wp\/v2\/users\/2"}],"replies":[{"embeddable":true,"href":"https:\/\/nicaragua-travel-guide.com\/site\/wp-json\/wp\/v2\/comments?post=7862"}],"version-history":[{"count":26,"href":"https:\/\/nicaragua-travel-guide.com\/site\/wp-json\/wp\/v2\/pages\/7862\/revisions"}],"predecessor-version":[{"id":14003,"href":"https:\/\/nicaragua-travel-guide.com\/site\/wp-json\/wp\/v2\/pages\/7862\/revisions\/14003"}],"wp:attachment":[{"href":"https:\/\/nicaragua-travel-guide.com\/site\/wp-json\/wp\/v2\/media?parent=7862"}],"curies":[{"name":"wp","href":"https:\/\/api.w.org\/{rel}","templated":true}]}}