{"id":7864,"date":"2016-07-26T19:04:13","date_gmt":"2016-07-26T19:04:13","guid":{"rendered":"http:\/\/nicaragua-travel-guide.com\/site\/?page_id=7864"},"modified":"2016-11-08T00:26:50","modified_gmt":"2016-11-08T00:26:50","slug":"granada-hotel-boutique-la-islita","status":"publish","type":"page","link":"https:\/\/nicaragua-travel-guide.com\/site\/granada-hotel-boutique-la-islita\/","title":{"rendered":"Granada \u00abHotel &#038; Boutique La Islita\u00bb"},"content":{"rendered":"<table style=\"height: 774px; width: 1129px;\" border=\"0\">\n<tbody>\n<tr style=\"height: 37px;\">\n<td style=\"width: 754.6666870117188px; height: 37px;\" bgcolor=\"#99CC00\"><strong>La Islita Boutique Hotel<\/strong><\/td>\n<td style=\"width: 364.33331298828125px; height: 308px;\" rowspan=\"3\" valign=\"top\" bgcolor=\"#99CC00\"><img loading=\"lazy\" decoding=\"async\" class=\"wp-image-13980 aligncenter\" src=\"http:\/\/nicaragua-travel-guide.com\/site\/wp-content\/uploads\/2016\/07\/hotelaislitaboutiqrecepcion.jpg\" alt=\"hotelaislitaboutiqrecepcion\" width=\"330\" height=\"413\" \/><\/td>\n<\/tr>\n<tr style=\"height: 23px;\">\n<td style=\"width: 754.6666870117188px; height: 23px;\" bgcolor=\"#CCCC00\">Descripci\u00f3n<\/td>\n<\/tr>\n<tr style=\"height: 248px;\">\n<td style=\"width: 754.6666870117188px; height: 248px;\" bgcolor=\"#99CC00\">La Islita est\u00e1 localizada en una apacible calle en el coraz\u00f3n del centro hist\u00f3rico de Granada.Los m\u00e1s importantes sitios tur\u00edsticos est\u00e1n a apenas unas cuantas calles del hotel, incluyendo restaurantes, tiendas, escuelas de idiomas y museos.<\/p>\n<p>&nbsp;<\/p>\n<p>&nbsp;<\/p>\n<p>Sus habitaciones est\u00e1n equipadas con TV por cable, A\/C, agua caliente, abanicos de techo, acceso a Wi-Fi, adem\u00e1s de modernos ba\u00f1os. Sus suites cuentan con balcones privados. Adem\u00e1s, la islita cuenta con una terraza que posee una espectacular vista panor\u00e1mica de Granada.<\/td>\n<\/tr>\n<tr style=\"height: 25px;\">\n<td style=\"width: 1119px; height: 25px;\" colspan=\"2\" bgcolor=\"#CCCC00\">Precios<\/td>\n<\/tr>\n<tr style=\"height: 327.66668701171875px;\">\n<td style=\"width: 754.6666870117188px; height: 327.66668701171875px;\" valign=\"top\" bgcolor=\"#99CC00\">\n<table style=\"width: 720px; height: 278px;\" border=\"0\" summary=\"overview of the room prices and amenities\" cellspacing=\"0\" cellpadding=\"5\">\n<tbody>\n<tr style=\"height: 22px;\">\n<td style=\"width: 164.6666717529297px; height: 22px;\" bgcolor=\"#99CC00\">Tipo<\/td>\n<td style=\"width: 76.66666412353516px; height: 22px;\" bgcolor=\"#99CC00\">Precios<\/td>\n<td style=\"width: 123.33333587646484px; height: 22px;\" bgcolor=\"#99CC00\">Hu\u00e9spedes<\/td>\n<td style=\"width: 322px; height: 22px;\" bgcolor=\"#99CC00\">Comodidades<\/td>\n<\/tr>\n<tr style=\"height: 30px;\">\n<td style=\"width: 164.6666717529297px; height: 30px;\" bgcolor=\"#CCCC00\">Suite Sencilla<\/td>\n<td style=\"width: 76.66666412353516px; height: 30px;\" bgcolor=\"#CCFF66\">US$57.50<\/td>\n<td style=\"width: 123.33333587646484px; height: 30px;\" bgcolor=\"#CCCC00\">2<\/td>\n<td style=\"width: 322px; height: 74px;\" rowspan=\"3\" bgcolor=\"#CCFF66\">A\/A, Abanico, TV, Ba\u00f1o Privado, Agua Caliente, Desayuno Incluido<\/td>\n<\/tr>\n<tr style=\"height: 22px;\">\n<td style=\"width: 164.6666717529297px; height: 22px;\" bgcolor=\"#CCCC00\">Suite del Rey<\/td>\n<td style=\"width: 76.66666412353516px; height: 22px;\" bgcolor=\"#CCFF66\">US$74.75<\/td>\n<td style=\"width: 123.33333587646484px; height: 22px;\" bgcolor=\"#CCCC00\">2<\/td>\n<\/tr>\n<tr style=\"height: 22px;\">\n<td style=\"width: 164.6666717529297px; height: 22px;\" bgcolor=\"#CCCC00\">Suite Doble<\/td>\n<td style=\"width: 76.66666412353516px; height: 22px;\" bgcolor=\"#CCFF66\">US$74.75<\/td>\n<td style=\"width: 123.33333587646484px; height: 22px;\" bgcolor=\"#CCCC00\">4<\/td>\n<\/tr>\n<tr style=\"height: 76px;\">\n<td style=\"width: 724.6666870117188px; height: 76px;\" colspan=\"4\" bgcolor=\"#99CC00\"><strong>Los precios ya incluyen impuesto.Los precios pueden variar por temporada.<\/strong><\/td>\n<\/tr>\n<tr style=\"height: 39.66668701171875px;\">\n<td style=\"width: 724.6666870117188px; height: 39.66668701171875px;\" colspan=\"4\" bgcolor=\"#99CC00\">\n<table style=\"width: 726px; height: 20px;\" border=\"0\">\n<tbody>\n<tr style=\"height: 22.66668701171875px;\">\n<td style=\"width: 234px; height: 22.66668701171875px;\" bgcolor=\"#CCCC00\">&lt;&lt;Donde Dormir en Granada<\/td>\n<td style=\"width: 252.6666717529297px; height: 22.66668701171875px;\" bgcolor=\"#CCCC00\">&lt;&lt;Volver a Granada<\/td>\n<td style=\"width: 216.6666717529297px; height: 22.66668701171875px;\" bgcolor=\"#CCCC00\"><a href=\"http:\/\/nicaragua-travel-guide.com\/site\/contactanos\/\">Contactarnos<\/a><\/td>\n<\/tr>\n<\/tbody>\n<\/table>\n<\/td>\n<\/tr>\n<\/tbody>\n<\/table>\n<\/td>\n<td style=\"width: 364.33331298828125px; height: 327.66668701171875px;\" valign=\"top\" bgcolor=\"#CCCC00\"><img loading=\"lazy\" decoding=\"async\" class=\"wp-image-13981 aligncenter\" src=\"http:\/\/nicaragua-travel-guide.com\/site\/wp-content\/uploads\/2016\/07\/hotelaislitaboutiquehabitacion.jpg\" alt=\"hotelaislitaboutiquehabitacion\" width=\"320\" height=\"401\" \/><\/td>\n<\/tr>\n<\/tbody>\n<\/table>\n","protected":false},"excerpt":{"rendered":"<p>La Islita Boutique Hotel Descripci\u00f3n La Islita est\u00e1 localizada en una apacible calle en el coraz\u00f3n del centro hist\u00f3rico de Granada.Los m\u00e1s importantes sitios tur\u00edsticos est\u00e1n a apenas unas cuantas calles del hotel, incluyendo restaurantes, tiendas, escuelas de idiomas y museos. &nbsp; &nbsp; Sus habitaciones est\u00e1n equipadas con TV por cable, A\/C, agua caliente, abanicos [&hellip;]<\/p>\n","protected":false},"author":2,"featured_media":0,"parent":0,"menu_order":0,"comment_status":"closed","ping_status":"closed","template":"","meta":{"footnotes":""},"_links":{"self":[{"href":"https:\/\/nicaragua-travel-guide.com\/site\/wp-json\/wp\/v2\/pages\/7864"}],"collection":[{"href":"https:\/\/nicaragua-travel-guide.com\/site\/wp-json\/wp\/v2\/pages"}],"about":[{"href":"https:\/\/nicaragua-travel-guide.com\/site\/wp-json\/wp\/v2\/types\/page"}],"author":[{"embeddable":true,"href":"https:\/\/nicaragua-travel-guide.com\/site\/wp-json\/wp\/v2\/users\/2"}],"replies":[{"embeddable":true,"href":"https:\/\/nicaragua-travel-guide.com\/site\/wp-json\/wp\/v2\/comments?post=7864"}],"version-history":[{"count":14,"href":"https:\/\/nicaragua-travel-guide.com\/site\/wp-json\/wp\/v2\/pages\/7864\/revisions"}],"predecessor-version":[{"id":13991,"href":"https:\/\/nicaragua-travel-guide.com\/site\/wp-json\/wp\/v2\/pages\/7864\/revisions\/13991"}],"wp:attachment":[{"href":"https:\/\/nicaragua-travel-guide.com\/site\/wp-json\/wp\/v2\/media?parent=7864"}],"curies":[{"name":"wp","href":"https:\/\/api.w.org\/{rel}","templated":true}]}}