{"id":7866,"date":"2016-07-26T19:06:34","date_gmt":"2016-07-26T19:06:34","guid":{"rendered":"http:\/\/nicaragua-travel-guide.com\/site\/?page_id=7866"},"modified":"2016-11-07T22:39:51","modified_gmt":"2016-11-07T22:39:51","slug":"granada-hotel-casa-de-alto","status":"publish","type":"page","link":"https:\/\/nicaragua-travel-guide.com\/site\/granada-hotel-casa-de-alto\/","title":{"rendered":"Granada Hotel \u00abCasa de Alto\u00bb"},"content":{"rendered":"<table style=\"width: 1060.09px;\" border=\"0\">\n<tbody>\n<tr>\n<td style=\"width: 939.09px; border-color: #fcfafa; height: 1407px; background-color: #fcfcfc;\" valign=\"top\" bgcolor=\"#FFFFFF\" height=\"1407\">\n<table style=\"width: 1064px;\" border=\"0\">\n<tbody>\n<tr style=\"height: 15px;\">\n<td style=\"height: 15px; width: 981px; background-color: #c76e08;\" colspan=\"3\" bgcolor=\"#FFFFFF\"><img loading=\"lazy\" decoding=\"async\" class=\"wp-image-13950 aligncenter\" src=\"http:\/\/nicaragua-travel-guide.com\/site\/wp-content\/uploads\/2016\/07\/hotelcasadealtoinicio.jpg\" alt=\"hotelcasadealtoinicio\" width=\"1059\" height=\"164\" \/><\/td>\n<\/tr>\n<tr style=\"height: 24px;\">\n<td style=\"height: 24px; width: 981px;\" colspan=\"3\" bgcolor=\"#FFFFFF\">&nbsp;<\/p>\n<table style=\"height: 5px; width: 1060px;\">\n<tbody>\n<tr>\n<td style=\"width: 346px;\"><img loading=\"lazy\" decoding=\"async\" class=\"wp-image-13947 aligncenter\" src=\"http:\/\/nicaragua-travel-guide.com\/site\/wp-content\/uploads\/2016\/07\/hotelcasadealtofrentebajo.jpg\" alt=\"hotelcasadealtofrentebajo\" width=\"344\" height=\"240\" \/><\/td>\n<td style=\"width: 710px;\"><img loading=\"lazy\" decoding=\"async\" class=\"wp-image-13949 aligncenter\" src=\"http:\/\/nicaragua-travel-guide.com\/site\/wp-content\/uploads\/2016\/07\/hotelcasadealtoheader.jpg\" alt=\"hotelcasadealtoheader\" width=\"664\" height=\"237\" \/><\/td>\n<\/tr>\n<\/tbody>\n<\/table>\n<\/td>\n<\/tr>\n<tr style=\"height: 21px;\">\n<td style=\"height: 21px; width: 981px; border-color: #f7f7f7;\" colspan=\"3\" bgcolor=\"#FFFFFF\"><strong>Descripci\u00f3n:<\/strong><\/td>\n<\/tr>\n<tr style=\"height: 220px;\">\n<td style=\"height: 220px; width: 981px; background-color: #de7709;\" colspan=\"3\" valign=\"top\" bgcolor=\"#CC6600\">Casa Alto se encuentra cerca del centro de la ciudad de Granada, en una calle tranquila, cercana al parque central, iglesias antiguas, restaurantes, museos y otros atractivos de este destino colonial.<\/p>\n<p>Hotel Casa de Alto le ofrece 7 C\u00f3modas y Elegantes habitaciones equipadas con todas las facilidades que usted necesita para disfrutar su estad\u00eda al m\u00e1ximo.<\/p>\n<p>Las habitaciones del establecimiento incluyen m\u00e1s de lo que un hotel com\u00fan ofrece. Por ejemplo, los hu\u00e9spedes encontrar\u00e1n un minibar, ropero para guardar su ropa y una peque\u00f1a mesa con su silla.<\/p>\n<p>En Hotel Casa de alto contamos con un personal altamente capacitado para hacer su visita placentera y agradable.<\/td>\n<\/tr>\n<tr style=\"height: 8px;\">\n<td style=\"height: 8px; width: 981px; border-color: #f7f7f7;\" colspan=\"3\" valign=\"top\" bgcolor=\"#FFFFFF\">En el Hotel ofrecemos los siguientes servicios:<\/td>\n<\/tr>\n<tr style=\"height: 221px;\">\n<td style=\"height: 221px; width: 981px; background-color: #c9700a;\" colspan=\"3\" valign=\"top\" bgcolor=\"#CC6600\">\n<table style=\"width: 1054px;\" border=\"0\">\n<tbody>\n<tr style=\"height: 203px;\">\n<td style=\"width: 705px; height: 203px; background-color: #db6e1a; border-color: #db6e1a;\">\n<ul>\n<li>Desayuno Incluido<\/li>\n<li>Internet<\/li>\n<li>Ba\u00f1o Privado \/ Agua Caliente<\/li>\n<li>Aire Acondicionado<\/li>\n<li>TV Color + Cable<\/li>\n<li>Conexi\u00f3n Inal\u00e1mbrica a Internet<\/li>\n<li>Parqueo Privado<\/li>\n<li>Alquiler de Veh\u00edculos<\/li>\n<li>Asistencia exclusiva y traslado al bar-restaurante \u00abLa Hacienda\u00bb, frente al convento \u00abSan Francisco\u00bb<\/li>\n<\/ul>\n<\/td>\n<td style=\"width: 569px; height: 203px; background-color: #db6e1a; border-color: #db6e1a;\" valign=\"top\"><img loading=\"lazy\" decoding=\"async\" class=\"alignnone wp-image-13948\" src=\"http:\/\/nicaragua-travel-guide.com\/site\/wp-content\/uploads\/2016\/07\/hotelcasadealtohabitaciondos.jpg\" alt=\"hotelcasadealtohabitaciondos\" width=\"486\" height=\"320\" \/><\/td>\n<\/tr>\n<\/tbody>\n<\/table>\n<\/td>\n<\/tr>\n<tr style=\"height: 21px;\">\n<td style=\"height: 21px; width: 981px; border-color: #f7f7f7;\" colspan=\"3\" bgcolor=\"#FFFFFF\">Las tarifas y habitaciones son las siguientes:<\/td>\n<\/tr>\n<tr style=\"height: 22px;\">\n<td style=\"height: 22px; width: 390px; border-color: #fcfafa;\" bgcolor=\"#FFFFFF\"><img loading=\"lazy\" decoding=\"async\" class=\"alignnone wp-image-13945\" src=\"http:\/\/nicaragua-travel-guide.com\/site\/wp-content\/uploads\/2016\/07\/hotelcasadealtosala.jpg\" alt=\"hotelcasadealtosala\" width=\"417\" height=\"275\" \/><\/td>\n<td style=\"height: 22px; width: 226px; border-color: #fcfafa;\" bgcolor=\"#FFFFFF\"><img loading=\"lazy\" decoding=\"async\" class=\"wp-image-13946 aligncenter\" src=\"http:\/\/nicaragua-travel-guide.com\/site\/wp-content\/uploads\/2016\/07\/hotelcadealtointeriorpiso.jpg\" alt=\"hotelcadealtointeriorpiso\" width=\"213\" height=\"284\" \/><\/td>\n<td style=\"height: 22px; width: 365px; border-color: #fcfafa;\" bgcolor=\"#FFFFFF\"><img loading=\"lazy\" decoding=\"async\" class=\"alignnone wp-image-13951\" src=\"http:\/\/nicaragua-travel-guide.com\/site\/wp-content\/uploads\/2016\/07\/hotelcasadealtopasillo.jpg\" alt=\"hotelcasadealtopasillo\" width=\"377\" height=\"283\" \/><\/td>\n<\/tr>\n<tr style=\"height: 22px;\">\n<td style=\"height: 22px; width: 981px; border-color: #f7f5f5;\" colspan=\"3\" bgcolor=\"#FFFFFF\">Otros servicios disponibles son:<\/p>\n<p>mesa de billar, \u00e1reas de relajaci\u00f3n y desayuno para los hu\u00e9spedes. Adem\u00e1s, se puede pedir servicio de comida a la habitaci\u00f3n, la cual se la llevaremos.<\/td>\n<\/tr>\n<tr style=\"height: 134px;\">\n<td style=\"height: 134px; width: 981px; border-color: #f5f2f2; background-color: #faf7f7;\" colspan=\"3\" valign=\"top\" bgcolor=\"#CC6633\">\n<table style=\"width: 1055.8px;\" border=\"0\" summary=\"overview of the room prices and amenities\" cellspacing=\"0\" cellpadding=\"5\">\n<tbody>\n<tr style=\"height: 3px;\">\n<td style=\"width: 284px; height: 3px; background-color: #c97214;\" valign=\"bottom\" bgcolor=\"#CC6600\">Tipo<\/td>\n<td style=\"width: 166px; height: 3px; background-color: #c97214;\" valign=\"bottom\" bgcolor=\"#CC6600\">Precios<\/td>\n<td style=\"width: 199px; height: 3px; background-color: #c97214;\" valign=\"bottom\" bgcolor=\"#CC6600\">Hu\u00e9spedes<\/td>\n<td style=\"width: 578.795px; height: 3px; background-color: #c97214;\" valign=\"bottom\" bgcolor=\"#CC6600\">Comodidades<\/td>\n<\/tr>\n<tr style=\"height: 13px;\">\n<td style=\"width: 284px; height: 13px; background-color: #faee07;\" bgcolor=\"#FFCC33\">Habitaci\u00f3n Sencilla<\/td>\n<td style=\"width: 166px; height: 13px; background-color: #faee07;\" bgcolor=\"#FFCC33\">US$45.00<\/td>\n<td style=\"width: 199px; height: 13px; background-color: #faee07;\" bgcolor=\"#FFCC33\">1<\/td>\n<td style=\"width: 578.795px; height: 13px; background-color: #faee07;\" bgcolor=\"#FFCC33\">A\/A, Abanico, TV, Ba\u00f1o Privado, Agua Caliente<\/td>\n<\/tr>\n<tr style=\"height: 6px;\">\n<td style=\"width: 284px; height: 6px; background-color: #c97214;\" bgcolor=\"#CC6600\">Habitaci\u00f3n Doble Suite<\/td>\n<td style=\"width: 166px; height: 6px; background-color: #c97214;\" bgcolor=\"#CC6600\">US$65.00<\/td>\n<td style=\"width: 199px; height: 6px; background-color: #c97214;\" bgcolor=\"#CC6600\">2<\/td>\n<td style=\"width: 578.795px; height: 6px; background-color: #c97214;\" bgcolor=\"#CC6600\">A\/A, Abanico, TV, Ba\u00f1o Privado, Agua Caliente<\/td>\n<\/tr>\n<tr style=\"height: 8px;\">\n<td style=\"width: 284px; height: 8px; background-color: #f1fc0f;\" bgcolor=\"#FFCC33\">Habitaci\u00f3n Triple<\/td>\n<td style=\"width: 166px; height: 8px; background-color: #f1fc0f;\" bgcolor=\"#FFCC33\">US$75.00<\/td>\n<td style=\"width: 199px; height: 8px; background-color: #f1fc0f;\" bgcolor=\"#FFCC33\">3<\/td>\n<td style=\"width: 578.795px; height: 8px; background-color: #f1fc0f;\" bgcolor=\"#FFCC33\">A\/A, Abanico, TV, Ba\u00f1o Privado, Agua Caliente<\/td>\n<\/tr>\n<tr style=\"height: 2.16675px;\">\n<td style=\"width: 1227.8px; height: 2.16675px; border-color: #ffffff;\" colspan=\"4\" valign=\"top\" bgcolor=\"#CC6600\"><strong>Los precios pueden variar por temporada.<\/strong><\/td>\n<\/tr>\n<\/tbody>\n<\/table>\n<\/td>\n<\/tr>\n<tr style=\"height: 21px;\">\n<td style=\"height: 21px; width: 981px; border-color: #fefffc; background-color: #ded009;\" colspan=\"3\" bgcolor=\"#FFCC33\"><strong>Los precios ya incluyen impuesto <\/strong>( IVA Inclu\u00eddo)<strong>*** <\/strong><strong>Desayuno Inclu\u00eddo ***Check-in: 2:00 pm | Check-out: 12:00 pm<\/strong><\/td>\n<\/tr>\n<tr style=\"height: 3px;\">\n<td style=\"height: 3px; width: 981px; border-color: #fcfcfc;\" colspan=\"3\" bgcolor=\"#CC6600\">Por mayor informacion y reservacion<a href=\"http:\/\/nicaragua-travel-guide.com\/site\/contactanos\/\"><strong> Contactarnos<\/strong><\/a><\/td>\n<\/tr>\n<\/tbody>\n<\/table>\n<\/td>\n<\/tr>\n<\/tbody>\n<\/table>\n","protected":false},"excerpt":{"rendered":"<p>&nbsp; Descripci\u00f3n: Casa Alto se encuentra cerca del centro de la ciudad de Granada, en una calle tranquila, cercana al parque central, iglesias antiguas, restaurantes, museos y otros atractivos de este destino colonial. Hotel Casa de Alto le ofrece 7 C\u00f3modas y Elegantes habitaciones equipadas con todas las facilidades que usted necesita para disfrutar su [&hellip;]<\/p>\n","protected":false},"author":2,"featured_media":0,"parent":0,"menu_order":0,"comment_status":"closed","ping_status":"closed","template":"","meta":{"footnotes":""},"_links":{"self":[{"href":"https:\/\/nicaragua-travel-guide.com\/site\/wp-json\/wp\/v2\/pages\/7866"}],"collection":[{"href":"https:\/\/nicaragua-travel-guide.com\/site\/wp-json\/wp\/v2\/pages"}],"about":[{"href":"https:\/\/nicaragua-travel-guide.com\/site\/wp-json\/wp\/v2\/types\/page"}],"author":[{"embeddable":true,"href":"https:\/\/nicaragua-travel-guide.com\/site\/wp-json\/wp\/v2\/users\/2"}],"replies":[{"embeddable":true,"href":"https:\/\/nicaragua-travel-guide.com\/site\/wp-json\/wp\/v2\/comments?post=7866"}],"version-history":[{"count":50,"href":"https:\/\/nicaragua-travel-guide.com\/site\/wp-json\/wp\/v2\/pages\/7866\/revisions"}],"predecessor-version":[{"id":13954,"href":"https:\/\/nicaragua-travel-guide.com\/site\/wp-json\/wp\/v2\/pages\/7866\/revisions\/13954"}],"wp:attachment":[{"href":"https:\/\/nicaragua-travel-guide.com\/site\/wp-json\/wp\/v2\/media?parent=7866"}],"curies":[{"name":"wp","href":"https:\/\/api.w.org\/{rel}","templated":true}]}}