{"id":7870,"date":"2016-07-26T19:10:41","date_gmt":"2016-07-26T19:10:41","guid":{"rendered":"http:\/\/nicaragua-travel-guide.com\/site\/?page_id=7870"},"modified":"2016-11-17T20:08:31","modified_gmt":"2016-11-17T20:08:31","slug":"granada-hotel-el-club-habitaciones","status":"publish","type":"page","link":"https:\/\/nicaragua-travel-guide.com\/site\/granada-hotel-el-club-habitaciones\/","title":{"rendered":"Granada Hotel \u00abEl Club\u00bb Habitaciones"},"content":{"rendered":"<table style=\"width: 991.445px;\" border=\"0\">\n<tbody>\n<tr style=\"height: 53px;\">\n<td style=\"height: 53px; width: 484px; border-color: #f5f5f5;\">\u00a0<img loading=\"lazy\" decoding=\"async\" class=\"alignnone size-full wp-image-14067\" src=\"http:\/\/nicaragua-travel-guide.com\/site\/wp-content\/uploads\/2016\/07\/logohotelybarelclub.jpg\" alt=\"logohotelybarelclub\" width=\"242\" height=\"193\" \/><\/td>\n<td style=\"height: 53px; width: 484px; border-color: #f5f5f5;\"><strong><em>Hotel el Club<\/em><\/strong><\/p>\n<p><strong><em>&#8230; Moments to remember &#8230;<\/em><\/strong><\/td>\n<\/tr>\n<tr style=\"height: 28px;\">\n<td style=\"height: 28px; width: 950.445px;\" colspan=\"2\" bgcolor=\"#FFFFFF\">\n<table style=\"width: 966.247px;\" border=\"0\">\n<tbody>\n<tr>\n<td style=\"width: 167px;\"><a href=\"http:\/\/nicaragua-travel-guide.com\/site\/granada-hotel-el-club-bar-restaurant\/\"><strong>Bienvenidos<\/strong><\/a><\/td>\n<td style=\"width: 203px;\" bgcolor=\"#9933FF\"><strong>Habitaciones<\/strong><\/td>\n<td style=\"width: 263px;\"><a href=\"http:\/\/nicaragua-travel-guide.com\/site\/granada-hotel-el-club-precio-de-habitaciones\/\">Precio de las Habitaciones<\/a><\/td>\n<td style=\"width: 103px;\">Especiales<\/td>\n<td style=\"width: 88px;\">Fotos<\/td>\n<td style=\"width: 148.247px;\"><strong>Contacto<\/strong><\/td>\n<\/tr>\n<\/tbody>\n<\/table>\n<\/td>\n<\/tr>\n<tr style=\"height: 405px;\">\n<td style=\"height: 405px; width: 950.445px;\" colspan=\"2\"><img loading=\"lazy\" decoding=\"async\" class=\"wp-image-14064 alignleft\" src=\"http:\/\/nicaragua-travel-guide.com\/site\/wp-content\/uploads\/2016\/07\/hotelclubhabitaciongrande.jpg\" alt=\"hotelclubhabitaciongrande\" width=\"1013\" height=\"438\" srcset=\"https:\/\/nicaragua-travel-guide.com\/site\/wp-content\/uploads\/2016\/07\/hotelclubhabitaciongrande.jpg 730w, https:\/\/nicaragua-travel-guide.com\/site\/wp-content\/uploads\/2016\/07\/hotelclubhabitaciongrande-600x260.jpg 600w\" sizes=\"(max-width: 1013px) 100vw, 1013px\" \/><\/td>\n<\/tr>\n<tr style=\"height: 87px;\">\n<td style=\"height: 87px; width: 950.445px;\" colspan=\"2\" bgcolor=\"#FFFFFF\"><span lang=\"\"><strong>Informaci\u00f3n del hotel y los cuartos\u00a0<\/strong><\/span>Hotel el Club es un peque\u00f1o \u2018boutique hotel\u2019 en el coraz\u00f3n de Granada. Nuestra pasi\u00f3n es la hospitalidad y nuestro personal le har\u00e1 sentirse como en casa. Las habitaciones del hotel tienen una decoraci\u00f3n sencilla, moderna y diferente en estilo y color. Cada habitaci\u00f3n tiene un ba\u00f1o privado con agua caliente, televisi\u00f3n y acondicionado.<\/p>\n<p><strong>NUEVO<\/strong>: un jacuzzi en el jard\u00edn sombreado del patio.<\/p>\n<p>Le ofrecemos opciones en una de las\u00a0quince habitaciones y dos apartamentos.<\/p>\n<p><strong>La habitaci\u00f3n de Mezzanini<\/strong>:\u00a0es la habitaci\u00f3n m\u00e1s grande que ofrecemos, por lo menos dos personas y un m\u00e1ximo de cuatro personas. La habitaci\u00f3n Mezzanini es tambi\u00e9n la habitaci\u00f3n m\u00e1s lujosa y tiene dos niveles, la planta alta y primer piso. Este es realmente un lugar perfecto para la familia.<\/p>\n<p><strong>La Club suite:<\/strong>\u00a0es el lugar m\u00e1s rom\u00e1ntico y es ideal para parejas y algunos amigos. Esta habitaci\u00f3n es de por lo menos dos personas y un m\u00e1ximo de cuatro personas.<\/p>\n<p><strong>La habitaci\u00f3n est\u00e1ndar:<\/strong>\u00a0es el cuarto m\u00e1s adecuado y es ideal para unos amigos (as) a quien le gustar\u00eda pasar la noche despu\u00e9s de una buena fiesta. Por otra parte, esta habitaci\u00f3n se adapta a cada viajero solitario independiente.<\/p>\n<p>Si desea saber m\u00e1s acerca de los precios de las habitaciones, consulte nuestros precios.<\/p>\n<p>Hotel el Club le ofrece un alojamiento a bajo precio en las habitaciones que son de alta calidad en comparaci\u00f3n con nuestros competidores en Granada.<\/td>\n<\/tr>\n<tr style=\"height: 12px;\">\n<td style=\"height: 12px; width: 950.445px;\" colspan=\"2\" bgcolor=\"#FFFFFF\">\n<table style=\"height: 261px; width: 1006px;\">\n<tbody>\n<tr style=\"height: 140px;\">\n<td style=\"width: 334px; height: 140px;\"><img loading=\"lazy\" decoding=\"async\" class=\"wp-image-14060 alignleft\" src=\"http:\/\/nicaragua-travel-guide.com\/site\/wp-content\/uploads\/2016\/07\/hotelclubhabitacionazul.jpg\" alt=\"hotelclubhabitacionazul\" width=\"312\" height=\"236\" \/><\/td>\n<td style=\"width: 327px; height: 140px;\"><img loading=\"lazy\" decoding=\"async\" class=\"wp-image-14061 alignleft\" src=\"http:\/\/nicaragua-travel-guide.com\/site\/wp-content\/uploads\/2016\/07\/hotelclubhabitacionazuldos.jpg\" alt=\"hotelclubhabitacionazuldos\" width=\"306\" height=\"234\" \/><\/td>\n<td style=\"width: 356px; height: 140px;\"><img loading=\"lazy\" decoding=\"async\" class=\"size-full wp-image-14059 alignleft\" src=\"http:\/\/nicaragua-travel-guide.com\/site\/wp-content\/uploads\/2016\/07\/hotelclubcamafloresblancas.jpg\" alt=\"hotelclubcamafloresblancas\" width=\"345\" height=\"231\" srcset=\"https:\/\/nicaragua-travel-guide.com\/site\/wp-content\/uploads\/2016\/07\/hotelclubcamafloresblancas.jpg 345w, https:\/\/nicaragua-travel-guide.com\/site\/wp-content\/uploads\/2016\/07\/hotelclubcamafloresblancas-180x120.jpg 180w\" sizes=\"(max-width: 345px) 100vw, 345px\" \/><\/td>\n<\/tr>\n<\/tbody>\n<\/table>\n<\/td>\n<\/tr>\n<tr style=\"height: 21px;\">\n<td style=\"height: 21px; width: 950.445px;\" colspan=\"2\" bgcolor=\"#9966FF\"><\/td>\n<\/tr>\n<tr style=\"height: 12px;\">\n<td style=\"height: 12px; width: 950.445px;\" colspan=\"2\" bgcolor=\"#FFFFFF\">\n<table style=\"height: 250px; width: 1004px;\">\n<tbody>\n<tr>\n<td style=\"width: 314px;\"><img loading=\"lazy\" decoding=\"async\" class=\"alignnone  wp-image-14068\" src=\"http:\/\/nicaragua-travel-guide.com\/site\/wp-content\/uploads\/2016\/07\/hotelclubcamaperfil.jpg\" alt=\"hotelclubcamaperfil\" width=\"339\" height=\"227\" srcset=\"https:\/\/nicaragua-travel-guide.com\/site\/wp-content\/uploads\/2016\/07\/hotelclubcamaperfil.jpg 345w, https:\/\/nicaragua-travel-guide.com\/site\/wp-content\/uploads\/2016\/07\/hotelclubcamaperfil-180x120.jpg 180w\" sizes=\"(max-width: 339px) 100vw, 339px\" \/><\/td>\n<td style=\"width: 345px;\"><img loading=\"lazy\" decoding=\"async\" class=\"alignnone  wp-image-14063\" src=\"http:\/\/nicaragua-travel-guide.com\/site\/wp-content\/uploads\/2016\/07\/hotelclubhabitacionescalera.jpg\" alt=\"hotelclubhabitacionescalera\" width=\"339\" height=\"227\" srcset=\"https:\/\/nicaragua-travel-guide.com\/site\/wp-content\/uploads\/2016\/07\/hotelclubhabitacionescalera.jpg 274w, https:\/\/nicaragua-travel-guide.com\/site\/wp-content\/uploads\/2016\/07\/hotelclubhabitacionescalera-180x120.jpg 180w\" sizes=\"(max-width: 339px) 100vw, 339px\" \/><\/td>\n<td style=\"width: 341px;\"><img loading=\"lazy\" decoding=\"async\" class=\"alignnone size-full wp-image-14062\" src=\"http:\/\/nicaragua-travel-guide.com\/site\/wp-content\/uploads\/2016\/07\/hotelclubhabitacionblanca.jpg\" alt=\"hotelclubhabitacionblanca\" width=\"345\" height=\"231\" srcset=\"https:\/\/nicaragua-travel-guide.com\/site\/wp-content\/uploads\/2016\/07\/hotelclubhabitacionblanca.jpg 345w, https:\/\/nicaragua-travel-guide.com\/site\/wp-content\/uploads\/2016\/07\/hotelclubhabitacionblanca-180x120.jpg 180w\" sizes=\"(max-width: 345px) 100vw, 345px\" \/><\/td>\n<\/tr>\n<\/tbody>\n<\/table>\n<\/td>\n<\/tr>\n<tr style=\"height: 6px;\">\n<td style=\"height: 6px; width: 950.445px; background-color: #b097ad;\" colspan=\"2\" bgcolor=\"#FFFFFF\"><\/td>\n<\/tr>\n<\/tbody>\n<\/table>\n","protected":false},"excerpt":{"rendered":"<p>\u00a0 Hotel el Club &#8230; Moments to remember &#8230; Bienvenidos Habitaciones Precio de las Habitaciones Especiales Fotos Contacto Informaci\u00f3n del hotel y los cuartos\u00a0Hotel el Club es un peque\u00f1o \u2018boutique hotel\u2019 en el coraz\u00f3n de Granada. Nuestra pasi\u00f3n es la hospitalidad y nuestro personal le har\u00e1 sentirse como en casa. Las habitaciones del hotel tienen [&hellip;]<\/p>\n","protected":false},"author":2,"featured_media":0,"parent":0,"menu_order":0,"comment_status":"closed","ping_status":"closed","template":"","meta":{"footnotes":""},"_links":{"self":[{"href":"https:\/\/nicaragua-travel-guide.com\/site\/wp-json\/wp\/v2\/pages\/7870"}],"collection":[{"href":"https:\/\/nicaragua-travel-guide.com\/site\/wp-json\/wp\/v2\/pages"}],"about":[{"href":"https:\/\/nicaragua-travel-guide.com\/site\/wp-json\/wp\/v2\/types\/page"}],"author":[{"embeddable":true,"href":"https:\/\/nicaragua-travel-guide.com\/site\/wp-json\/wp\/v2\/users\/2"}],"replies":[{"embeddable":true,"href":"https:\/\/nicaragua-travel-guide.com\/site\/wp-json\/wp\/v2\/comments?post=7870"}],"version-history":[{"count":14,"href":"https:\/\/nicaragua-travel-guide.com\/site\/wp-json\/wp\/v2\/pages\/7870\/revisions"}],"predecessor-version":[{"id":14072,"href":"https:\/\/nicaragua-travel-guide.com\/site\/wp-json\/wp\/v2\/pages\/7870\/revisions\/14072"}],"wp:attachment":[{"href":"https:\/\/nicaragua-travel-guide.com\/site\/wp-json\/wp\/v2\/media?parent=7870"}],"curies":[{"name":"wp","href":"https:\/\/api.w.org\/{rel}","templated":true}]}}