{"id":7872,"date":"2016-07-26T19:13:19","date_gmt":"2016-07-26T19:13:19","guid":{"rendered":"http:\/\/nicaragua-travel-guide.com\/site\/?page_id=7872"},"modified":"2016-11-17T20:28:58","modified_gmt":"2016-11-17T20:28:58","slug":"granada-hotel-el-club-precio-de-habitaciones","status":"publish","type":"page","link":"https:\/\/nicaragua-travel-guide.com\/site\/granada-hotel-el-club-precio-de-habitaciones\/","title":{"rendered":"Granada Hotel \u00abEl Club\u00bb Precio de habitaciones"},"content":{"rendered":"<table style=\"width: 983.129px;\" border=\"0\">\n<tbody>\n<tr style=\"height: 28px;\">\n<td style=\"width: 20px; height: 28px;\" colspan=\"2\">\n<table style=\"height: 80px; width: 999.997px;\">\n<tbody>\n<tr>\n<td style=\"width: 405px; border-color: #ffffff;\"><img loading=\"lazy\" decoding=\"async\" class=\"alignnone size-full wp-image-14067\" src=\"http:\/\/nicaragua-travel-guide.com\/site\/wp-content\/uploads\/2016\/07\/logohotelybarelclub.jpg\" alt=\"logohotelybarelclub\" width=\"242\" height=\"193\" \/><\/td>\n<td style=\"width: 405px; border-color: #ffffff;\"><strong><em>Hotel el Club<\/em><\/strong><strong><em>&#8230; <\/em><\/strong><\/p>\n<p><strong><em>Moments to remember &#8230;<\/em><\/strong><\/td>\n<\/tr>\n<\/tbody>\n<\/table>\n<\/td>\n<\/tr>\n<tr style=\"height: 28px;\">\n<td style=\"width: 20px; height: 28px; background-color: #bea8bf;\" colspan=\"2\">\n<table style=\"width: 972.92px;\" border=\"0\">\n<tbody>\n<tr>\n<td style=\"width: 139px;\" bgcolor=\"#FFFFFF\"><a href=\"http:\/\/nicaragua-travel-guide.com\/site\/granada-hotel-el-club-bar-restaurant\/\"><strong>Bienvenidos<\/strong><\/a><\/td>\n<td style=\"width: 138px;\"><a href=\"http:\/\/nicaragua-travel-guide.com\/site\/granada-hotel-el-club-habitaciones\/\"><strong>Habitaciones<\/strong><\/a><\/td>\n<td style=\"width: 223px;\" bgcolor=\"#9933FF\"><strong>Precio de Habitaciones<\/strong><\/td>\n<td style=\"width: 208px;\">Especiales<\/td>\n<td style=\"width: 124px;\">Fotos<\/td>\n<td style=\"width: 139.92px;\"><strong>Contacto<\/strong><\/td>\n<\/tr>\n<\/tbody>\n<\/table>\n<\/td>\n<\/tr>\n<tr style=\"height: 230px;\">\n<td style=\"width: 20px; height: 230px;\" colspan=\"2\">\n<table style=\"height: 254px; width: 1001.6666870117188px;\">\n<tbody>\n<tr style=\"height: 162.438px;\">\n<td style=\"width: 323px; height: 162.438px; background-color: #f7f7f5;\"><img loading=\"lazy\" decoding=\"async\" class=\"alignnone wp-image-14060\" style=\"background-color: #ffffff;\" src=\"http:\/\/nicaragua-travel-guide.com\/site\/wp-content\/uploads\/2016\/07\/hotelclubhabitacionazul.jpg\" alt=\"hotelclubhabitacionazul\" width=\"316\" height=\"239\" \/><\/td>\n<td style=\"width: 320px; height: 162.438px; background-color: #f7f7f5;\"><img loading=\"lazy\" decoding=\"async\" class=\"alignnone wp-image-14061\" style=\"background-color: #ffffff;\" src=\"http:\/\/nicaragua-travel-guide.com\/site\/wp-content\/uploads\/2016\/07\/hotelclubhabitacionazuldos.jpg\" alt=\"hotelclubhabitacionazuldos\" width=\"315\" height=\"241\" \/><\/td>\n<td style=\"width: 341.66668701171875px; height: 162.438px; background-color: #f7f7f5;\"><img loading=\"lazy\" decoding=\"async\" class=\"alignnone size-full wp-image-14068\" style=\"background-color: #ffffff;\" src=\"http:\/\/nicaragua-travel-guide.com\/site\/wp-content\/uploads\/2016\/07\/hotelclubcamaperfil.jpg\" alt=\"hotelclubcamaperfil\" width=\"345\" height=\"231\" srcset=\"https:\/\/nicaragua-travel-guide.com\/site\/wp-content\/uploads\/2016\/07\/hotelclubcamaperfil.jpg 345w, https:\/\/nicaragua-travel-guide.com\/site\/wp-content\/uploads\/2016\/07\/hotelclubcamaperfil-180x120.jpg 180w\" sizes=\"(max-width: 345px) 100vw, 345px\" \/><\/td>\n<\/tr>\n<\/tbody>\n<\/table>\n<\/td>\n<\/tr>\n<tr style=\"height: 21px;\">\n<td style=\"width: 20px; height: 21px;\" colspan=\"2\" valign=\"top\" bgcolor=\"#9933FF\"><strong>Precio de Habitaciones:<\/strong><\/td>\n<\/tr>\n<tr style=\"height: 10px;\">\n<td style=\"width: 20px; height: 10px; background-color: #a66aa0;\" colspan=\"2\" valign=\"top\" bgcolor=\"#FFFFFF\">\n<table style=\"width: 994px; height: 359px;\" border=\"0\">\n<tbody>\n<tr style=\"height: 21px;\">\n<td style=\"width: 119.132px; height: 21px;\">Cuartos<\/td>\n<td style=\"width: 75.7986px; height: 21px;\">Ocupaci\u00f3n<\/td>\n<td style=\"width: 229.132px; height: 21px;\">Temporada baja. Por habitaci\u00f3n<\/td>\n<td style=\"width: 544.688px; height: 21px;\">Temporada alta. Por habitaci\u00f3n<\/td>\n<\/tr>\n<tr style=\"height: 21px;\">\n<td style=\"width: 119.132px; height: 21px;\" bgcolor=\"#FFCCFF\">Est\u00e1ndar<\/td>\n<td style=\"width: 75.7986px; height: 21px;\" bgcolor=\"#FFCCFF\">Single<\/td>\n<td style=\"width: 229.132px; height: 21px;\" bgcolor=\"#FFCCFF\">US$25<\/td>\n<td style=\"width: 544.688px; height: 21px;\" bgcolor=\"#FFCCFF\">US$35<\/td>\n<\/tr>\n<tr style=\"height: 21px;\">\n<td style=\"width: 119.132px; height: 21px;\">Est\u00e1ndar<\/td>\n<td style=\"width: 75.7986px; height: 21px;\">Doble<\/td>\n<td style=\"width: 229.132px; height: 21px;\">US$40<\/td>\n<td style=\"width: 544.688px; height: 21px;\">US$50<\/td>\n<\/tr>\n<tr style=\"height: 21px;\">\n<td style=\"width: 119.132px; height: 21px;\" bgcolor=\"#CCCCFF\">Club Suite<\/td>\n<td style=\"width: 75.7986px; height: 21px;\" bgcolor=\"#CCCCFF\">Doble<\/td>\n<td style=\"width: 229.132px; height: 21px;\" bgcolor=\"#CCCCFF\">US$45<\/td>\n<td style=\"width: 544.688px; height: 21px;\" bgcolor=\"#CCCCFF\">US$55<\/td>\n<\/tr>\n<tr style=\"height: 21.8577px;\">\n<td style=\"width: 119.132px; height: 21.8577px;\">Club Suite<\/td>\n<td style=\"width: 75.7986px; height: 21.8577px;\">Triple<\/td>\n<td style=\"width: 229.132px; height: 21.8577px;\">US$60<\/td>\n<td style=\"width: 544.688px; height: 21.8577px;\">US$70<\/td>\n<\/tr>\n<tr style=\"height: 21px;\">\n<td style=\"width: 119.132px; height: 21px;\" bgcolor=\"#CCFFFF\">Mezzanine<\/td>\n<td style=\"width: 75.7986px; height: 21px;\" bgcolor=\"#CCFFFF\">Doble<\/td>\n<td style=\"width: 229.132px; height: 21px;\" bgcolor=\"#CCFFFF\">US$45<\/td>\n<td style=\"width: 544.688px; height: 21px;\" bgcolor=\"#CCFFFF\">US$55<\/td>\n<\/tr>\n<tr style=\"height: 21px;\">\n<td style=\"width: 119.132px; height: 21px;\">Mezzanine<\/td>\n<td style=\"width: 75.7986px; height: 21px;\">Triple<\/td>\n<td style=\"width: 229.132px; height: 21px;\">US$60<\/td>\n<td style=\"width: 544.688px; height: 21px;\">US$70<\/td>\n<\/tr>\n<tr style=\"height: 21px;\">\n<td style=\"width: 119.132px; height: 21px;\" bgcolor=\"#CCCCFF\">Mezzanine<\/td>\n<td style=\"width: 75.7986px; height: 21px;\" bgcolor=\"#CCCCFF\">Quadruple<\/td>\n<td style=\"width: 229.132px; height: 21px;\" bgcolor=\"#CCCCFF\">US$80<\/td>\n<td style=\"width: 544.688px; height: 21px;\" bgcolor=\"#CCCCFF\">US$90<\/td>\n<\/tr>\n<tr style=\"height: 138px;\">\n<td style=\"width: 434.688px; height: 138px;\" colspan=\"3\" bgcolor=\"#CCCCFF\"><strong>Temporada alta 2012:<\/strong><\/p>\n<p>* 20 de diciembre 2011 hasta el 29 de febrero 2012<br \/>\n* 16 de julio hasta el 24 de agosto<br \/>\n* Semana Santa:\u00a001 de abril hasta el\u00a008 de abril<\/td>\n<td style=\"width: 544.688px; height: 138px;\" bgcolor=\"#CCCCFF\">*Todos los precios no incluyen el 15% de Impuesto Nacional<\/p>\n<p>*El precio no incluye 7% mediante el pago con tarjeta de cr\u00e9dito<\/p>\n<p>*Los precios incluyen un desayuno est\u00e1ndar.<\/td>\n<\/tr>\n<\/tbody>\n<\/table>\n<\/td>\n<\/tr>\n<tr style=\"height: 10px;\">\n<td style=\"width: 20px; height: 10px; background-color: #faf5f9;\" colspan=\"2\" valign=\"top\" bgcolor=\"#FFFFFF\">\u00a0<img loading=\"lazy\" decoding=\"async\" class=\"alignnone wp-image-14064\" style=\"background-color: #ffffff;\" src=\"http:\/\/nicaragua-travel-guide.com\/site\/wp-content\/uploads\/2016\/07\/hotelclubhabitaciongrande.jpg\" alt=\"hotelclubhabitaciongrande\" width=\"988\" height=\"427\" srcset=\"https:\/\/nicaragua-travel-guide.com\/site\/wp-content\/uploads\/2016\/07\/hotelclubhabitaciongrande.jpg 730w, https:\/\/nicaragua-travel-guide.com\/site\/wp-content\/uploads\/2016\/07\/hotelclubhabitaciongrande-600x260.jpg 600w\" sizes=\"(max-width: 988px) 100vw, 988px\" \/><\/td>\n<\/tr>\n<tr style=\"height: 10px;\">\n<td style=\"width: 20px; height: 10px; background-color: #c2acc0;\" colspan=\"2\" valign=\"top\" bgcolor=\"#FFFFFF\"><strong><span lang=\"es\" xml:lang=\"es\">Pol\u00edtica de Cancelaci\u00f3n:<\/span><\/strong><\/td>\n<\/tr>\n<tr style=\"height: 182.882px;\">\n<td style=\"width: 20px; height: 182.882px;\" colspan=\"2\" valign=\"top\" bgcolor=\"#FFFFFF\"><span lang=\"es\" xml:lang=\"es\"><br \/>\nLas anulaciones de reservas deben hacerse con al menos 48 horas antes de su llegada para evitar cargos en temporada baja y en la temporada alta 15 d\u00edas antes su llegada. Si la cancelaci\u00f3n se hace despu\u00e9s de este plazo, se cargar\u00e1 el precio del primer noche, m\u00e1s el 15% de Impuestos Nacional.<\/span><span lang=\"es\" xml:lang=\"es\">Por otra parte, si no se presenta en el hotel, se cargar\u00e1 al precio de la primera noche, m\u00e1s el 15% de Impuestos Nacional. <\/span><span lang=\"es\" xml:lang=\"es\">Este importe se cargar\u00e1 en la tarjeta de cr\u00e9dito que nos han proporcionado. Adem\u00e1s, pagar con tarjeta de cr\u00e9dito cuesta 7% m\u00e1s del precio.<\/span><span lang=\"es\" xml:lang=\"es\"><br \/>\nUsted est\u00e1 obligado a cancelar su reserva 48 horas o 15 d\u00edas antes de su llegada para evitar cargos. P\u00f3ngase en contacto con nosotros en caso de cancelaci\u00f3n.\u00a0<\/span><strong><em><span lang=\"es\" xml:lang=\"es\">\u00a0<\/span><\/em><\/strong> <strong><span lang=\"es\" xml:lang=\"es\">\u00a0<\/span><\/strong><\/td>\n<\/tr>\n<tr style=\"height: 214px;\">\n<td style=\"width: 20px; height: 214px;\" colspan=\"2\" valign=\"top\" bgcolor=\"#FFFFFF\">\n<table style=\"width: 996.028px;\" border=\"0\">\n<tbody>\n<tr style=\"height: 25px;\">\n<td style=\"width: 891.028px; height: 25px; background-color: #ddb6e3;\" colspan=\"2\" bgcolor=\"#CC99FF\"><strong>Pol\u00edticas generales:<\/strong><\/td>\n<\/tr>\n<tr style=\"height: 23px;\">\n<td style=\"width: 28px; height: 23px;\">1<\/td>\n<td style=\"width: 863.028px; height: 23px;\">El precio no incluye impuestos y cargos<\/td>\n<\/tr>\n<tr style=\"height: 11px;\">\n<td style=\"width: 28px; height: 11px;\">2<\/td>\n<td style=\"width: 863.028px; height: 23px;\">No se permiten realizar cambios de nombre en una reservaci\u00f3n una vez completada la misma<\/td>\n<\/tr>\n<tr style=\"height: 21px;\">\n<td style=\"width: 891.028px; height: 21px; background-color: #a491ab;\" colspan=\"2\">Pol\u00edticas del hotel<\/td>\n<\/tr>\n<tr style=\"height: 21px;\">\n<td style=\"width: 28px; height: 21px;\">1<\/td>\n<td style=\"width: 863.028px; height: 21px;\">El tiempo de check-out es a las 11.00 AM<\/td>\n<\/tr>\n<tr style=\"height: 21px;\">\n<td style=\"width: 28px; height: 21px;\">2<\/td>\n<td style=\"width: 863.028px; height: 21px;\">Abandonado el hotel despu\u00e9s a las 11.00 AM, se cargar\u00e1 una noche m\u00e1s<\/td>\n<\/tr>\n<tr style=\"height: 21px;\">\n<td style=\"width: 28px; height: 21px;\">3<\/td>\n<td style=\"width: 863.028px; height: 21px;\">Al momento de su salida, se le cargar\u00e1n directamente los cargos adicionales.<\/td>\n<\/tr>\n<tr style=\"height: 44px;\">\n<td style=\"width: 28px; height: 44px;\">4<\/td>\n<td style=\"width: 863.028px; height: 44px;\">No hay devoluciones por noches de estad\u00eda no utilizadas, incluyendo situaciones de check-in despu\u00e9s de la fecha de llegada o check-out antes de la fecha de salida<\/td>\n<\/tr>\n<tr style=\"height: 21px;\">\n<td style=\"width: 28px; height: 21px;\">5<\/td>\n<td style=\"width: 863.028px; height: 21px;\">En las habitaciones no se permiten fumar<\/td>\n<\/tr>\n<tr style=\"height: 21px;\">\n<td style=\"width: 28px; height: 21px;\">6<\/td>\n<td style=\"width: 863.028px; height: 21px;\">El jacuzzi: solo es para hu\u00e9spedes del hotel El Club. Se puede utilizar cada d\u00eda hasta las 11.00 PM.<\/td>\n<\/tr>\n<\/tbody>\n<\/table>\n<\/td>\n<\/tr>\n<tr style=\"height: 11px;\">\n<td style=\"width: 20px; height: 11px; background-color: #f7f7f2;\" colspan=\"2\" valign=\"top\" bgcolor=\"#FFFFFF\">\n<table style=\"height: 191px; width: 994px;\">\n<tbody>\n<tr>\n<td style=\"width: 318.278px; background-color: #f5eded;\"><img loading=\"lazy\" decoding=\"async\" class=\"alignnone wp-image-14063\" src=\"http:\/\/nicaragua-travel-guide.com\/site\/wp-content\/uploads\/2016\/07\/hotelclubhabitacionescalera.jpg\" alt=\"hotelclubhabitacionescalera\" width=\"335\" height=\"224\" srcset=\"https:\/\/nicaragua-travel-guide.com\/site\/wp-content\/uploads\/2016\/07\/hotelclubhabitacionescalera.jpg 274w, https:\/\/nicaragua-travel-guide.com\/site\/wp-content\/uploads\/2016\/07\/hotelclubhabitacionescalera-180x120.jpg 180w\" sizes=\"(max-width: 335px) 100vw, 335px\" \/><\/td>\n<td style=\"width: 318.278px; background-color: #f5eded;\"><img loading=\"lazy\" decoding=\"async\" class=\"alignnone size-full wp-image-14062\" src=\"http:\/\/nicaragua-travel-guide.com\/site\/wp-content\/uploads\/2016\/07\/hotelclubhabitacionblanca.jpg\" alt=\"hotelclubhabitacionblanca\" width=\"345\" height=\"231\" srcset=\"https:\/\/nicaragua-travel-guide.com\/site\/wp-content\/uploads\/2016\/07\/hotelclubhabitacionblanca.jpg 345w, https:\/\/nicaragua-travel-guide.com\/site\/wp-content\/uploads\/2016\/07\/hotelclubhabitacionblanca-180x120.jpg 180w\" sizes=\"(max-width: 345px) 100vw, 345px\" \/><\/td>\n<td style=\"width: 318.278px; background-color: #f5eded;\"><img loading=\"lazy\" decoding=\"async\" class=\"alignnone size-full wp-image-14059\" src=\"http:\/\/nicaragua-travel-guide.com\/site\/wp-content\/uploads\/2016\/07\/hotelclubcamafloresblancas.jpg\" alt=\"hotelclubcamafloresblancas\" width=\"345\" height=\"231\" srcset=\"https:\/\/nicaragua-travel-guide.com\/site\/wp-content\/uploads\/2016\/07\/hotelclubcamafloresblancas.jpg 345w, https:\/\/nicaragua-travel-guide.com\/site\/wp-content\/uploads\/2016\/07\/hotelclubcamafloresblancas-180x120.jpg 180w\" sizes=\"(max-width: 345px) 100vw, 345px\" \/><\/td>\n<\/tr>\n<\/tbody>\n<\/table>\n<\/td>\n<\/tr>\n<tr style=\"height: 21px;\">\n<td style=\"width: 20px; height: 21px; background-color: #b59eb8;\" colspan=\"2\"><\/td>\n<\/tr>\n<\/tbody>\n<\/table>\n","protected":false},"excerpt":{"rendered":"<p>Hotel el Club&#8230; Moments to remember &#8230; Bienvenidos Habitaciones Precio de Habitaciones Especiales Fotos Contacto Precio de Habitaciones: Cuartos Ocupaci\u00f3n Temporada baja. Por habitaci\u00f3n Temporada alta. Por habitaci\u00f3n Est\u00e1ndar Single US$25 US$35 Est\u00e1ndar Doble US$40 US$50 Club Suite Doble US$45 US$55 Club Suite Triple US$60 US$70 Mezzanine Doble US$45 US$55 Mezzanine Triple US$60 US$70 Mezzanine [&hellip;]<\/p>\n","protected":false},"author":2,"featured_media":0,"parent":0,"menu_order":0,"comment_status":"closed","ping_status":"closed","template":"","meta":{"footnotes":""},"_links":{"self":[{"href":"https:\/\/nicaragua-travel-guide.com\/site\/wp-json\/wp\/v2\/pages\/7872"}],"collection":[{"href":"https:\/\/nicaragua-travel-guide.com\/site\/wp-json\/wp\/v2\/pages"}],"about":[{"href":"https:\/\/nicaragua-travel-guide.com\/site\/wp-json\/wp\/v2\/types\/page"}],"author":[{"embeddable":true,"href":"https:\/\/nicaragua-travel-guide.com\/site\/wp-json\/wp\/v2\/users\/2"}],"replies":[{"embeddable":true,"href":"https:\/\/nicaragua-travel-guide.com\/site\/wp-json\/wp\/v2\/comments?post=7872"}],"version-history":[{"count":30,"href":"https:\/\/nicaragua-travel-guide.com\/site\/wp-json\/wp\/v2\/pages\/7872\/revisions"}],"predecessor-version":[{"id":14073,"href":"https:\/\/nicaragua-travel-guide.com\/site\/wp-json\/wp\/v2\/pages\/7872\/revisions\/14073"}],"wp:attachment":[{"href":"https:\/\/nicaragua-travel-guide.com\/site\/wp-json\/wp\/v2\/media?parent=7872"}],"curies":[{"name":"wp","href":"https:\/\/api.w.org\/{rel}","templated":true}]}}