{"id":7876,"date":"2016-07-26T19:17:11","date_gmt":"2016-07-26T19:17:11","guid":{"rendered":"http:\/\/nicaragua-travel-guide.com\/site\/?page_id=7876"},"modified":"2016-11-07T23:40:36","modified_gmt":"2016-11-07T23:40:36","slug":"granada-hotel-cocibolca","status":"publish","type":"page","link":"https:\/\/nicaragua-travel-guide.com\/site\/granada-hotel-cocibolca\/","title":{"rendered":"Granada Hotel \u00abCocibolca\u00bb"},"content":{"rendered":"<table style=\"width: 1017.666748046875px;\" border=\"0\">\n<tbody>\n<tr style=\"height: 578px;\">\n<td style=\"width: 954.666748046875px; height: 578px;\" colspan=\"3\" valign=\"top\" bgcolor=\"#FFFFFF\">\n<table style=\"height: 50px; width: 1008px;\">\n<tbody>\n<tr>\n<td style=\"width: 295px;\"><img loading=\"lazy\" decoding=\"async\" class=\"alignnone wp-image-13961\" src=\"http:\/\/nicaragua-travel-guide.com\/site\/wp-content\/uploads\/2016\/07\/hotelcocibolcalogo.jpg\" alt=\"hotelcocibolcalogo\" width=\"265\" height=\"175\" \/><\/td>\n<td style=\"width: 703px;\"><img loading=\"lazy\" decoding=\"async\" class=\"wp-image-13958 aligncenter\" src=\"http:\/\/nicaragua-travel-guide.com\/site\/wp-content\/uploads\/2016\/07\/hotelcocibolcarecpcion.jpg\" alt=\"hotelcocibolcarecpcion\" width=\"698\" height=\"523\" \/><\/td>\n<\/tr>\n<\/tbody>\n<\/table>\n<\/td>\n<\/tr>\n<tr style=\"height: 22px;\">\n<td style=\"width: 954.666748046875px; height: 22px;\" colspan=\"3\" valign=\"top\" bgcolor=\"#0000FF\"><strong>Hotel Cocibolca:<\/strong><\/td>\n<\/tr>\n<tr style=\"height: 22px;\">\n<td style=\"width: 954.666748046875px; height: 22px;\" colspan=\"3\" bgcolor=\"#FFFFFF\"><strong>Descripci\u00f3n:<\/strong><\/td>\n<\/tr>\n<tr style=\"height: 286px;\">\n<td style=\"width: 954.666748046875px; height: 286px;\" colspan=\"3\" bgcolor=\"#0000FF\">El Hotel Cocibolca, ubicado muy cerca del centro de<strong> Granada,<\/strong> est\u00e1 instalado en un espacioso edificio de dos plantas que a\u00fan conserva su fachada colonial.<\/p>\n<p>Las habitaciones son modernas y rodean un jard\u00edn interior en cuyo centro hay una fuente.<\/p>\n<p>Todas las habitaciones tienen aire acondicionado, televisi\u00f3n y ba\u00f1o privado.<\/p>\n<p>El hotel tambi\u00e9n tiene a disposici\u00f3n una piscina mediana al aire libre ubicada en la parte posterior, una sala de conferencias con capacidad de 40 personas, servicio de lavander\u00eda, transporte, internet y desayuno.<\/p>\n<p>El lema de este hotel es: \u201cGranada es el destino, por su arquitectura y su majestuoso Lago Cocibolca. Queremos ser parte de su destino, vis\u00edtenos y nos llevar\u00e1 en el coraz\u00f3n\u201d.<\/td>\n<\/tr>\n<tr style=\"height: 22px;\">\n<td style=\"width: 954.666748046875px; height: 22px;\" colspan=\"3\" bgcolor=\"#FFFFFF\"><strong>Precios:<\/strong><\/td>\n<\/tr>\n<tr style=\"height: 184.666748046875px;\">\n<td style=\"width: 954.666748046875px; height: 184.666748046875px;\" colspan=\"3\" valign=\"top\" bgcolor=\"#FFFFFF\">\n<table style=\"width: 1002px;\" border=\"0\">\n<tbody>\n<tr>\n<td style=\"width: 241.33334350585938px;\" bgcolor=\"#FFFFFF\"><img loading=\"lazy\" decoding=\"async\" class=\"wp-image-13959 aligncenter\" style=\"font-family: inherit; font-size: inherit; line-height: 1.5;\" src=\"http:\/\/nicaragua-travel-guide.com\/site\/wp-content\/uploads\/2016\/07\/hotelcocibolcacorredorarriba.jpg\" alt=\"hotelcocibolcacorredorarriba\" width=\"216\" height=\"162\" \/><\/td>\n<td style=\"width: 284.6666564941406px;\" bgcolor=\"#FFFFFF\"><img loading=\"lazy\" decoding=\"async\" class=\"wp-image-13960 aligncenter\" src=\"http:\/\/nicaragua-travel-guide.com\/site\/wp-content\/uploads\/2016\/07\/hotelcocibolcahabitacion.jpg\" alt=\"hotelcocibolcahabitacion\" width=\"234\" height=\"175\" \/><\/td>\n<td style=\"width: 257px;\" bgcolor=\"#FFFFFF\"><img loading=\"lazy\" decoding=\"async\" class=\"wp-image-13957 aligncenter\" src=\"http:\/\/nicaragua-travel-guide.com\/site\/wp-content\/uploads\/2016\/07\/hotelcocibolcasala.jpg\" alt=\"hotelcocibolcasala\" width=\"236\" height=\"177\" \/><\/td>\n<td style=\"width: 236px;\" bgcolor=\"#FFFFFF\"><img loading=\"lazy\" decoding=\"async\" class=\"wp-image-13955 aligncenter\" src=\"http:\/\/nicaragua-travel-guide.com\/site\/wp-content\/uploads\/2016\/07\/hotelcocibolcapiscina.jpg\" alt=\"hotelcocibolcapiscina\" width=\"183\" height=\"183\" \/><\/td>\n<\/tr>\n<\/tbody>\n<\/table>\n<\/td>\n<\/tr>\n<tr style=\"height: 294px;\">\n<td style=\"width: 954.666748046875px; height: 294px;\" colspan=\"3\" valign=\"top\" bgcolor=\"#FFFFFF\">\n<table style=\"width: 1001px;\" border=\"0\">\n<tbody>\n<tr style=\"height: 22px;\">\n<td style=\"width: 155px; height: 22px;\" bgcolor=\"#0000FF\">Tipo<\/td>\n<td style=\"width: 51px; height: 22px;\" bgcolor=\"#0033FF\">Precios<\/td>\n<td style=\"width: 77px; height: 22px;\" bgcolor=\"#0033FF\">Hu\u00e9spedes<\/td>\n<td style=\"width: 153px; height: 22px;\" bgcolor=\"#0033FF\">Comodidades<\/td>\n<td style=\"width: 188px; height: 132.66668701171875px;\" rowspan=\"5\" valign=\"top\" bgcolor=\"#FFFFFF\"><img loading=\"lazy\" decoding=\"async\" class=\"alignnone wp-image-13962\" src=\"http:\/\/nicaragua-travel-guide.com\/site\/wp-content\/uploads\/2016\/07\/hotelcocibolcamas.jpg\" alt=\"hotelcocibolcamas\" width=\"276\" height=\"210\" \/><\/td>\n<\/tr>\n<tr style=\"height: 34.66668701171875px;\">\n<td style=\"width: 155px; height: 34.66668701171875px;\" bgcolor=\"#33CCFF\">Habitaci\u00f3n Sencilla<\/td>\n<td style=\"width: 51px; height: 34.66668701171875px;\" bgcolor=\"#33CCFF\">US$40.00<\/td>\n<td style=\"width: 77px; height: 34.66668701171875px;\" bgcolor=\"#33CCFF\">1<\/td>\n<td style=\"width: 153px; height: 34.66668701171875px;\" bgcolor=\"#33CCFF\">A\/A, TV, Ba\u00f1o Privado<\/td>\n<\/tr>\n<tr style=\"height: 22px;\">\n<td style=\"width: 155px; height: 22px;\" bgcolor=\"#99FFFF\">Habitaci\u00f3n Matrimonial<\/td>\n<td style=\"width: 51px; height: 22px;\" bgcolor=\"#99FFFF\">US$47.00<\/td>\n<td style=\"width: 77px; height: 22px;\" bgcolor=\"#99FFFF\">2<\/td>\n<td style=\"width: 153px; height: 22px;\" bgcolor=\"#99FFFF\">A\/A, TV, Ba\u00f1o Privado<\/td>\n<\/tr>\n<tr style=\"height: 22px;\">\n<td style=\"width: 155px; height: 22px;\" bgcolor=\"#00CCFF\">Habitaci\u00f3n Doble<\/td>\n<td style=\"width: 51px; height: 22px;\" bgcolor=\"#00CCFF\">US$55.00<\/td>\n<td style=\"width: 77px; height: 22px;\" bgcolor=\"#00CCFF\">2<\/td>\n<td style=\"width: 153px; height: 22px;\" bgcolor=\"#00CCFF\">A\/A, TV, Ba\u00f1o Privado<\/td>\n<\/tr>\n<tr style=\"height: 32px;\">\n<td style=\"width: 155px; height: 32px;\" bgcolor=\"#99FFFF\">Habitaci\u00f3n Triple<\/td>\n<td style=\"width: 51px; height: 32px;\" bgcolor=\"#99FFFF\">US$65.00<\/td>\n<td style=\"width: 77px; height: 32px;\" bgcolor=\"#99FFFF\">3<\/td>\n<td style=\"width: 153px; height: 32px;\" bgcolor=\"#99FFFF\">A\/A, TV, Ba\u00f1o Privado<\/td>\n<\/tr>\n<tr style=\"height: 46px;\">\n<td style=\"width: 666px; height: 46px;\" colspan=\"6\" bgcolor=\"#0033FF\">\u00a0<strong>Los precios ya incluyen impuesto.<\/strong><strong> Los precios pueden variar por temporada.<\/strong><\/td>\n<\/tr>\n<\/tbody>\n<\/table>\n<\/td>\n<\/tr>\n<tr style=\"height: 22px;\">\n<td style=\"width: 435px; height: 22px;\" valign=\"bottom\" bgcolor=\"#FFFFFF\">Por mayor informaci\u00f3n y reservacion<strong> Contactarnos<\/strong><\/td>\n<td style=\"width: 276px; height: 22px;\" valign=\"bottom\" bgcolor=\"#FFFFFF\">&lt;&lt;Adonde dormir en Granada<\/td>\n<td style=\"width: 243.666748046875px; height: 22px;\" valign=\"bottom\" bgcolor=\"#FFFFFF\">&lt;&lt; Volver a Granada<\/td>\n<\/tr>\n<\/tbody>\n<\/table>\n","protected":false},"excerpt":{"rendered":"<p>Hotel Cocibolca: Descripci\u00f3n: El Hotel Cocibolca, ubicado muy cerca del centro de Granada, est\u00e1 instalado en un espacioso edificio de dos plantas que a\u00fan conserva su fachada colonial. Las habitaciones son modernas y rodean un jard\u00edn interior en cuyo centro hay una fuente. Todas las habitaciones tienen aire acondicionado, televisi\u00f3n y ba\u00f1o privado. El hotel [&hellip;]<\/p>\n","protected":false},"author":2,"featured_media":0,"parent":0,"menu_order":0,"comment_status":"closed","ping_status":"closed","template":"","meta":{"footnotes":""},"_links":{"self":[{"href":"https:\/\/nicaragua-travel-guide.com\/site\/wp-json\/wp\/v2\/pages\/7876"}],"collection":[{"href":"https:\/\/nicaragua-travel-guide.com\/site\/wp-json\/wp\/v2\/pages"}],"about":[{"href":"https:\/\/nicaragua-travel-guide.com\/site\/wp-json\/wp\/v2\/types\/page"}],"author":[{"embeddable":true,"href":"https:\/\/nicaragua-travel-guide.com\/site\/wp-json\/wp\/v2\/users\/2"}],"replies":[{"embeddable":true,"href":"https:\/\/nicaragua-travel-guide.com\/site\/wp-json\/wp\/v2\/comments?post=7876"}],"version-history":[{"count":11,"href":"https:\/\/nicaragua-travel-guide.com\/site\/wp-json\/wp\/v2\/pages\/7876\/revisions"}],"predecessor-version":[{"id":13965,"href":"https:\/\/nicaragua-travel-guide.com\/site\/wp-json\/wp\/v2\/pages\/7876\/revisions\/13965"}],"wp:attachment":[{"href":"https:\/\/nicaragua-travel-guide.com\/site\/wp-json\/wp\/v2\/media?parent=7876"}],"curies":[{"name":"wp","href":"https:\/\/api.w.org\/{rel}","templated":true}]}}