{"id":7880,"date":"2016-07-26T19:20:40","date_gmt":"2016-07-26T19:20:40","guid":{"rendered":"http:\/\/nicaragua-travel-guide.com\/site\/?page_id=7880"},"modified":"2016-11-17T19:13:57","modified_gmt":"2016-11-17T19:13:57","slug":"granada-alojamiento-casa-silas-perfil","status":"publish","type":"page","link":"https:\/\/nicaragua-travel-guide.com\/site\/granada-alojamiento-casa-silas-perfil\/","title":{"rendered":"Granada Alojamiento \u00abCasa Silas\u00bb  Perfil"},"content":{"rendered":"<table style=\"width: 88.93678862473061%;\" border=\"0\" cellspacing=\"0\" cellpadding=\"0\">\n<tbody>\n<tr style=\"height: 19px;\">\n<td style=\"height: 19px; width: 86%; border-color: #f7f5f5;\" colspan=\"2\" valign=\"top\">\n<table style=\"height: 24px; width: 1033px;\">\n<tbody>\n<tr>\n<td style=\"width: 1075.3333740234375px; border-color: #f7f5f5;\" colspan=\"2\">\u00a0\u00a0\u00a0<img loading=\"lazy\" decoding=\"async\" class=\"alignnone wp-image-14051\" src=\"http:\/\/nicaragua-travel-guide.com\/site\/wp-content\/uploads\/2016\/07\/hotelcasasilaslogan.gif\" alt=\"hotelcasasilaslogan\" width=\"1029\" height=\"282\" \/><\/td>\n<\/tr>\n<\/tbody>\n<\/table>\n<\/td>\n<\/tr>\n<tr style=\"height: 19px;\">\n<td style=\"height: 19px; width: 86%; border-color: #fcfafa;\" colspan=\"2\" valign=\"top\">\n<table style=\"width: 1039.35px;\" border=\"0\">\n<tbody>\n<tr>\n<td style=\"width: 240px; border-color: #faf7f7; height: 21px;\" colspan=\"2\" bgcolor=\"#993300\" height=\"21\">Acerca de<\/td>\n<td style=\"width: 265px; border-color: #faf7f7; height: 21px;\" bgcolor=\"#993300\"><span style=\"text-decoration: underline;\"><a href=\"http:\/\/nicaragua-travel-guide.com\/site\/granada-alojamiento-casa-silas-ubicacion\/\">Ubicaci\u00f3n<\/a><\/span><\/td>\n<td style=\"width: 225px; border-color: #faf7f7; height: 21px;\" bgcolor=\"#993300\"><a href=\"http:\/\/nicaragua-travel-guide.com\/site\/granada-alojamiento-casa-silas-habitaciones\/\">Habitaciones<\/a><\/td>\n<td style=\"width: 304.347px; border-color: #faf7f7; height: 21px;\" bgcolor=\"#993300\"><strong>Contacto<\/strong><\/td>\n<\/tr>\n<\/tbody>\n<\/table>\n<\/td>\n<\/tr>\n<tr style=\"height: 210px;\">\n<td style=\"height: 400.3333740234375px; width: 61.33333528958834%; border-color: #f7faf9;\" rowspan=\"3\" valign=\"top\">\n<table style=\"width: 737px;\" border=\"0\">\n<tbody>\n<tr>\n<td style=\"width: 289px;\" valign=\"top\"><img loading=\"lazy\" decoding=\"async\" class=\"alignnone wp-image-14047\" src=\"http:\/\/nicaragua-travel-guide.com\/site\/wp-content\/uploads\/2016\/07\/hotelcasasilasdueno.jpg\" alt=\"hotelcasasilasdueno\" width=\"281\" height=\"349\" \/><\/td>\n<td style=\"width: 460px;\" valign=\"top\">Mi primera visita a Nicaragua fue en la primavera de 2004.\u00a0Yo era en general familiarizados con Nicaragua, y aunque yo hab\u00eda viajado a las partes en el Caribe, M\u00e9xico y Panam\u00e1, que hab\u00eda algo sobre Nicaragua que yo sab\u00eda que ser\u00eda inesperado.\u00a0Desde la revoluci\u00f3n y la guerra de los contras que le sigui\u00f3, el mundo se hab\u00eda olvidado de silencio sobre Nicaragua.\u00a0Cuanto m\u00e1s le\u00eda sobre Nicaragua m\u00e1s quer\u00eda experimentarlo.\u00a0Mi iniciaci\u00f3n en Nicaragua con mi primera visita dej\u00f3 una impresi\u00f3n duradera.\u00a0No pas\u00f3 mucho tiempo antes de que yo estaba planeando una visita de regreso, y con mi entusiasmo por el pa\u00eds, sus amigos insist\u00edan en unirse a m\u00ed para ver lo que tanto me hab\u00eda cautivado un principio \u00e9ramos cuatro en 2005, entonces \u00e9ramos seis en 2006.<\/td>\n<\/tr>\n<tr>\n<td style=\"width: 749px;\" colspan=\"2\" valign=\"top\">En 2007, decid\u00ed dar un salto, tomando un a\u00f1o sab\u00e1tico de su trabajo, dejando familia y amigos y llegar a Nicaragua para abrir\u00a0<strong>Casa Silas B &amp; B<\/strong>\u00a0. He estado involucrado en el turismo y la comercializaci\u00f3n en Regi\u00f3n vin\u00edcola de Ontario de las Cataratas del m\u00e1s del 25 por a\u00f1os, y ahora esperamos la apertura de mi casa a las personas que comparten una pasi\u00f3n por explorar, con una relajante y confortable \u00abhogar lejos del hogar\u00bb.<br \/>\nUna cosa que yo entiendo es la importancia de asegurar que los hu\u00e9spedes que alojan descubrir la Nicaragua de la que soy ahora se siente orgulloso de decir que soy un embajador.\u00a0Es mi objetivo, que cuando regrese a casa un pedacito de Nicaragua sigue siendo con usted y usted sonreir\u00e1 reflexiva al recordar su visita a\u00a0<strong>Casa Silas B &amp; B<\/strong>\u00a0-. Rob y Silas<\/td>\n<\/tr>\n<\/tbody>\n<\/table>\n<\/td>\n<td style=\"height: 210px; width: 24.66666471041166%; border-color: #fcfafa;\" align=\"center\" valign=\"top\"><img loading=\"lazy\" decoding=\"async\" class=\"wp-image-14048 alignnone\" style=\"text-align: start;\" src=\"http:\/\/nicaragua-travel-guide.com\/site\/wp-content\/uploads\/2016\/07\/hotelcasasilasperro.jpg\" alt=\"hotelcasasilasperro\" width=\"379\" height=\"242\" \/><\/td>\n<\/tr>\n<tr style=\"height: 94px;\">\n<td style=\"height: 94px; width: 24.66666471041166%; border-color: #f7f5f5;\" align=\"center\" valign=\"top\"><img loading=\"lazy\" decoding=\"async\" class=\" wp-image-14045 aligncenter\" style=\"text-align: start;\" src=\"http:\/\/nicaragua-travel-guide.com\/site\/wp-content\/uploads\/2016\/07\/hotelcasasilasemblema.gif\" alt=\"hotelcasasilasemblema\" width=\"283\" height=\"198\" \/><\/td>\n<\/tr>\n<tr style=\"height: 96.3333740234375px;\">\n<td style=\"width: 24.66666471041166%; border-color: #f7f5f5; height: 96.3333740234375px;\" align=\"center\" valign=\"top\"><\/td>\n<\/tr>\n<\/tbody>\n<\/table>\n","protected":false},"excerpt":{"rendered":"<p>\u00a0\u00a0\u00a0 Acerca de Ubicaci\u00f3n Habitaciones Contacto Mi primera visita a Nicaragua fue en la primavera de 2004.\u00a0Yo era en general familiarizados con Nicaragua, y aunque yo hab\u00eda viajado a las partes en el Caribe, M\u00e9xico y Panam\u00e1, que hab\u00eda algo sobre Nicaragua que yo sab\u00eda que ser\u00eda inesperado.\u00a0Desde la revoluci\u00f3n y la guerra de los [&hellip;]<\/p>\n","protected":false},"author":2,"featured_media":0,"parent":0,"menu_order":0,"comment_status":"closed","ping_status":"closed","template":"","meta":{"footnotes":""},"_links":{"self":[{"href":"https:\/\/nicaragua-travel-guide.com\/site\/wp-json\/wp\/v2\/pages\/7880"}],"collection":[{"href":"https:\/\/nicaragua-travel-guide.com\/site\/wp-json\/wp\/v2\/pages"}],"about":[{"href":"https:\/\/nicaragua-travel-guide.com\/site\/wp-json\/wp\/v2\/types\/page"}],"author":[{"embeddable":true,"href":"https:\/\/nicaragua-travel-guide.com\/site\/wp-json\/wp\/v2\/users\/2"}],"replies":[{"embeddable":true,"href":"https:\/\/nicaragua-travel-guide.com\/site\/wp-json\/wp\/v2\/comments?post=7880"}],"version-history":[{"count":29,"href":"https:\/\/nicaragua-travel-guide.com\/site\/wp-json\/wp\/v2\/pages\/7880\/revisions"}],"predecessor-version":[{"id":14056,"href":"https:\/\/nicaragua-travel-guide.com\/site\/wp-json\/wp\/v2\/pages\/7880\/revisions\/14056"}],"wp:attachment":[{"href":"https:\/\/nicaragua-travel-guide.com\/site\/wp-json\/wp\/v2\/media?parent=7880"}],"curies":[{"name":"wp","href":"https:\/\/api.w.org\/{rel}","templated":true}]}}