{"id":7887,"date":"2016-07-26T19:32:29","date_gmt":"2016-07-26T19:32:29","guid":{"rendered":"http:\/\/nicaragua-travel-guide.com\/site\/?page_id=7887"},"modified":"2016-11-17T19:07:25","modified_gmt":"2016-11-17T19:07:25","slug":"granada-alojamiento-casa-silas-habitaciones","status":"publish","type":"page","link":"https:\/\/nicaragua-travel-guide.com\/site\/granada-alojamiento-casa-silas-habitaciones\/","title":{"rendered":"Granada Alojamiento \u00abCasa Silas\u00bb Habitaciones"},"content":{"rendered":"<table style=\"width: 984.507px; height: 1041px;\" border=\"0\" cellspacing=\"0\" cellpadding=\"0\" align=\"center\">\n<tbody>\n<tr style=\"height: 717.924px;\">\n<td style=\"height: 717.924px; width: 20px; border-color: #fafafa;\" colspan=\"2\" valign=\"top\">\n<table style=\"width: 1002px;\" border=\"0\" cellspacing=\"0\" cellpadding=\"0\">\n<tbody>\n<tr style=\"height: 35.66666793823242px;\">\n<td style=\"width: 1979px; height: 35.66666793823242px; border-color: #f7f2f2; background-color: #faf7f7;\" colspan=\"2\" valign=\"top\">\n<table style=\"width: 998.666748046875px;\">\n<tbody>\n<tr>\n<td style=\"width: 986px; background-color: #f7f5f5; border-color: #f5f0f0;\">\u00a0<img loading=\"lazy\" decoding=\"async\" class=\"alignnone wp-image-14051\" src=\"http:\/\/nicaragua-travel-guide.com\/site\/wp-content\/uploads\/2016\/07\/hotelcasasilaslogan.gif\" alt=\"hotelcasasilaslogan\" width=\"728\" height=\"200\" \/><\/td>\n<td style=\"width: 444.666748046875px; background-color: #f7f5f5; border-color: #f5f0f0;\"><img loading=\"lazy\" decoding=\"async\" class=\"alignnone wp-image-14045\" src=\"http:\/\/nicaragua-travel-guide.com\/site\/wp-content\/uploads\/2016\/07\/hotelcasasilasemblema.gif\" alt=\"hotelcasasilasemblema\" width=\"301\" height=\"212\" \/><\/td>\n<\/tr>\n<\/tbody>\n<\/table>\n<\/td>\n<\/tr>\n<tr style=\"height: 29px;\">\n<td style=\"width: 1979px; height: 29px; border-color: #faf5f5; background-color: #faf7f7;\" colspan=\"2\" valign=\"top\">\n<table style=\"width: 1000.52px;\" border=\"0\">\n<tbody>\n<tr>\n<td style=\"width: 197.778px; height: 21px; background-color: #f7f5f5;\" colspan=\"2\" bgcolor=\"#993300\" height=\"21\"><a href=\"http:\/\/nicaragua-travel-guide.com\/site\/granada-alojamiento-casa-silas-perfil\/\">Acerca de<\/a><\/td>\n<td style=\"width: 272px; height: 21px; background-color: #f7f5f5;\" bgcolor=\"#993300\"><a href=\"http:\/\/nicaragua-travel-guide.com\/site\/granada-alojamiento-casa-silas-ubicacion\/\">Ubicaci\u00f3n<\/a><\/td>\n<td style=\"width: 272px; height: 21px; background-color: #f7f5f5;\" bgcolor=\"#FFCC99\">Habitaciones<\/td>\n<td style=\"width: 253.517px; height: 21px; background-color: #f7f5f5;\" bgcolor=\"#993300\"><strong>Contacto<\/strong><\/td>\n<\/tr>\n<\/tbody>\n<\/table>\n<\/td>\n<\/tr>\n<tr style=\"height: 211px;\">\n<td style=\"width: 1031.6666870117188px; height: 383px; background-color: #faf7f7;\" rowspan=\"2\" valign=\"top\">&nbsp;<\/p>\n<p><strong>Casa Silas<\/strong>\u00a0le ofrece una cama queen size muy c\u00f3moda y ba\u00f1o privado con ducha de agua caliente.<\/p>\n<p>&nbsp;<\/p>\n<p>Las habitaciones est\u00e1n equipadas con aire acondicionado y ventiladores de techo, y tambi\u00e9n disponen de lucernarios para una Despi\u00e9rtate suavemente desde el amanecer de Nicaragua y los loros fuera de su ventana.<\/p>\n<p>&nbsp;<\/p>\n<p>Las habitaciones dan al patio con jard\u00edn y piscina.\u00a0Su decisi\u00f3n m\u00e1s dif\u00edcil en la Casa Silas ser\u00e1 la posibilidad de darse un chapuz\u00f3n por la ma\u00f1ana en la piscina antes o despu\u00e9s del caf\u00e9.<\/p>\n<p>Adem\u00e1s de caf\u00e9 que tambi\u00e9n ofrecen una selecci\u00f3n de frutas frescas, locales, mermeladas, pasteles y platos m\u00e1s contundente desayuno para empezar bien el d\u00eda de la explorar.\u00a0Chilo, de toda la vida Granadino, prepara el desayuno cada ma\u00f1ana, los smoothies (batidos), ensalada de frutas con las frutas nicarag\u00fcenses estacionalmente disponibles, gallo pinto, queso, huevos locales como m\u00e1s te guste, o cualquier cosa que usted necesita para comenzar sus d\u00edas de exploraci\u00f3n.<\/p>\n<p>&nbsp;<\/p>\n<p>Tambi\u00e9n ofrezco noche servicio de doblado, mini bar, internet de alta velocidad, acceso a una computadora y un tel\u00e9fono VoIP gratuitas a los EE.UU., Canad\u00e1 y M\u00e9xico.\u00a0Servicio de lavander\u00eda, as\u00ed como servicios de conserjer\u00eda.<\/p>\n<p>&nbsp;<\/p>\n<p>Si es posible, mi propio tiempo est\u00e1 disponible para los tours y excursiones locales sin cargo adicional.\u00a0Siempre que el mejor momento posible pasado en Nicaragua es mi objetivo.<\/p>\n<p>&nbsp;<\/p>\n<p>Por mayor informaci\u00f3n y reservacion \u00a0<strong>Contactarnos<\/strong><\/td>\n<td style=\"width: 947.3333129882813px; height: 211px; background-color: #faf7f7;\" align=\"right\" valign=\"top\">&nbsp;<\/p>\n<p><img loading=\"lazy\" decoding=\"async\" class=\"wp-image-14043 aligncenter\" style=\"text-align: start;\" src=\"http:\/\/nicaragua-travel-guide.com\/site\/wp-content\/uploads\/2016\/07\/hotelcasasilascuartomatisse.jpg\" alt=\"hotelcasasilascuartomatisse\" width=\"604\" height=\"355\" \/><\/td>\n<\/tr>\n<tr style=\"height: 172px;\">\n<td style=\"width: 947.3333129882813px; height: 172px; background-color: #faf7f7;\" align=\"right\" valign=\"top\">&nbsp;<\/p>\n<p><img loading=\"lazy\" decoding=\"async\" class=\"wp-image-14046 aligncenter\" style=\"text-align: start;\" src=\"http:\/\/nicaragua-travel-guide.com\/site\/wp-content\/uploads\/2016\/07\/hotelcasasilascuartorivera.jpg\" alt=\"hotelcasasilascuartorivera\" width=\"527\" height=\"312\" \/><\/td>\n<\/tr>\n<\/tbody>\n<\/table>\n<\/td>\n<\/tr>\n<\/tbody>\n<\/table>\n","protected":false},"excerpt":{"rendered":"<p>\u00a0 Acerca de Ubicaci\u00f3n Habitaciones Contacto &nbsp; Casa Silas\u00a0le ofrece una cama queen size muy c\u00f3moda y ba\u00f1o privado con ducha de agua caliente. &nbsp; Las habitaciones est\u00e1n equipadas con aire acondicionado y ventiladores de techo, y tambi\u00e9n disponen de lucernarios para una Despi\u00e9rtate suavemente desde el amanecer de Nicaragua y los loros fuera de [&hellip;]<\/p>\n","protected":false},"author":2,"featured_media":0,"parent":0,"menu_order":0,"comment_status":"closed","ping_status":"closed","template":"","meta":{"footnotes":""},"_links":{"self":[{"href":"https:\/\/nicaragua-travel-guide.com\/site\/wp-json\/wp\/v2\/pages\/7887"}],"collection":[{"href":"https:\/\/nicaragua-travel-guide.com\/site\/wp-json\/wp\/v2\/pages"}],"about":[{"href":"https:\/\/nicaragua-travel-guide.com\/site\/wp-json\/wp\/v2\/types\/page"}],"author":[{"embeddable":true,"href":"https:\/\/nicaragua-travel-guide.com\/site\/wp-json\/wp\/v2\/users\/2"}],"replies":[{"embeddable":true,"href":"https:\/\/nicaragua-travel-guide.com\/site\/wp-json\/wp\/v2\/comments?post=7887"}],"version-history":[{"count":28,"href":"https:\/\/nicaragua-travel-guide.com\/site\/wp-json\/wp\/v2\/pages\/7887\/revisions"}],"predecessor-version":[{"id":14055,"href":"https:\/\/nicaragua-travel-guide.com\/site\/wp-json\/wp\/v2\/pages\/7887\/revisions\/14055"}],"wp:attachment":[{"href":"https:\/\/nicaragua-travel-guide.com\/site\/wp-json\/wp\/v2\/media?parent=7887"}],"curies":[{"name":"wp","href":"https:\/\/api.w.org\/{rel}","templated":true}]}}