{"id":7889,"date":"2016-07-26T19:33:41","date_gmt":"2016-07-26T19:33:41","guid":{"rendered":"http:\/\/nicaragua-travel-guide.com\/site\/?page_id=7889"},"modified":"2016-11-07T20:06:30","modified_gmt":"2016-11-07T20:06:30","slug":"granada-hotel-con-corazon-fundacion","status":"publish","type":"page","link":"https:\/\/nicaragua-travel-guide.com\/site\/granada-hotel-con-corazon-fundacion\/","title":{"rendered":"Granada \u00abHotel con Coraz\u00f3n\u00bb y fundacion social"},"content":{"rendered":"<table style=\"width: 1075px;\" border=\"0\">\n<tbody>\n<tr style=\"height: 8px;\">\n<td style=\"height: 8px; width: 1401px; border-color: #fcf7f7;\" colspan=\"2\" bgcolor=\"#FFFFFF\">\n<table style=\"height: 41px; width: 1061px;\">\n<tbody>\n<tr style=\"height: 407px;\">\n<td style=\"width: 483px; background-color: #fcfcfc; border-color: #f7f2f2; height: 407px;\"><img loading=\"lazy\" decoding=\"async\" class=\"wp-image-13907 alignnone\" style=\"font-family: inherit; font-size: inherit; line-height: 1.5;\" src=\"http:\/\/nicaragua-travel-guide.com\/site\/wp-content\/uploads\/2016\/07\/hotelcasasnfcologo-1.jpg\" alt=\"hotelcasasnfcologo\" width=\"523\" height=\"342\" \/><\/td>\n<td style=\"width: 445px; background-color: #fcfcfc; border-color: #f7f2f2; height: 407px;\"><img loading=\"lazy\" decoding=\"async\" class=\"wp-image-13906 alignright\" src=\"http:\/\/nicaragua-travel-guide.com\/site\/wp-content\/uploads\/2016\/07\/hotelconcorazonfrentesquina.jpg\" alt=\"hotelconcorazonfrentesquina\" width=\"461\" height=\"345\" \/><\/td>\n<\/tr>\n<\/tbody>\n<\/table>\n<\/td>\n<\/tr>\n<tr style=\"height: 21px;\">\n<td style=\"height: 21px; width: 1401px; background-color: #ad0e0e;\" colspan=\"2\" bgcolor=\"#FF0000\"><strong>Hotel con Corazon:<\/strong><\/td>\n<\/tr>\n<tr style=\"height: 21px;\">\n<td style=\"height: 21px; width: 1401px; border-color: #fcfcfc;\" colspan=\"2\" bgcolor=\"#FFFFFF\"><strong>Descripci\u00f3n:<\/strong><\/td>\n<\/tr>\n<tr style=\"height: 311px;\">\n<td style=\"height: 311px; width: 1401px; background-color: #ad0e0e;\" colspan=\"2\" bgcolor=\"#FF0000\">Hotel con Coraz\u00f3n est\u00e1 ubicado en el centro de la ciudad de <strong>Granada<\/strong>. Es un lugar ideal para sentirse como en casa dentro de una estancia relajante. Por su ubicaci\u00f3n, el hotel puede servirle como punto de partida para conocer el centro hist\u00f3rico de la ciudad y sus gente o ir en autob\u00fas a puntos de inter\u00e9s pr\u00f3ximos.<\/p>\n<p>Las habitaciones de Hotel con Coraz\u00f3n tienen todos los elementos necesarios para asegurar que usted se sienta como en su casa: un ambiente c\u00e1lido, c\u00f3modas camas, toallas suaves y ba\u00f1os bien equipados<\/p>\n<p>Los diecis\u00e9is cuartos tienen una c\u00f3moda y simple decoraci\u00f3n. Cada unidad esta dotada con un equipo de aire acondicionado, un ventilador de techo y un televisor; en otras palabras, lujos simples.<\/p>\n<p>El local tiene habitaciones para todo tipo de viajero. Hay cuartos individuales, dobles y triples. Incluso hay una suite familiar con dos habitaciones y ba\u00f1o compartido. Todas las opciones de alojamiento cuentan con una c\u00f3moda cama, ba\u00f1os privados, aire acondicionado, abanico y televisi\u00f3n.<\/td>\n<\/tr>\n<tr style=\"height: 21px;\">\n<td style=\"height: 21px; width: 1401px; border-color: #faf7f7;\" colspan=\"2\" bgcolor=\"#FFFFFF\"><strong>Servicio de Alimentos y bebidas:<\/strong><\/td>\n<\/tr>\n<tr style=\"height: 560px;\">\n<td style=\"height: 560px; width: 906.493px; border-color: #ad0e0e; background-color: #ad0e0e;\" valign=\"top\" bgcolor=\"#FF0000\">Podr\u00e1 disfrutar de Servicio de buena comida\u00a0 o de un rico aperitivo, en su propio restaurante, donde usted puede deleitarse con los ricos sabores que Nicaragua le ofrece. El <strong>men\u00fa <\/strong>es una combinaci\u00f3n de recetas de amigos de todo el mundo, y cambia a menudo as\u00ed podemos sorprenderlos continuamente.<\/p>\n<p>&nbsp;<\/p>\n<p>Todos los platos est\u00e1n hechos a base de ingredientes locales, adquiridos de los mercados locales y de las vendedoras de frutas y vegetales de la temporada en Nicaragua Venga y pruebe y tambi\u00e9n cu\u00e9ntenos cual ha sido su plato preferido!<\/p>\n<p>&nbsp;<\/p>\n<p>&nbsp;<\/p>\n<p>Tambi\u00e9n puede disfrutar de un refrescante trago en el bar. Le ofrecemos todas las ricas cervezas locales, como tambi\u00e9n una variedad de jugos naturales. Y para aquellos que prefieren un buen caf\u00e9 fuerte, se lo hacemos como a usted le gusta, \u00a1utilizando granos de caf\u00e9 Nicarag\u00fcense de la mejor calidad!<\/p>\n<p>&nbsp;<\/p>\n<p>&nbsp;<\/p>\n<p>En nuestra barra, no solo conocer\u00e1 a otros hu\u00e9spedes, sino tambi\u00e9n otros viajeros y \u2018Granadinos\u2019 locales.<\/p>\n<p>&nbsp;<\/p>\n<p>Entonces si usted quiere conocer gente durante su viaje, \u00a1s\u00f3lo necesita arrimarse a nuestra barra y hablar de coraz\u00f3n!<\/p>\n<p>&nbsp;<\/p>\n<p>Relajarse en la piscina o participar en\u00a0 una de las m\u00faltiples actividades que le ofrecemos en el mismo hotel. Y si hay alguna actividad\u00a0 que le gustar\u00eda hacer y no la encuentra en nuestra lista, cons\u00faltenos y le ayudaremos a organizarla.<\/p>\n<p>&nbsp;<\/p>\n<p>En Hotel con Coraz\u00f3n encontrar\u00e1 actividades para todos los gustos.<\/p>\n<p>&nbsp;<\/p>\n<p>En Hotel con Coraz\u00f3n no tendr\u00e1 la opci\u00f3n de aburrirse, siempre hay algo interesante que hacer.<\/td>\n<td style=\"height: 560px; width: 494.507px; border-color: #ad0e0e; background-color: #ad0e0e;\" valign=\"top\" bgcolor=\"#FF0000\">\n<table style=\"height: 547px; width: 374.3333740234375px;\" border=\"0\">\n<tbody>\n<tr>\n<td style=\"width: 374.3333740234375px; height: 225px; border-color: #ad0e0e; background-color: #ad0e0e;\" valign=\"top\" bgcolor=\"#FF0000\" height=\"225\"><img loading=\"lazy\" decoding=\"async\" class=\"alignnone wp-image-13908\" src=\"http:\/\/nicaragua-travel-guide.com\/site\/wp-content\/uploads\/2016\/07\/hotelconcorazonbar.jpg\" alt=\"hotelconcorazonbar\" width=\"364\" height=\"270\" \/><\/td>\n<\/tr>\n<tr>\n<td style=\"width: 374.3333740234375px; height: 225px; border-color: #ad0e0e; background-color: #ad0e0e;\" valign=\"top\" height=\"281\"><img loading=\"lazy\" decoding=\"async\" class=\"alignnone wp-image-13910\" src=\"http:\/\/nicaragua-travel-guide.com\/site\/wp-content\/uploads\/2016\/07\/hotelconcorazondesayuno.jpg\" alt=\"hotelconcorazondesayuno\" width=\"360\" height=\"271\" \/><\/td>\n<\/tr>\n<\/tbody>\n<\/table>\n<\/td>\n<\/tr>\n<tr style=\"height: 21px;\">\n<td style=\"height: 21px; width: 1401px; border-color: #fafafa;\" colspan=\"2\" bgcolor=\"#FFFFFF\"><strong>Tambi\u00e9n\u00a0es una\u00a0Fundaci\u00f3n\u00a0y tu\u00a0participaci\u00f3n\u00a0es muy valiosa!<\/strong><\/td>\n<\/tr>\n<tr style=\"height: 234px;\">\n<td style=\"height: 234px; width: 1401px; background-color: #ad0e0e;\" colspan=\"2\" bgcolor=\"#FF0000\">Un dato interesante es que \u00abes un hotel con coraz\u00f3n\u00bb.<\/p>\n<p>Esto significa que el hotel, invierte en educaci\u00f3n y empleo.es un hotel con coraz\u00f3n inspirador y contribuye al desarrollo sostenible de Nicaragua, Todas las ganancias se destinan a proyectos que estimulan la asistencia de los ni\u00f1os a la escuela as\u00ed como la culminaci\u00f3n de sus estudios.Asimismo, el hotel fomenta el empleo al contratar empleados de origen nicarag\u00fcense y al ayudar a j\u00f3venes emprendedores que quieran montar un negocio propio. Adem\u00e1s, Hotel con Coraz\u00f3n hace todo lo posible por utilizar bienes de producci\u00f3n local a un precio justo.<\/p>\n<p>Cualquiera sea la raz\u00f3n de su visita en el Hotel con Coraz\u00f3n tenemos habitaciones disponibles para todos los gustos habitaciones para una , dos o tres personas.<\/p>\n<p>Tambi\u00e9n tenemos un suite especial para familias que tiene dos habitaciones y un ba\u00f1o.<\/p>\n<p>Para el reglamento de cancelaciones tenemos <strong>Condiciones de Pago<\/strong><\/p>\n<p>Tarifas incluye desayuno + impuestos.<\/p>\n<p>Se puede pagar con tarjeta de credito o efectivo (<em>d\u00f3lares de los EEUU<\/em> o c\u00f3rdobas de Nicaragua). 4% de descuento para pago en efectivo.<\/td>\n<\/tr>\n<tr style=\"height: 11px;\">\n<td style=\"height: 11px; width: 1401px; border-color: #fcfcfc;\" colspan=\"2\" bgcolor=\"#FFFFFF\"><strong>Precios a\u00f1o 2016<\/strong><\/td>\n<\/tr>\n<tr style=\"height: 287px;\">\n<td style=\"height: 287px; width: 1401px; border-color: #f7f5f5; background-color: #b00c0c;\" colspan=\"2\" bgcolor=\"#FFFF00\">\n<table style=\"width: 1061.666748046875px;\" border=\"0\" summary=\"overview of the room prices and amenities\" cellspacing=\"0\" cellpadding=\"5\">\n<tbody>\n<tr style=\"height: 1px;\">\n<td style=\"height: 1px; width: 159px; background-color: #abe0bf;\" valign=\"top\" bgcolor=\"#FFFFFF\">Tipo<\/td>\n<td style=\"height: 1px; width: 104px; background-color: #abe0bf;\" valign=\"top\" bgcolor=\"#FFFFFF\">Temp. Alta<\/td>\n<td style=\"height: 1px; width: 88px; background-color: #abe0bf;\" valign=\"top\" bgcolor=\"#FFFFFF\">Temp. baja<\/td>\n<td style=\"height: 1px; width: 77px; background-color: #abe0bf;\" valign=\"top\" bgcolor=\"#FFFFFF\">Hu\u00e9spedes<\/td>\n<td style=\"height: 1px; width: 239px; background-color: #abe0bf;\" valign=\"top\" bgcolor=\"#FFFFFF\">Comodidades<\/td>\n<td style=\"height: 124px; width: 415.666748046875px; background-color: #ad0e0e;\" rowspan=\"6\" align=\"right\" valign=\"top\" bgcolor=\"#FF0000\"><img loading=\"lazy\" decoding=\"async\" class=\" wp-image-13909 aligncenter\" src=\"http:\/\/nicaragua-travel-guide.com\/site\/wp-content\/uploads\/2016\/07\/hotelconcorazoncama.jpg\" alt=\"hotelconcorazoncama\" width=\"311\" height=\"232\" \/><\/td>\n<\/tr>\n<tr style=\"height: 22px;\">\n<td style=\"height: 22px; width: 159px;\" bgcolor=\"#FFCCFF\">Habitaci\u00f3n Sencilla<\/td>\n<td style=\"height: 22px; width: 104px;\" bgcolor=\"#FFCCFF\">US$58.00<\/td>\n<td style=\"height: 22px; width: 88px;\" bgcolor=\"#FFCCFF\">US$51.00<\/td>\n<td style=\"height: 22px; width: 77px;\" bgcolor=\"#FFCCFF\">1<\/td>\n<td style=\"height: 22px; width: 239px;\" bgcolor=\"#FFCCFF\">A\/A, Abanico, TV, Ba\u00f1o Privado<\/td>\n<\/tr>\n<tr style=\"height: 22px;\">\n<td style=\"height: 22px; width: 159px;\" bgcolor=\"#FFFFFF\">Habitaci\u00f3n Doble<\/td>\n<td style=\"height: 22px; width: 104px;\" valign=\"top\" bgcolor=\"#FFFFFF\">US$70.00<\/td>\n<td style=\"height: 22px; width: 88px;\" bgcolor=\"#FFFFFF\">US$63.00<\/td>\n<td style=\"height: 22px; width: 77px;\" bgcolor=\"#FFFFFF\">2<\/td>\n<td style=\"height: 22px; width: 239px;\" bgcolor=\"#FFFFFF\">A\/A, Abanico, TV, Ba\u00f1o Privado<\/td>\n<\/tr>\n<tr style=\"height: 22px;\">\n<td style=\"height: 22px; width: 159px;\" bgcolor=\"#FFCCFF\">Habitaci\u00f3n Triple<\/td>\n<td style=\"height: 22px; width: 104px;\" bgcolor=\"#FFCCFF\">US$89.00<\/td>\n<td style=\"height: 22px; width: 88px;\" bgcolor=\"#FFCCFF\">US$79.00<\/td>\n<td style=\"height: 22px; width: 77px;\" bgcolor=\"#FFCCFF\">3<\/td>\n<td style=\"height: 22px; width: 239px;\" bgcolor=\"#FFCCFF\">A\/A, Abanico, TV, Ba\u00f1o Privado<\/td>\n<\/tr>\n<tr style=\"height: 10px;\">\n<td style=\"height: 10px; width: 159px;\" bgcolor=\"#FFFFFF\">Habitaci\u00f3n Cu\u00e1druple<\/td>\n<td style=\"height: 10px; width: 104px;\" bgcolor=\"#FFFFFF\">US$116<\/td>\n<td style=\"height: 10px; width: 88px;\" bgcolor=\"#FFFFFF\">US$99.00<\/td>\n<td style=\"height: 10px; width: 77px;\" bgcolor=\"#FFFFFF\">4<\/td>\n<td style=\"height: 10px; width: 239px;\" bgcolor=\"#FFFFFF\">A\/A, Abanico, TV, Ba\u00f1o Privado<\/td>\n<\/tr>\n<tr style=\"height: 47px;\">\n<td style=\"height: 47px; width: 667px; background-color: #ad0e0e;\" colspan=\"5\" valign=\"top\" bgcolor=\"#FF0000\">\n<table style=\"width: 713.3333740234375px;\" border=\"0\">\n<tbody>\n<tr>\n<td style=\"width: 710.3333740234375px;\" bgcolor=\"#FF0000\">\u00a0\u00a0<strong>Los precios ya incluyen impuesto. Los precios pueden variar por temporada.<\/strong><\/td>\n<\/tr>\n<tr>\n<td style=\"width: 710.3333740234375px;\">Por mayor informacion y reservacion \u00a0<b>Contactarnos<\/b><\/td>\n<\/tr>\n<tr>\n<td style=\"width: 710.3333740234375px;\">&lt;&lt; Donde dormir en Granada y su alrededores<\/td>\n<\/tr>\n<tr>\n<td style=\"width: 710.3333740234375px;\">&lt;&lt; Volver a Granada<\/td>\n<\/tr>\n<\/tbody>\n<\/table>\n<\/td>\n<\/tr>\n<\/tbody>\n<\/table>\n<\/td>\n<\/tr>\n<\/tbody>\n<\/table>\n","protected":false},"excerpt":{"rendered":"<p>Hotel con Corazon: Descripci\u00f3n: Hotel con Coraz\u00f3n est\u00e1 ubicado en el centro de la ciudad de Granada. Es un lugar ideal para sentirse como en casa dentro de una estancia relajante. Por su ubicaci\u00f3n, el hotel puede servirle como punto de partida para conocer el centro hist\u00f3rico de la ciudad y sus gente o ir [&hellip;]<\/p>\n","protected":false},"author":2,"featured_media":0,"parent":0,"menu_order":0,"comment_status":"closed","ping_status":"closed","template":"","meta":{"footnotes":""},"_links":{"self":[{"href":"https:\/\/nicaragua-travel-guide.com\/site\/wp-json\/wp\/v2\/pages\/7889"}],"collection":[{"href":"https:\/\/nicaragua-travel-guide.com\/site\/wp-json\/wp\/v2\/pages"}],"about":[{"href":"https:\/\/nicaragua-travel-guide.com\/site\/wp-json\/wp\/v2\/types\/page"}],"author":[{"embeddable":true,"href":"https:\/\/nicaragua-travel-guide.com\/site\/wp-json\/wp\/v2\/users\/2"}],"replies":[{"embeddable":true,"href":"https:\/\/nicaragua-travel-guide.com\/site\/wp-json\/wp\/v2\/comments?post=7889"}],"version-history":[{"count":34,"href":"https:\/\/nicaragua-travel-guide.com\/site\/wp-json\/wp\/v2\/pages\/7889\/revisions"}],"predecessor-version":[{"id":13911,"href":"https:\/\/nicaragua-travel-guide.com\/site\/wp-json\/wp\/v2\/pages\/7889\/revisions\/13911"}],"wp:attachment":[{"href":"https:\/\/nicaragua-travel-guide.com\/site\/wp-json\/wp\/v2\/media?parent=7889"}],"curies":[{"name":"wp","href":"https:\/\/api.w.org\/{rel}","templated":true}]}}