{"id":7891,"date":"2016-07-26T19:38:00","date_gmt":"2016-07-26T19:38:00","guid":{"rendered":"http:\/\/nicaragua-travel-guide.com\/site\/?page_id=7891"},"modified":"2016-11-07T19:48:34","modified_gmt":"2016-11-07T19:48:34","slug":"granada-hotel-casa-san-francisco","status":"publish","type":"page","link":"https:\/\/nicaragua-travel-guide.com\/site\/granada-hotel-casa-san-francisco\/","title":{"rendered":"Granada Hotel \u00abCasa San Francisco\u00bb"},"content":{"rendered":"<table style=\"width: 1039.3333740234375px;\" border=\"0\">\n<tbody>\n<tr style=\"height: 290px;\">\n<td style=\"background-color: #f7faf9; width: 1127px; height: 290px;\" colspan=\"2\" bgcolor=\"#339999\">\n<table style=\"width: 1029px;\">\n<tbody>\n<tr>\n<td style=\"width: 193.33334350585938px; border-color: #5fa7ad; background-color: #3aaba3;\"><img loading=\"lazy\" decoding=\"async\" class=\"wp-image-13896 alignnone\" src=\"http:\/\/nicaragua-travel-guide.com\/site\/wp-content\/uploads\/2016\/07\/hotelcasasnfcologo.jpg\" alt=\"hotelcasasnfcologo\" width=\"256\" height=\"277\" \/><\/td>\n<td style=\"width: 277.6666564941406px; border-color: #5fa7ad; background-color: #3aaba3;\"><img loading=\"lazy\" decoding=\"async\" class=\"wp-image-13895 aligncenter\" src=\"http:\/\/nicaragua-travel-guide.com\/site\/wp-content\/uploads\/2016\/07\/hotelcasasnfcofrente.jpg\" alt=\"hotelcasasnfcofrente\" width=\"369\" height=\"270\" \/><\/td>\n<td style=\"width: 289px; border-color: #5fa7ad; background-color: #3aaba3;\"><img loading=\"lazy\" decoding=\"async\" class=\"wp-image-13899 aligncenter\" src=\"http:\/\/nicaragua-travel-guide.com\/site\/wp-content\/uploads\/2016\/07\/hotelcasasanfrcohabitac.jpg\" alt=\"hotelcasasanfrcohabitac\" width=\"359\" height=\"268\" \/><\/td>\n<\/tr>\n<\/tbody>\n<\/table>\n<\/td>\n<\/tr>\n<tr style=\"height: 110px;\">\n<td style=\"width: 1127px; height: 110px;\" colspan=\"2\" bgcolor=\"#339999\">\n<table style=\"width: 1017px;\" border=\"0\">\n<tbody>\n<tr>\n<td style=\"width: 145.33334350585938px;\" bgcolor=\"#009999\">\n<ul>\n<li>Sobre el Hotel<\/li>\n<li>Tarifas<\/li>\n<li>Eventos especiales<\/li>\n<\/ul>\n<\/td>\n<td style=\"width: 319.6666564941406px;\" bgcolor=\"#009999\"><img loading=\"lazy\" decoding=\"async\" class=\"wp-image-13898 aligncenter\" src=\"http:\/\/nicaragua-travel-guide.com\/site\/wp-content\/uploads\/2016\/07\/hotelcasasanfrcocina.jpg\" alt=\"hotelcasasanfrcocina\" width=\"330\" height=\"277\" \/><\/td>\n<td style=\"width: 411px;\" bgcolor=\"#009999\">\u00a0<img loading=\"lazy\" decoding=\"async\" class=\"wp-image-13897 alignnone\" src=\"http:\/\/nicaragua-travel-guide.com\/site\/wp-content\/uploads\/2016\/07\/hotelcasanfranciscomix.jpg\" alt=\"hotelcasanfranciscomix\" width=\"422\" height=\"267\" \/><\/td>\n<\/tr>\n<\/tbody>\n<\/table>\n<\/td>\n<\/tr>\n<tr style=\"height: 22px;\">\n<td style=\"width: 1127px; height: 22px;\" colspan=\"2\" bgcolor=\"#FFFFFF\"><strong>Descripci\u00f3n:\u00a0<\/strong><\/td>\n<\/tr>\n<tr style=\"height: 9.3333740234375px;\">\n<td style=\"width: 1127px; height: 9.3333740234375px;\" colspan=\"2\" bgcolor=\"#009999\">Casa San Francisco es un peque\u00f1o y acogedor hotel de alta calidad ubicado dentro de un edificio colonial bien conservado. Sus 14 habitaciones tienen aire acondicionado, abanico, TV, agua caliente, ba\u00f1os privados y su propio balc\u00f3n o patio.<\/p>\n<p>&nbsp;<\/p>\n<p>&nbsp;<\/p>\n<p>El hotel por si solo, y sus habitaciones, tienen una encantadora decoraci\u00f3n.<\/p>\n<p>&nbsp;<\/p>\n<p>&nbsp;<\/p>\n<p>En la boutique de modas Ol\u00e9 puede encontrar accesorios, diferentes a los que encuentra en los otros lugares, hechos en Nicaragua.<\/p>\n<p>&nbsp;<\/p>\n<p>&nbsp;<\/p>\n<p>Casa San Francisco tambi\u00e9n sirve a Casa Granada, un servicio de \u00a0\u00a0\u00a0 administraci\u00f3n de propiedades. Por ende, los clientes tienen la posibilidad de alquilar lujosas casas coloniales semanal o mensualmente.<\/td>\n<\/tr>\n<tr style=\"height: 22px;\">\n<td style=\"width: 1127px; height: 22px;\" colspan=\"2\" bgcolor=\"#FFFFFF\"><strong>Precios:\u00a0<\/strong><\/td>\n<\/tr>\n<tr style=\"height: 211px;\">\n<td style=\"width: 671px; height: 211px;\" valign=\"top\">\n<table style=\"width: 673.128px;\" border=\"0\" summary=\"overview of the room prices and amenities\" cellspacing=\"0\" cellpadding=\"5\">\n<tbody>\n<tr>\n<td style=\"width: 128px;\" bgcolor=\"#339999\">Tipo<\/td>\n<td style=\"width: 94px;\" bgcolor=\"#339999\">Precios<\/td>\n<td style=\"width: 76px;\" bgcolor=\"#339999\">Hu\u00e9spedes<\/td>\n<td style=\"width: 324.128px;\" bgcolor=\"#339999\">Comodidades<\/td>\n<\/tr>\n<tr>\n<td style=\"width: 128px;\" bgcolor=\"#CCCCCC\">Habitaci\u00f3n Doble<\/td>\n<td style=\"width: 94px;\" bgcolor=\"#CCCCCC\">US$51.75<\/td>\n<td style=\"width: 76px;\" bgcolor=\"#CCCCCC\">2<\/td>\n<td style=\"width: 324.128px;\" bgcolor=\"#CCCCCC\">A\/A, TV, Ba\u00f1o Privado, Agua Caliente<\/td>\n<\/tr>\n<tr>\n<td style=\"width: 128px;\" bgcolor=\"#CCCCCC\">Habitaci\u00f3n Doble<\/td>\n<td style=\"width: 94px;\" bgcolor=\"#CCCCCC\">US$74.75<\/td>\n<td style=\"width: 76px;\" bgcolor=\"#CCCCCC\">2<\/td>\n<td style=\"width: 324.128px;\" bgcolor=\"#CCCCCC\">A\/A, TV, Ba\u00f1o Privado, Agua Caliente<\/td>\n<\/tr>\n<tr>\n<td style=\"width: 622.128px;\" colspan=\"4\" bgcolor=\"#339999\">\u00a0\u00a0\u00a0\u00a0<strong>Los precios ya incluyen impuesto. Los precios pueden variar por temporada.<\/strong><\/td>\n<\/tr>\n<\/tbody>\n<\/table>\n<\/td>\n<td style=\"width: 456px; height: 211px;\" valign=\"top\" bgcolor=\"#009999\">Se brinda descuento, durante todo el a\u00f1o, a voluntarios del Cuerpo de Paz, empleados de l\u00edneas a\u00e9reas y miembros de AARP. Se debe consultar directamente con el hotel sobre las tarifas y mostrar la respectiva identificaci\u00f3n.<\/td>\n<\/tr>\n<tr style=\"height: 22px;\">\n<td style=\"width: 1137px; height: 22px;\" colspan=\"3\" bgcolor=\"#FFFFFF\">Por mayor Informaci\u00f3n y reservacion \u00a0<a href=\"http:\/\/nicaragua-travel-guide.com\/site\/contactanos\/\"><strong>Contactarnos<\/strong><\/a><\/td>\n<\/tr>\n<\/tbody>\n<\/table>\n","protected":false},"excerpt":{"rendered":"<p>Sobre el Hotel Tarifas Eventos especiales \u00a0 Descripci\u00f3n:\u00a0 Casa San Francisco es un peque\u00f1o y acogedor hotel de alta calidad ubicado dentro de un edificio colonial bien conservado. Sus 14 habitaciones tienen aire acondicionado, abanico, TV, agua caliente, ba\u00f1os privados y su propio balc\u00f3n o patio. &nbsp; &nbsp; El hotel por si solo, y sus [&hellip;]<\/p>\n","protected":false},"author":2,"featured_media":0,"parent":0,"menu_order":0,"comment_status":"closed","ping_status":"closed","template":"","meta":{"footnotes":""},"_links":{"self":[{"href":"https:\/\/nicaragua-travel-guide.com\/site\/wp-json\/wp\/v2\/pages\/7891"}],"collection":[{"href":"https:\/\/nicaragua-travel-guide.com\/site\/wp-json\/wp\/v2\/pages"}],"about":[{"href":"https:\/\/nicaragua-travel-guide.com\/site\/wp-json\/wp\/v2\/types\/page"}],"author":[{"embeddable":true,"href":"https:\/\/nicaragua-travel-guide.com\/site\/wp-json\/wp\/v2\/users\/2"}],"replies":[{"embeddable":true,"href":"https:\/\/nicaragua-travel-guide.com\/site\/wp-json\/wp\/v2\/comments?post=7891"}],"version-history":[{"count":14,"href":"https:\/\/nicaragua-travel-guide.com\/site\/wp-json\/wp\/v2\/pages\/7891\/revisions"}],"predecessor-version":[{"id":13905,"href":"https:\/\/nicaragua-travel-guide.com\/site\/wp-json\/wp\/v2\/pages\/7891\/revisions\/13905"}],"wp:attachment":[{"href":"https:\/\/nicaragua-travel-guide.com\/site\/wp-json\/wp\/v2\/media?parent=7891"}],"curies":[{"name":"wp","href":"https:\/\/api.w.org\/{rel}","templated":true}]}}