{"id":7893,"date":"2016-07-26T19:42:20","date_gmt":"2016-07-26T19:42:20","guid":{"rendered":"http:\/\/nicaragua-travel-guide.com\/site\/?page_id=7893"},"modified":"2016-11-07T19:11:46","modified_gmt":"2016-11-07T19:11:46","slug":"granada-hotel-kekoldi","status":"publish","type":"page","link":"https:\/\/nicaragua-travel-guide.com\/site\/granada-hotel-kekoldi\/","title":{"rendered":"Granada \u00abHotel Kekoldi\u00bb"},"content":{"rendered":"<table style=\"width: 1106px;\" border=\"0\">\n<tbody>\n<tr style=\"height: 37px;\">\n<td style=\"height: 37px; width: 609px;\" bgcolor=\"#FFCC00\">Hotel Kekoldi<\/td>\n<td style=\"height: 512px; width: 483px;\" rowspan=\"3\" align=\"right\" valign=\"top\" bgcolor=\"#FFCC33\">\n<table style=\"height: 202px;\" width=\"459\">\n<tbody>\n<tr>\n<td style=\"width: 448.6666564941406px;\"><img loading=\"lazy\" decoding=\"async\" class=\"wp-image-13882 aligncenter\" src=\"http:\/\/nicaragua-travel-guide.com\/site\/wp-content\/uploads\/2016\/07\/hotelkekoldifachada.jpg\" alt=\"hotelkekoldifachada\" width=\"418\" height=\"278\" srcset=\"https:\/\/nicaragua-travel-guide.com\/site\/wp-content\/uploads\/2016\/07\/hotelkekoldifachada.jpg 256w, https:\/\/nicaragua-travel-guide.com\/site\/wp-content\/uploads\/2016\/07\/hotelkekoldifachada-180x120.jpg 180w\" sizes=\"(max-width: 418px) 100vw, 418px\" \/><\/td>\n<\/tr>\n<tr>\n<td style=\"width: 448.6666564941406px;\"><img loading=\"lazy\" decoding=\"async\" class=\" wp-image-13881 aligncenter\" src=\"http:\/\/nicaragua-travel-guide.com\/site\/wp-content\/uploads\/2016\/07\/hotelkekoldigranada.jpg\" alt=\"hotelkekoldigranada\" width=\"414\" height=\"274\" srcset=\"https:\/\/nicaragua-travel-guide.com\/site\/wp-content\/uploads\/2016\/07\/hotelkekoldigranada.jpg 256w, https:\/\/nicaragua-travel-guide.com\/site\/wp-content\/uploads\/2016\/07\/hotelkekoldigranada-180x120.jpg 180w\" sizes=\"(max-width: 414px) 100vw, 414px\" \/><\/td>\n<\/tr>\n<\/tbody>\n<\/table>\n<\/td>\n<\/tr>\n<tr style=\"height: 22px;\">\n<td style=\"height: 22px; width: 609px;\" bgcolor=\"#FF6600\">Descripci\u00f3n<\/td>\n<\/tr>\n<tr style=\"height: 453px;\">\n<td style=\"height: 453px; width: 609px;\" valign=\"top\" bgcolor=\"#FFFF00\">\n<table border=\"0\" width=\"617\">\n<tbody>\n<tr>\n<td colspan=\"3\" bgcolor=\"#FFCC00\" height=\"26\">El hotel Kekoldi est\u00e1 ubicado en el centro hist\u00f3rico de la ciudad deGranadaa s\u00f3lo 3.5 cuadras del parque central. Su edificio es una antigua casa colonial restaurada y adecuada para dar confort a sus hu\u00e9spedes y en el centro hay un hermoso jard\u00edn para relajarse.<\/p>\n<p>Las habitaciones son agradables y en ellas se han ubicado, en la pared, mosaicos que son \u00edconos extra\u00eddos del arte ind\u00edgena y ofrecen un ambiente poco com\u00fan lleno de colores. Cada una de estas habitaciones (12 en total) posee un ba\u00f1o privado, agua caliente, aire acondicionado, camas queen y televisi\u00f3n por cable. Las tarifas son m\u00f3dicas e incluyen desayuno buffet estilo nicarag\u00fcense.<\/td>\n<\/tr>\n<tr>\n<td bgcolor=\"#FF6666\" height=\"26\">Tipo<\/td>\n<td bgcolor=\"#FF6666\" width=\"145\">Precios<\/td>\n<td bgcolor=\"#FF6666\" width=\"243\">Hu\u00e9spedes<\/td>\n<\/tr>\n<tr>\n<td bgcolor=\"#FFCC00\">Habitaci\u00f3n Sencilla<\/td>\n<td bgcolor=\"#FFCC00\">US$40.25<\/td>\n<td bgcolor=\"#FFCC00\">1<\/td>\n<\/tr>\n<tr>\n<td bgcolor=\"#FFCC00\">Habitaci\u00f3n Doble<\/td>\n<td bgcolor=\"#FFCC00\">US$47.15<\/td>\n<td bgcolor=\"#FFCC00\">2<\/td>\n<\/tr>\n<tr>\n<td bgcolor=\"#FFCC00\" height=\"26\">Habitaci\u00f3n Triple<\/td>\n<td bgcolor=\"#FFCC00\">US$56.35<\/td>\n<td bgcolor=\"#FFCC00\">3<\/td>\n<\/tr>\n<tr>\n<td bgcolor=\"#FFCC00\">Habitaci\u00f3n Cu\u00e1druple<\/td>\n<td bgcolor=\"#FFCC00\">US$62.10<\/td>\n<td bgcolor=\"#FFCC00\">4<\/td>\n<\/tr>\n<tr>\n<td bgcolor=\"#FFCC00\" width=\"215\">Comodidades<\/td>\n<td bgcolor=\"#FFCC00\"><\/td>\n<td bgcolor=\"#FFCC00\"><\/td>\n<\/tr>\n<tr>\n<td colspan=\"3\" bgcolor=\"#FF6666\">A\/A, TV, Ba\u00f1o Privado, Agua Caliente, Desayuno Incluido<\/td>\n<\/tr>\n<\/tbody>\n<\/table>\n<\/td>\n<\/tr>\n<tr style=\"height: 11px;\">\n<td style=\"height: 11px; width: 1092px;\" colspan=\"2\" valign=\"top\" bgcolor=\"#FFCC33\"><strong>Los precios ya incluyen impuesto<\/strong><strong>.<\/strong>\u00a0<strong>Los precios pueden variar por temporada y duraci\u00f3n de la estad\u00eda.<\/strong><\/td>\n<\/tr>\n<tr style=\"height: 11px;\">\n<td style=\"height: 11px; width: 1092px;\" colspan=\"2\" valign=\"top\" bgcolor=\"#FFCC33\">\n<table style=\"width: 1095.3333740234375px; height: 35px;\" border=\"0\">\n<tbody>\n<tr>\n<td style=\"width: 414px;\"><a href=\"http:\/\/nicaragua-travel-guide.com\/site\/guia-de-restaurantes-bar-y-cafeterias-servicio-de-alimentos-y-bebidas-en-granada-y-sus-alrededores\/\"><strong>&lt;&lt;Donde comer en Granada<\/strong><\/a><\/td>\n<td style=\"width: 414px;\"><strong><a href=\"http:\/\/nicaragua-travel-guide.com\/site\/guia-de-hoteles-alojamiento-donde-dormir-en-granada-y-sus-alrededores\/\">&lt;&lt; Donde dormir en Granada<\/a><\/strong><\/td>\n<td style=\"width: 255.3333740234375px;\"><strong><a href=\"http:\/\/nicaragua-travel-guide.com\/site\/contactanos\/\">Contactarnos<\/a><\/strong><\/td>\n<\/tr>\n<\/tbody>\n<\/table>\n<\/td>\n<\/tr>\n<\/tbody>\n<\/table>\n","protected":false},"excerpt":{"rendered":"<p>Hotel Kekoldi Descripci\u00f3n El hotel Kekoldi est\u00e1 ubicado en el centro hist\u00f3rico de la ciudad deGranadaa s\u00f3lo 3.5 cuadras del parque central. Su edificio es una antigua casa colonial restaurada y adecuada para dar confort a sus hu\u00e9spedes y en el centro hay un hermoso jard\u00edn para relajarse. Las habitaciones son agradables y en ellas [&hellip;]<\/p>\n","protected":false},"author":2,"featured_media":0,"parent":0,"menu_order":0,"comment_status":"closed","ping_status":"closed","template":"","meta":{"footnotes":""},"_links":{"self":[{"href":"https:\/\/nicaragua-travel-guide.com\/site\/wp-json\/wp\/v2\/pages\/7893"}],"collection":[{"href":"https:\/\/nicaragua-travel-guide.com\/site\/wp-json\/wp\/v2\/pages"}],"about":[{"href":"https:\/\/nicaragua-travel-guide.com\/site\/wp-json\/wp\/v2\/types\/page"}],"author":[{"embeddable":true,"href":"https:\/\/nicaragua-travel-guide.com\/site\/wp-json\/wp\/v2\/users\/2"}],"replies":[{"embeddable":true,"href":"https:\/\/nicaragua-travel-guide.com\/site\/wp-json\/wp\/v2\/comments?post=7893"}],"version-history":[{"count":18,"href":"https:\/\/nicaragua-travel-guide.com\/site\/wp-json\/wp\/v2\/pages\/7893\/revisions"}],"predecessor-version":[{"id":13894,"href":"https:\/\/nicaragua-travel-guide.com\/site\/wp-json\/wp\/v2\/pages\/7893\/revisions\/13894"}],"wp:attachment":[{"href":"https:\/\/nicaragua-travel-guide.com\/site\/wp-json\/wp\/v2\/media?parent=7893"}],"curies":[{"name":"wp","href":"https:\/\/api.w.org\/{rel}","templated":true}]}}