{"id":7897,"date":"2016-07-26T19:49:01","date_gmt":"2016-07-26T19:49:01","guid":{"rendered":"http:\/\/nicaragua-travel-guide.com\/site\/?page_id=7897"},"modified":"2016-11-07T20:50:08","modified_gmt":"2016-11-07T20:50:08","slug":"granada-hotel-posada-del-sol","status":"publish","type":"page","link":"https:\/\/nicaragua-travel-guide.com\/site\/granada-hotel-posada-del-sol\/","title":{"rendered":"Granada \u00abHotel Posada del Sol\u00bb"},"content":{"rendered":"<table style=\"width: 1008.3333740234375px;\" border=\"0\">\n<tbody>\n<tr style=\"height: 10px;\">\n<td style=\"width: 1007.3333740234375px;\" valign=\"top\" bgcolor=\"#FF9933\">\n<table style=\"width: 1006px;\" border=\"0\">\n<tbody>\n<tr style=\"height: 703px;\">\n<td style=\"width: 1006px; height: 703px;\" colspan=\"3\"><img loading=\"lazy\" decoding=\"async\" class=\"alignnone wp-image-13915\" src=\"http:\/\/nicaragua-travel-guide.com\/site\/wp-content\/uploads\/2016\/07\/hotelposadadelsolfrente.jpg\" alt=\"hotelposadadelsolfrente\" width=\"1004\" height=\"708\" \/><\/td>\n<\/tr>\n<tr style=\"height: 22px;\">\n<td style=\"width: 351px; height: 22px;\" bgcolor=\"#CC6600\"><\/td>\n<td style=\"width: 306.66668701171875px; height: 22px;\" bgcolor=\"#CC6600\"><strong>Hotel Posada del SOL<\/strong><\/td>\n<td style=\"width: 348.33331298828125px; height: 22px;\" bgcolor=\"#CC6600\"><strong>Galeria de habitaciones<\/strong><\/td>\n<\/tr>\n<tr style=\"height: 530px;\">\n<td style=\"width: 351px; height: 917.33349609375px;\" rowspan=\"6\" valign=\"top\" bgcolor=\"#FF9933\">\n<table border=\"0\" width=\"351\">\n<tbody>\n<tr>\n<td valign=\"top\" width=\"345\" height=\"229\"><img loading=\"lazy\" decoding=\"async\" class=\"alignnone wp-image-13925\" src=\"http:\/\/nicaragua-travel-guide.com\/site\/wp-content\/uploads\/2016\/07\/hotelposadadelsolorecepfrent.jpg\" alt=\"hotelposadadelsolorecepfrent\" width=\"339\" height=\"220\" \/><\/td>\n<\/tr>\n<tr>\n<td><img loading=\"lazy\" decoding=\"async\" class=\"alignnone size-full wp-image-13922\" src=\"http:\/\/nicaragua-travel-guide.com\/site\/wp-content\/uploads\/2016\/07\/hotelposadadelsolopicina.jpg\" alt=\"hotelposadadelsolopicina\" width=\"869\" height=\"583\" srcset=\"https:\/\/nicaragua-travel-guide.com\/site\/wp-content\/uploads\/2016\/07\/hotelposadadelsolopicina.jpg 869w, https:\/\/nicaragua-travel-guide.com\/site\/wp-content\/uploads\/2016\/07\/hotelposadadelsolopicina-600x403.jpg 600w, https:\/\/nicaragua-travel-guide.com\/site\/wp-content\/uploads\/2016\/07\/hotelposadadelsolopicina-180x120.jpg 180w\" sizes=\"(max-width: 869px) 100vw, 869px\" \/><\/td>\n<\/tr>\n<tr>\n<td><img loading=\"lazy\" decoding=\"async\" class=\"alignnone size-full wp-image-13920\" src=\"http:\/\/nicaragua-travel-guide.com\/site\/wp-content\/uploads\/2016\/07\/hotelposadadelsolopasillobalcon.jpg\" alt=\"hotelposadadelsolopasillobalcon\" width=\"869\" height=\"583\" srcset=\"https:\/\/nicaragua-travel-guide.com\/site\/wp-content\/uploads\/2016\/07\/hotelposadadelsolopasillobalcon.jpg 869w, https:\/\/nicaragua-travel-guide.com\/site\/wp-content\/uploads\/2016\/07\/hotelposadadelsolopasillobalcon-600x403.jpg 600w, https:\/\/nicaragua-travel-guide.com\/site\/wp-content\/uploads\/2016\/07\/hotelposadadelsolopasillobalcon-180x120.jpg 180w\" sizes=\"(max-width: 869px) 100vw, 869px\" \/><\/td>\n<\/tr>\n<tr>\n<td><img loading=\"lazy\" decoding=\"async\" class=\"alignnone size-full wp-image-13914\" src=\"http:\/\/nicaragua-travel-guide.com\/site\/wp-content\/uploads\/2016\/07\/hotelposadadelsolescalones.jpg\" alt=\"hotelposadadelsolescalones\" width=\"869\" height=\"583\" srcset=\"https:\/\/nicaragua-travel-guide.com\/site\/wp-content\/uploads\/2016\/07\/hotelposadadelsolescalones.jpg 869w, https:\/\/nicaragua-travel-guide.com\/site\/wp-content\/uploads\/2016\/07\/hotelposadadelsolescalones-600x403.jpg 600w, https:\/\/nicaragua-travel-guide.com\/site\/wp-content\/uploads\/2016\/07\/hotelposadadelsolescalones-180x120.jpg 180w\" sizes=\"(max-width: 869px) 100vw, 869px\" \/><\/td>\n<\/tr>\n<tr>\n<td><img loading=\"lazy\" decoding=\"async\" class=\"alignnone size-full wp-image-13919\" src=\"http:\/\/nicaragua-travel-guide.com\/site\/wp-content\/uploads\/2016\/07\/hotelposadadelsololobby.jpg\" alt=\"hotelposadadelsololobby\" width=\"869\" height=\"583\" srcset=\"https:\/\/nicaragua-travel-guide.com\/site\/wp-content\/uploads\/2016\/07\/hotelposadadelsololobby.jpg 869w, https:\/\/nicaragua-travel-guide.com\/site\/wp-content\/uploads\/2016\/07\/hotelposadadelsololobby-600x403.jpg 600w, https:\/\/nicaragua-travel-guide.com\/site\/wp-content\/uploads\/2016\/07\/hotelposadadelsololobby-180x120.jpg 180w\" sizes=\"(max-width: 869px) 100vw, 869px\" \/><\/td>\n<\/tr>\n<tr>\n<td height=\"192\"><img loading=\"lazy\" decoding=\"async\" class=\"alignnone wp-image-13927\" src=\"http:\/\/nicaragua-travel-guide.com\/site\/wp-content\/uploads\/2016\/07\/hotelposadadelsolpicinafotosola.jpg\" alt=\"hotelposadadelsolpicinafotosola\" width=\"365\" height=\"237\" \/><\/td>\n<\/tr>\n<\/tbody>\n<\/table>\n<\/td>\n<td style=\"width: 306.66668701171875px; height: 530px;\" valign=\"top\" bgcolor=\"#FF9933\"><strong>Hotel:<\/strong><\/p>\n<p><strong>\u201cLa Posada del Sol\u201d<\/strong>\u00a0ofrece en su entrada la Casona Colonial, sus dos corredores, su jard\u00edn principal con una fuente en el centro. Le garantizamos una estad\u00eda c\u00f3moda, amplia y confortable, 16 habitaciones, 4 de ellas para una larga estad\u00eda.<\/p>\n<p>Estamos ubicados en el centro hist\u00f3rico de la ciudad de Granada en Nicaragua. Del Parque Central 3 \u00bd c. hacia el Lago a mano derecha, en el \u00e1rea de mayor concentraci\u00f3n de hoteles, restaurantes, tour operadoras, casas de cambio y otros servicios.<\/p>\n<div><\/div>\n<p>Tambi\u00e9n ofrecemos orientaciones tur\u00edsticas.<\/p>\n<p>Nuestro objetivo es hacerle sentir como en su propia casa.<\/p>\n<p>Le invitamos para disfrutar de una estad\u00eda placentera con la mejor atenci\u00f3n que se merece.<\/td>\n<td style=\"width: 348.33331298828125px; height: 917.33349609375px;\" rowspan=\"6\" valign=\"top\" bgcolor=\"#FF9933\">\n<table style=\"width: 324px;\" border=\"0\">\n<tbody>\n<tr style=\"height: 199px;\">\n<td style=\"height: 199px; width: 320px;\"><img loading=\"lazy\" decoding=\"async\" class=\"alignnone wp-image-13912\" src=\"http:\/\/nicaragua-travel-guide.com\/site\/wp-content\/uploads\/2016\/07\/hotelposadaelsolcamatri.jpg\" alt=\"hotelposadaelsolcamatri\" width=\"321\" height=\"242\" \/><\/td>\n<\/tr>\n<tr style=\"height: 174px;\">\n<td style=\"height: 174px; width: 320px;\"><img loading=\"lazy\" decoding=\"async\" class=\"alignnone wp-image-13913\" src=\"http:\/\/nicaragua-travel-guide.com\/site\/wp-content\/uploads\/2016\/07\/hotelposadadelsolcamaroja.jpg\" alt=\"hotelposadadelsolcamaroja\" width=\"319\" height=\"207\" \/><\/td>\n<\/tr>\n<tr style=\"height: 174px;\">\n<td style=\"height: 174px; width: 320px;\"><img loading=\"lazy\" decoding=\"async\" class=\"alignnone wp-image-13917\" src=\"http:\/\/nicaragua-travel-guide.com\/site\/wp-content\/uploads\/2016\/07\/hotelposadadelsolocamablancopatito.jpg\" alt=\"hotelposadadelsolocamablancopatito\" width=\"364\" height=\"236\" \/><\/td>\n<\/tr>\n<tr style=\"height: 174px;\">\n<td style=\"height: 174px; width: 320px;\"><img loading=\"lazy\" decoding=\"async\" class=\"alignnone wp-image-13916\" src=\"http:\/\/nicaragua-travel-guide.com\/site\/wp-content\/uploads\/2016\/07\/hotelposadadelsoloacocuarto.jpg\" alt=\"hotelposadadelsoloacocuarto\" width=\"310\" height=\"200\" \/><\/td>\n<\/tr>\n<tr style=\"height: 174px;\">\n<td style=\"height: 174px; width: 320px;\"><img loading=\"lazy\" decoding=\"async\" class=\"alignnone wp-image-13918\" src=\"http:\/\/nicaragua-travel-guide.com\/site\/wp-content\/uploads\/2016\/07\/hotelposadadelsolococinacomedor.jpg\" alt=\"hotelposadadelsolococinacomedor\" width=\"309\" height=\"200\" \/><\/td>\n<\/tr>\n<tr style=\"height: 174px;\">\n<td style=\"height: 174px; width: 320px;\"><img loading=\"lazy\" decoding=\"async\" class=\"alignnone wp-image-13926\" src=\"http:\/\/nicaragua-travel-guide.com\/site\/wp-content\/uploads\/2016\/07\/hotelposadadelsolorefricocina.jpg\" alt=\"hotelposadadelsolorefricocina\" width=\"315\" height=\"204\" \/><\/td>\n<\/tr>\n<tr style=\"height: 6.666748046875px;\">\n<td style=\"height: 6.666748046875px; width: 320px;\"><img loading=\"lazy\" decoding=\"async\" class=\"wp-image-13923 alignnone\" src=\"http:\/\/nicaragua-travel-guide.com\/site\/wp-content\/uploads\/2016\/07\/hotelposadadelsolopicinaoche.jpg\" alt=\"hotelposadadelsolopicinaoche\" width=\"315\" height=\"205\" \/><\/td>\n<\/tr>\n<\/tbody>\n<\/table>\n<\/td>\n<\/tr>\n<tr style=\"height: 22px;\">\n<td style=\"width: 306.66668701171875px; height: 22px;\" valign=\"top\" bgcolor=\"#FF9933\"><strong>Servicios:<\/strong><\/td>\n<\/tr>\n<tr style=\"height: 242px;\">\n<td style=\"width: 306.66668701171875px; height: 242px;\" valign=\"top\" bgcolor=\"#FF9933\"><strong>Habitaciones desde $35 la noche<\/strong>\u00a0(los precios var\u00edan seg\u00fan la temporada).<\/p>\n<p>Nuestros servicios incluyen:<\/p>\n<ul>\n<li>Aire acondicionado.<\/li>\n<li>Agua caliente<\/li>\n<li>Tv por cable<\/li>\n<li>Internet inahal\u00e1mbrico<\/li>\n<li>Ba\u00f1os privados<\/li>\n<li>Piscina amplia para nadar. De 8:00 am a 8:00 pm.<\/li>\n<\/ul>\n<\/td>\n<\/tr>\n<tr style=\"height: 58px;\">\n<td style=\"width: 306.66668701171875px; height: 58px;\" valign=\"top\" bgcolor=\"#000000\">\n<table border=\"0\" width=\"304\">\n<tbody>\n<tr>\n<td width=\"53\"><\/td>\n<td colspan=\"2\">Grupo Mayor de 20 personas<\/td>\n<\/tr>\n<tr>\n<td><\/td>\n<td colspan=\"2\" width=\"38\">\u00a0Precio Especial<\/td>\n<\/tr>\n<\/tbody>\n<\/table>\n<\/td>\n<\/tr>\n<tr style=\"height: 207px;\">\n<td style=\"width: 306.66668701171875px; height: 207px;\" bgcolor=\"#FF9933\"><img loading=\"lazy\" decoding=\"async\" class=\" wp-image-13924 aligncenter\" style=\"background-color: #ffffff;\" src=\"http:\/\/nicaragua-travel-guide.com\/site\/wp-content\/uploads\/2016\/07\/hotelposadadelsolorecepcion.jpg\" alt=\"hotelposadadelsolorecepcion\" width=\"319\" height=\"206\" \/><\/td>\n<\/tr>\n<tr style=\"height: 21px;\">\n<td style=\"width: 306.66668701171875px; height: 21px;\" valign=\"top\" bgcolor=\"#FF9933\"><img loading=\"lazy\" decoding=\"async\" class=\"alignnone size-full wp-image-13922\" src=\"http:\/\/nicaragua-travel-guide.com\/site\/wp-content\/uploads\/2016\/07\/hotelposadadelsolopicina.jpg\" alt=\"hotelposadadelsolopicina\" width=\"869\" height=\"583\" srcset=\"https:\/\/nicaragua-travel-guide.com\/site\/wp-content\/uploads\/2016\/07\/hotelposadadelsolopicina.jpg 869w, https:\/\/nicaragua-travel-guide.com\/site\/wp-content\/uploads\/2016\/07\/hotelposadadelsolopicina-600x403.jpg 600w, https:\/\/nicaragua-travel-guide.com\/site\/wp-content\/uploads\/2016\/07\/hotelposadadelsolopicina-180x120.jpg 180w\" sizes=\"(max-width: 869px) 100vw, 869px\" \/><\/td>\n<\/tr>\n<\/tbody>\n<\/table>\n<\/td>\n<\/tr>\n<tr style=\"height: 10px;\">\n<td style=\"width: 1007.3333740234375px;\" rowspan=\"9\" valign=\"top\" bgcolor=\"#FF9933\">Por + informacion y reservacion <a href=\"http:\/\/nicaragua-travel-guide.com\/site\/contactanos\/\"><strong>Contactarnos<\/strong><\/a><\/td>\n<\/tr>\n<\/tbody>\n<\/table>\n<p>&nbsp;<\/p>\n","protected":false},"excerpt":{"rendered":"<p>Hotel Posada del SOL Galeria de habitaciones Hotel: \u201cLa Posada del Sol\u201d\u00a0ofrece en su entrada la Casona Colonial, sus dos corredores, su jard\u00edn principal con una fuente en el centro. Le garantizamos una estad\u00eda c\u00f3moda, amplia y confortable, 16 habitaciones, 4 de ellas para una larga estad\u00eda. Estamos ubicados en el centro hist\u00f3rico de la [&hellip;]<\/p>\n","protected":false},"author":2,"featured_media":0,"parent":0,"menu_order":0,"comment_status":"closed","ping_status":"closed","template":"","meta":{"footnotes":""},"_links":{"self":[{"href":"https:\/\/nicaragua-travel-guide.com\/site\/wp-json\/wp\/v2\/pages\/7897"}],"collection":[{"href":"https:\/\/nicaragua-travel-guide.com\/site\/wp-json\/wp\/v2\/pages"}],"about":[{"href":"https:\/\/nicaragua-travel-guide.com\/site\/wp-json\/wp\/v2\/types\/page"}],"author":[{"embeddable":true,"href":"https:\/\/nicaragua-travel-guide.com\/site\/wp-json\/wp\/v2\/users\/2"}],"replies":[{"embeddable":true,"href":"https:\/\/nicaragua-travel-guide.com\/site\/wp-json\/wp\/v2\/comments?post=7897"}],"version-history":[{"count":7,"href":"https:\/\/nicaragua-travel-guide.com\/site\/wp-json\/wp\/v2\/pages\/7897\/revisions"}],"predecessor-version":[{"id":13931,"href":"https:\/\/nicaragua-travel-guide.com\/site\/wp-json\/wp\/v2\/pages\/7897\/revisions\/13931"}],"wp:attachment":[{"href":"https:\/\/nicaragua-travel-guide.com\/site\/wp-json\/wp\/v2\/media?parent=7897"}],"curies":[{"name":"wp","href":"https:\/\/api.w.org\/{rel}","templated":true}]}}