{"id":8335,"date":"2016-07-28T07:43:47","date_gmt":"2016-07-28T07:43:47","guid":{"rendered":"http:\/\/nicaragua-travel-guide.com\/site\/?page_id=8335"},"modified":"2016-11-07T21:05:19","modified_gmt":"2016-11-07T21:05:19","slug":"granada-hotel-estancia-la-mar-dulce","status":"publish","type":"page","link":"https:\/\/nicaragua-travel-guide.com\/site\/granada-hotel-estancia-la-mar-dulce\/","title":{"rendered":"Granada \u00abHotel Estancia La Mar Dulce\u00bb"},"content":{"rendered":"<table style=\"width: 968.701px;\" border=\"0\">\n<tbody>\n<tr>\n<td style=\"width: 962.701px;\" bgcolor=\"#FFFFFF\">\n<table style=\"width: 963.163px;\">\n<tbody>\n<tr style=\"height: 344px;\">\n<td style=\"width: 276px; height: 344px;\"><img loading=\"lazy\" decoding=\"async\" class=\"wp-image-13933 aligncenter\" style=\"font-family: inherit; font-size: inherit; line-height: 1.5;\" src=\"http:\/\/nicaragua-travel-guide.com\/site\/wp-content\/uploads\/2016\/07\/hotelestanciamardulcefrente.jpg\" alt=\"hotelestanciamardulcefrente\" width=\"270\" height=\"361\" \/><\/td>\n<td style=\"width: 681.163px; height: 344px;\"><img loading=\"lazy\" decoding=\"async\" class=\"wp-image-13932 aligncenter\" src=\"http:\/\/nicaragua-travel-guide.com\/site\/wp-content\/uploads\/2016\/07\/hotelestanciamardulcepisc.jpg\" alt=\"hotelestanciamardulcepisc\" width=\"711\" height=\"385\" \/><\/td>\n<\/tr>\n<\/tbody>\n<\/table>\n<\/td>\n<\/tr>\n<tr>\n<td style=\"width: 962.701px; background-color: #12a5b3;\" bgcolor=\"#FFFFFF\"><strong>Descripci\u00f3n:<\/strong><\/td>\n<\/tr>\n<tr>\n<td style=\"width: 962.701px; background-color: #d1e388;\" bgcolor=\"#660000\">Hotel Estancia Mar Dulce esta localizado en el coraz\u00f3n de la hist\u00f3rica cuidad Colonial de Granada, Nicaragua. Es un hotel nuevo, muy pintoresco y de ambiente agradable. Nuestro hotel ha dado la bienvenida a visitantes de todas partes del mundo, muchos de ellos regresan, es nuestro goal hacer el Hotel Estancia Mar Dulce el mejor lugar en Granada, Nicaragua. La ciudad de Granada es popularmente visitada por turistas. Nuestro hotel esta localizado cerca de museos, Iglesias de gran valor hist\u00f3rico y el Convento.Nuestro staff es biling\u00fce, les ofrece servicios personales y les encanta compartir informaci\u00f3n con nuestros hu\u00e9spedes.<\/p>\n<p><strong>Tarifas y forma de pago<\/strong><br \/>\nPrecio para dos personas en habitaci\u00f3n doble US$ 40-110 impuestos incluidos.<\/p>\n<p>Visa, Master Card, Diners Club, American Express, Cheques viajeros.<\/p>\n<p><strong>Habitaciones<\/strong><br \/>\n15 habitaciones. Ba\u00f1o privado, Agua caliente, Aire acondicionado, Televisi\u00f3n.<\/p>\n<p><strong>Servicios<\/strong><\/p>\n<p>Desayuno incluido, Bar, Piscina, Gimnasio, Sal\u00f3n de conferencias, Internet, Transporte\/transfer, No-fumador disponible, Lavander\u00eda, Caja de seguridad, Parqueo seguro.<\/td>\n<\/tr>\n<tr>\n<td style=\"width: 962.701px; background-color: #1898b8;\" bgcolor=\"#660000\">Por mayor informaci\u00f3n y reservacion <a href=\"http:\/\/nicaragua-travel-guide.com\/site\/contactanos\/\"><strong>Contactarnos<\/strong><\/a><\/td>\n<\/tr>\n<\/tbody>\n<\/table>\n","protected":false},"excerpt":{"rendered":"<p>Descripci\u00f3n: Hotel Estancia Mar Dulce esta localizado en el coraz\u00f3n de la hist\u00f3rica cuidad Colonial de Granada, Nicaragua. Es un hotel nuevo, muy pintoresco y de ambiente agradable. Nuestro hotel ha dado la bienvenida a visitantes de todas partes del mundo, muchos de ellos regresan, es nuestro goal hacer el Hotel Estancia Mar Dulce el [&hellip;]<\/p>\n","protected":false},"author":2,"featured_media":0,"parent":0,"menu_order":0,"comment_status":"closed","ping_status":"closed","template":"","meta":{"footnotes":""},"_links":{"self":[{"href":"https:\/\/nicaragua-travel-guide.com\/site\/wp-json\/wp\/v2\/pages\/8335"}],"collection":[{"href":"https:\/\/nicaragua-travel-guide.com\/site\/wp-json\/wp\/v2\/pages"}],"about":[{"href":"https:\/\/nicaragua-travel-guide.com\/site\/wp-json\/wp\/v2\/types\/page"}],"author":[{"embeddable":true,"href":"https:\/\/nicaragua-travel-guide.com\/site\/wp-json\/wp\/v2\/users\/2"}],"replies":[{"embeddable":true,"href":"https:\/\/nicaragua-travel-guide.com\/site\/wp-json\/wp\/v2\/comments?post=8335"}],"version-history":[{"count":16,"href":"https:\/\/nicaragua-travel-guide.com\/site\/wp-json\/wp\/v2\/pages\/8335\/revisions"}],"predecessor-version":[{"id":13936,"href":"https:\/\/nicaragua-travel-guide.com\/site\/wp-json\/wp\/v2\/pages\/8335\/revisions\/13936"}],"wp:attachment":[{"href":"https:\/\/nicaragua-travel-guide.com\/site\/wp-json\/wp\/v2\/media?parent=8335"}],"curies":[{"name":"wp","href":"https:\/\/api.w.org\/{rel}","templated":true}]}}