{"id":8528,"date":"2016-07-28T17:02:02","date_gmt":"2016-07-28T17:02:02","guid":{"rendered":"http:\/\/nicaragua-travel-guide.com\/site\/?page_id=8528"},"modified":"2016-11-17T20:57:21","modified_gmt":"2016-11-17T20:57:21","slug":"granada-hotel-los-patios","status":"publish","type":"page","link":"https:\/\/nicaragua-travel-guide.com\/site\/granada-hotel-los-patios\/","title":{"rendered":"Granada Hotel \u00abLos Patios\u00bb"},"content":{"rendered":"<table style=\"width: 1041.5px;\" border=\"0\">\n<tbody>\n<tr style=\"height: 12.9444px;\">\n<td style=\"height: 1150.94px; width: 219px;\" rowspan=\"9\" valign=\"top\" bgcolor=\"#00FFFF\">\n<table style=\"width: 264.24px;\" border=\"0\">\n<tbody>\n<tr style=\"height: 59.333343505859375px;\">\n<td style=\"width: 258.24px; height: 59.333343505859375px; background-color: #ad0927; border-color: #ad0927;\" bgcolor=\"#FF0000\"><img loading=\"lazy\" decoding=\"async\" class=\"wp-image-14092 aligncenter\" style=\"font-family: inherit; font-size: inherit; line-height: 1.5;\" src=\"http:\/\/nicaragua-travel-guide.com\/site\/wp-content\/uploads\/2016\/07\/hotelospatioslogo.png\" alt=\"hotelospatioslogo\" width=\"254\" height=\"188\" \/><\/td>\n<\/tr>\n<tr style=\"height: 22px;\">\n<td style=\"width: 258.24px; height: 22px;\" bgcolor=\"#FF0000\"><strong>Bienvenidos<\/strong><\/td>\n<\/tr>\n<tr style=\"height: 22px;\">\n<td style=\"width: 258.24px; height: 22px;\" bgcolor=\"#FFFFFF\">*Nuestra Misi\u00f3n<\/td>\n<\/tr>\n<tr style=\"height: 22px;\">\n<td style=\"width: 258.24px; height: 22px;\" bgcolor=\"#FFFFFF\">*<a href=\"http:\/\/nicaragua-travel-guide.com\/site\/granada-hotel-los-patios-interior-de-habitaciones-y-tarifas\/\"><strong>Precio de las Habitaciones<\/strong><\/a><\/td>\n<\/tr>\n<tr style=\"height: 22px;\">\n<td style=\"width: 258.24px; height: 22px;\" bgcolor=\"#00FFFF\"><a href=\"http:\/\/nicaragua-travel-guide.com\/site\/granada-hotel-los-patios-acerca-de-nosotros\/\"><strong>Acerca de Nosotros<\/strong><\/a><\/td>\n<\/tr>\n<tr style=\"height: 22px;\">\n<td style=\"width: 258.24px; height: 22px;\" bgcolor=\"#00FFFF\">*Compromiso Social<\/td>\n<\/tr>\n<tr style=\"height: 22px;\">\n<td style=\"width: 258.24px; background-color: #e3dada; height: 22px;\" bgcolor=\"#00FFFF\"><a href=\"http:\/\/nicaragua-travel-guide.com\/site\/granada-hotel-los-patios-diseno-interior-decorado-y-tarifa-de-habitaciones\/\"><strong>El Dise\u00f1o<\/strong><\/a><\/td>\n<\/tr>\n<tr style=\"height: 22px;\">\n<td style=\"width: 258.24px; background-color: #e3dada; height: 22px;\" bgcolor=\"#00FFFF\">*Concepto de Dise\u00f1o<\/td>\n<\/tr>\n<tr style=\"height: 22px;\">\n<td style=\"width: 258.24px; background-color: #e3dada; height: 22px;\" bgcolor=\"#00FFFF\">*El Interior<\/td>\n<\/tr>\n<tr style=\"height: 22px;\">\n<td style=\"width: 258.24px; background-color: #e3dada; height: 22px;\" bgcolor=\"#00FFFF\">*Exteriores<\/td>\n<\/tr>\n<tr style=\"height: 22px;\">\n<td style=\"width: 258.24px; height: 22px;\" bgcolor=\"#00FFFF\"><a href=\"http:\/\/nicaragua-travel-guide.com\/site\/granada-hotel-los-patios-interior-de-habitaciones-y-tarifas\/\">Interior -Habitaciones<\/a><\/td>\n<\/tr>\n<tr style=\"height: 22px;\">\n<td style=\"width: 258.24px; height: 22px;\" bgcolor=\"#00FFFF\"><a href=\"http:\/\/nicaragua-travel-guide.com\/site\/granada-hotel-los-patios-servicios\/\"><strong>Servicios<\/strong><\/a><\/td>\n<\/tr>\n<tr style=\"height: 22px;\">\n<td style=\"width: 258.24px; height: 22px;\" bgcolor=\"#00FFFF\">*\u00c1rea de spa<\/td>\n<\/tr>\n<tr style=\"height: 22px;\">\n<td style=\"width: 258.24px; height: 22px;\" bgcolor=\"#00FFFF\">Galer\u00eda<\/td>\n<\/tr>\n<tr style=\"height: 22px;\">\n<td style=\"width: 258.24px; height: 22px;\" bgcolor=\"#00FFFF\"><strong>Cont\u00e1ctenos<\/strong><\/td>\n<\/tr>\n<tr style=\"height: 22px;\">\n<td style=\"width: 258.24px; height: 22px;\" bgcolor=\"#00FFFF\"><\/td>\n<\/tr>\n<tr style=\"height: 22px;\">\n<td style=\"width: 258.24px; height: 22px;\" bgcolor=\"#00FFFF\"><\/td>\n<\/tr>\n<\/tbody>\n<\/table>\n<p>&nbsp;<\/p>\n<p>&nbsp;<\/p>\n<p>&nbsp;<\/td>\n<td style=\"height: 12.9444px; width: 49.4966px;\" colspan=\"2\" bgcolor=\"#FFFFFF\">\n<table style=\"height: 260px; width: 800px;\">\n<tbody>\n<tr>\n<td style=\"width: 402.66668701171875px;\"><img loading=\"lazy\" decoding=\"async\" class=\"alignnone wp-image-14074\" src=\"http:\/\/nicaragua-travel-guide.com\/site\/wp-content\/uploads\/2016\/07\/hotelospatiosacercadeuno.png\" alt=\"hotelospatiosacercadeuno\" width=\"422\" height=\"277\" \/><\/td>\n<td style=\"width: 387.33331298828125px;\"><img loading=\"lazy\" decoding=\"async\" class=\"alignnone wp-image-14090\" src=\"http:\/\/nicaragua-travel-guide.com\/site\/wp-content\/uploads\/2016\/07\/hotelospatiosfrente.png\" alt=\"hotelospatiosfrente\" width=\"398\" height=\"266\" \/><\/td>\n<\/tr>\n<\/tbody>\n<\/table>\n<\/td>\n<\/tr>\n<tr style=\"height: 27px;\">\n<td style=\"height: 27px; width: 49.4966px;\" colspan=\"2\" bgcolor=\"#FF0000\"><strong>Bienvenidos a Hotel Los Patios<\/strong><\/td>\n<\/tr>\n<tr style=\"height: 266px;\">\n<td style=\"height: 266px; width: 49.4966px;\" colspan=\"2\" valign=\"top\" bgcolor=\"#0000FF\">\n<table style=\"width: 800px;\">\n<tbody>\n<tr>\n<td style=\"width: 501px;\" rowspan=\"2\">\u00abLos Patios Hotel\u00bb esta ubicado en la Calle Corrales, cerca de la parte m\u00e1s hist\u00f3rica de la ciudad, con vista al Volc\u00e1n Mombacho y el Gran Lago de Nicaragua, uno de los m\u00e1s grandes y esc\u00e9nicos lagos de agua dulce en el mundo.<\/p>\n<p>\u00abLos Patios Hotel\u00bb es un \u00edntimo hotel boutique de dise\u00f1o situado en la ciudad m\u00e1s atractiva de Nicaragua &#8211; Granada.\u00a0Ofreciendo una v\u00eda de escape exquisito de la rapidez de la vida urbana.\u00a0El hotel dispone de cinco habitaciones de dise\u00f1o individual y un m\u00e1ximo de cinco patios abiertos, que incluyen una piscina al aire libre con agua natural.<\/p>\n<p>Est\u00e1 dise\u00f1ado para echo rica arquitectura colonial espa\u00f1ola de Granada, mezclada con un sentido simplificado de estilo escandinavo, donde los propietarios de los Patios de nacer.<\/td>\n<td style=\"width: 299px;\"><img loading=\"lazy\" decoding=\"async\" class=\"alignnone wp-image-14094\" src=\"http:\/\/nicaragua-travel-guide.com\/site\/wp-content\/uploads\/2016\/07\/hotelospatiospatres.png\" alt=\"hotelospatiospatres\" width=\"320\" height=\"210\" \/><\/td>\n<\/tr>\n<tr>\n<td style=\"width: 299px;\" height=\"177\"><img loading=\"lazy\" decoding=\"async\" class=\" wp-image-14076 alignleft\" src=\"http:\/\/nicaragua-travel-guide.com\/site\/wp-content\/uploads\/2016\/07\/hotelospatiosbamacas.jpg\" alt=\"hotelospatiosbamacas\" width=\"330\" height=\"217\" \/><\/td>\n<\/tr>\n<\/tbody>\n<\/table>\n<\/td>\n<\/tr>\n<tr style=\"height: 21px;\">\n<td style=\"height: 21px; width: 49.4966px;\" colspan=\"2\" bgcolor=\"#FF0000\"><strong>Nuestra Misi\u00f3n:<\/strong><\/td>\n<\/tr>\n<tr style=\"height: 247px;\">\n<td style=\"height: 247px; width: 49.4966px;\" colspan=\"2\" valign=\"top\" bgcolor=\"#0000FF\">\n<table style=\"width: 794px;\" border=\"0\">\n<tbody>\n<tr>\n<td style=\"width: 496px;\" rowspan=\"2\">Con \u00abLos Patios\u00bb, nos gustar\u00eda compartir la fant\u00e1stica manera de vivir en un entorno exterior en el interior.\u00a0Nuestro objetivo es dar a nuestros hu\u00e9spedes una experiencia \u00fanica en un lugar tranquilo donde se puede disfrutar de dise\u00f1o minimalista \u00fanico combinado con el estilo colonial, sin comprometer el lujo de la vida moderna.<\/p>\n<p>Es un lugar donde usted puede permanecer perezoso pasar el d\u00eda entero en la piscina o puede estar activo s\u00f3lo por caminar fuera de la puerta de la derecha en el centro de una ciudad hist\u00f3rica, donde el pueblo de Nicaragua le permiten compartir su estilo de vida de Am\u00e9rica Central.<\/p>\n<p>Por favor, vis\u00edtennos para gozar de una atm\u00f3sfera abierta, con un acercamiento relajante de lujo. Nuestro personal estar\u00e1 siempre atento a que su estad\u00eda con nosotros les deje un recuerdo muy personal, ya que nuestra meta es hacerles sentir en casa, aunque en un mundo diferente.<\/td>\n<td style=\"width: 283px;\"><img loading=\"lazy\" decoding=\"async\" class=\"alignnone wp-image-14095\" src=\"http:\/\/nicaragua-travel-guide.com\/site\/wp-content\/uploads\/2016\/07\/hotelospatiospicinaroja.jpg\" alt=\"hotelospatiospicinaroja\" width=\"289\" height=\"190\" \/><\/td>\n<\/tr>\n<tr>\n<td style=\"width: 283px;\"><img loading=\"lazy\" decoding=\"async\" class=\" wp-image-14096 alignleft\" src=\"http:\/\/nicaragua-travel-guide.com\/site\/wp-content\/uploads\/2016\/07\/hotelospatiospiscinab.jpg\" alt=\"hotelospatiospiscinab\" width=\"282\" height=\"185\" \/><\/td>\n<\/tr>\n<\/tbody>\n<\/table>\n<\/td>\n<\/tr>\n<tr style=\"height: 21px;\">\n<td style=\"height: 21px; width: 49.4966px;\" colspan=\"2\" bgcolor=\"#FF0000\">Precio de Habitaciones<\/td>\n<\/tr>\n<tr style=\"height: 171px;\">\n<td style=\"height: 171px; width: 49.4966px;\" colspan=\"2\" valign=\"top\" bgcolor=\"#FFFFFF\">\n<table style=\"width: 788.028px;\">\n<tbody>\n<tr>\n<td style=\"width: 284px;\" bgcolor=\"#CCFF99\" height=\"21\"><strong>Del 1 de Noviembre al 30 de Abril<\/strong><\/td>\n<td style=\"text-align: center; width: 263px;\" bgcolor=\"#CCFF99\"><strong>Del 1 de Mayo al 31 de Octubre \u00a0Temporada Verde<\/strong><\/td>\n<td style=\"width: 225.028px;\" bgcolor=\"#CCFF99\"><strong>Precios especiales:<\/strong><\/td>\n<\/tr>\n<tr>\n<td style=\"width: 284px;\" bgcolor=\"#FFFFFF\" height=\"113\">\n<table style=\"width: 260px;\" border=\"0\">\n<tbody>\n<tr>\n<td style=\"width: 200px;\" bgcolor=\"#CCFF66\">Habitac\u00edon corriente doble<\/td>\n<td style=\"width: 50px;\" bgcolor=\"#CCFF66\">$115<\/td>\n<\/tr>\n<tr>\n<td style=\"width: 200px;\" bgcolor=\"#CCFF66\">Suite con Balc\u00f3n<\/td>\n<td style=\"width: 50px;\" bgcolor=\"#CCFF66\">$150<\/td>\n<\/tr>\n<tr>\n<td style=\"width: 200px;\" bgcolor=\"#CCFF66\">Persona adicional<\/td>\n<td style=\"width: 50px;\" bgcolor=\"#CCFF66\">$50<\/td>\n<\/tr>\n<tr>\n<td style=\"width: 200px;\" valign=\"top\" bgcolor=\"#CCFF66\">Infantes hasta 4\u00a0a\u00f1os<\/td>\n<td style=\"width: 50px;\" valign=\"top\" bgcolor=\"#CCFF66\">Gratis<\/td>\n<\/tr>\n<\/tbody>\n<\/table>\n<\/td>\n<td style=\"width: 263px;\" bgcolor=\"#FFFFFF\">\n<table border=\"0\">\n<tbody>\n<tr>\n<td bgcolor=\"#CCFF99\" width=\"212\">Habitaci\u00f3n corriente doble<\/td>\n<td valign=\"top\" bgcolor=\"#CCFF99\" width=\"46\">$90<\/td>\n<\/tr>\n<tr>\n<td bgcolor=\"#CCFF99\">Suite con Balc\u00f3n<\/td>\n<td bgcolor=\"#CCFF99\">$130<\/td>\n<\/tr>\n<tr>\n<td bgcolor=\"#CCFF99\">Persona adicional<\/td>\n<td bgcolor=\"#CCFF99\">$ 25<\/td>\n<\/tr>\n<tr>\n<td bgcolor=\"#CCFF99\">Infantes hasta 4\u00a0a\u00f1os<\/td>\n<td valign=\"top\" bgcolor=\"#CCFF99\">Gratis<\/td>\n<\/tr>\n<\/tbody>\n<\/table>\n<\/td>\n<td style=\"width: 225.028px;\" bgcolor=\"#CCFF99\"><strong>3 a 5 noches<\/strong><\/p>\n<p>15% descuento en los precios est\u00e1ndar de cada t\u00edpo de habitaci\u00f3n<\/td>\n<\/tr>\n<\/tbody>\n<\/table>\n<\/td>\n<\/tr>\n<tr style=\"height: 337px;\">\n<td style=\"height: 337px; width: 49.4966px;\" colspan=\"2\" valign=\"top\" bgcolor=\"#0000FF\"><strong>Desde 6 noches<\/strong><\/p>\n<p>20% descuento en los precios est\u00e1ndar de cada tipo de habitaci\u00f3n.<\/p>\n<p>* Precios son por habitaci\u00f3n\/por noche, incluyendo desayuno y servicio, sin 15% IVA y sin 2% impuestos tur\u00edsticos.<\/p>\n<table border=\"0\" width=\"781\">\n<tbody>\n<tr>\n<td width=\"259\" height=\"162\"><img loading=\"lazy\" decoding=\"async\" class=\"alignnone wp-image-14079\" src=\"http:\/\/nicaragua-travel-guide.com\/site\/wp-content\/uploads\/2016\/07\/hotelospatioscamarilla.png\" alt=\"hotelospatioscamarilla\" width=\"263\" height=\"173\" \/><\/td>\n<td width=\"257\"><img loading=\"lazy\" decoding=\"async\" class=\"alignnone wp-image-14081\" src=\"http:\/\/nicaragua-travel-guide.com\/site\/wp-content\/uploads\/2016\/07\/hotelospatioscamatrim.png\" alt=\"hotelospatioscamatrim\" width=\"250\" height=\"164\" \/><\/td>\n<td width=\"251\"><img loading=\"lazy\" decoding=\"async\" class=\"alignnone wp-image-14080\" src=\"http:\/\/nicaragua-travel-guide.com\/site\/wp-content\/uploads\/2016\/07\/hotelospatioscamaroja.png\" alt=\"hotelospatioscamaroja\" width=\"251\" height=\"165\" \/><\/td>\n<\/tr>\n<\/tbody>\n<\/table>\n<\/td>\n<\/tr>\n<tr style=\"height: 21px;\">\n<td style=\"height: 21px; width: 49.4966px;\" colspan=\"2\" valign=\"top\" bgcolor=\"#FF0000\"><\/td>\n<\/tr>\n<\/tbody>\n<\/table>\n","protected":false},"excerpt":{"rendered":"<p>Bienvenidos *Nuestra Misi\u00f3n *Precio de las Habitaciones Acerca de Nosotros *Compromiso Social El Dise\u00f1o *Concepto de Dise\u00f1o *El Interior *Exteriores Interior -Habitaciones Servicios *\u00c1rea de spa Galer\u00eda Cont\u00e1ctenos &nbsp; &nbsp; &nbsp; Bienvenidos a Hotel Los Patios \u00abLos Patios Hotel\u00bb esta ubicado en la Calle Corrales, cerca de la parte m\u00e1s hist\u00f3rica de la ciudad, con [&hellip;]<\/p>\n","protected":false},"author":2,"featured_media":0,"parent":0,"menu_order":0,"comment_status":"closed","ping_status":"closed","template":"","meta":{"footnotes":""},"_links":{"self":[{"href":"https:\/\/nicaragua-travel-guide.com\/site\/wp-json\/wp\/v2\/pages\/8528"}],"collection":[{"href":"https:\/\/nicaragua-travel-guide.com\/site\/wp-json\/wp\/v2\/pages"}],"about":[{"href":"https:\/\/nicaragua-travel-guide.com\/site\/wp-json\/wp\/v2\/types\/page"}],"author":[{"embeddable":true,"href":"https:\/\/nicaragua-travel-guide.com\/site\/wp-json\/wp\/v2\/users\/2"}],"replies":[{"embeddable":true,"href":"https:\/\/nicaragua-travel-guide.com\/site\/wp-json\/wp\/v2\/comments?post=8528"}],"version-history":[{"count":21,"href":"https:\/\/nicaragua-travel-guide.com\/site\/wp-json\/wp\/v2\/pages\/8528\/revisions"}],"predecessor-version":[{"id":14105,"href":"https:\/\/nicaragua-travel-guide.com\/site\/wp-json\/wp\/v2\/pages\/8528\/revisions\/14105"}],"wp:attachment":[{"href":"https:\/\/nicaragua-travel-guide.com\/site\/wp-json\/wp\/v2\/media?parent=8528"}],"curies":[{"name":"wp","href":"https:\/\/api.w.org\/{rel}","templated":true}]}}