{"id":8532,"date":"2016-07-28T17:06:08","date_gmt":"2016-07-28T17:06:08","guid":{"rendered":"http:\/\/nicaragua-travel-guide.com\/site\/?page_id=8532"},"modified":"2016-11-17T21:24:42","modified_gmt":"2016-11-17T21:24:42","slug":"granada-hotel-los-patios-diseno-interior-decorado-y-tarifa-de-habitaciones","status":"publish","type":"page","link":"https:\/\/nicaragua-travel-guide.com\/site\/granada-hotel-los-patios-diseno-interior-decorado-y-tarifa-de-habitaciones\/","title":{"rendered":"Granada Hotel \u00abLos Patios\u00bb Dise\u00f1o, interior, decorado y tarifa de habitaciones"},"content":{"rendered":"<table border=\"0\" width=\"1009\">\n<tbody>\n<tr style=\"height: 9.27431px;\">\n<td style=\"height: 1534.27px;\" rowspan=\"13\" valign=\"top\" bgcolor=\"#99FFFF\" width=\"210\">\n<table border=\"0\" width=\"210\">\n<tbody>\n<tr>\n<td bgcolor=\"#99FFFF\" width=\"204\"><img loading=\"lazy\" decoding=\"async\" class=\"alignnone wp-image-14092\" src=\"http:\/\/nicaragua-travel-guide.com\/site\/wp-content\/uploads\/2016\/07\/hotelospatioslogo.png\" alt=\"hotelospatioslogo\" width=\"241\" height=\"180\" \/><\/td>\n<\/tr>\n<tr>\n<td bgcolor=\"#99FFFF\"><a href=\"http:\/\/nicaragua-travel-guide.com\/site\/granada-hotel-los-patios\/\"><strong>Bienvenidos<\/strong><\/a><\/td>\n<\/tr>\n<tr>\n<td bgcolor=\"#99FFFF\">*Nuestra Mision<\/td>\n<\/tr>\n<tr>\n<td bgcolor=\"#99FFFF\">*Precio de las Habitaciones<\/td>\n<\/tr>\n<tr>\n<td bgcolor=\"#99FFFF\"><a href=\"http:\/\/nicaragua-travel-guide.com\/site\/granada-hotel-los-patios-acerca-de-nosotros\/\"><strong>Acerca de Nosotros<\/strong><\/a><\/td>\n<\/tr>\n<tr>\n<td bgcolor=\"#99FFFF\">*Compromiso Social<\/td>\n<\/tr>\n<tr>\n<td bgcolor=\"#FF0000\"><strong>El Dise\u00f1o<\/strong><\/td>\n<\/tr>\n<tr>\n<td bgcolor=\"#FFFFFF\">*Concepto de Dise\u00f1o<\/td>\n<\/tr>\n<tr>\n<td bgcolor=\"#FFFFFF\">*El Interior &#8211; Decorado<\/td>\n<\/tr>\n<tr>\n<td bgcolor=\"#FFFFFF\">*Exterior<\/td>\n<\/tr>\n<tr>\n<td bgcolor=\"#FFFFFF\">*Tarifas<\/td>\n<\/tr>\n<tr>\n<td bgcolor=\"#99FFFF\"><a href=\"http:\/\/nicaragua-travel-guide.com\/site\/granada-hotel-los-patios-interior-de-habitaciones-y-tarifas\/\">Interior &#8211; Habitaciones<\/a><\/td>\n<\/tr>\n<tr>\n<td bgcolor=\"#99FFFF\"><a href=\"http:\/\/nicaragua-travel-guide.com\/site\/granada-hotel-los-patios-servicios\/\"><strong>Servicios<\/strong><\/a><\/td>\n<\/tr>\n<tr>\n<td bgcolor=\"#99FFFF\">*Area de spa<\/td>\n<\/tr>\n<tr>\n<td bgcolor=\"#99FFFF\">Actividades<\/td>\n<\/tr>\n<tr>\n<td bgcolor=\"#99FFFF\">Galeria<\/td>\n<\/tr>\n<tr>\n<td bgcolor=\"#99FFFF\">Cont\u00e1ctenos<\/td>\n<\/tr>\n<tr>\n<td bgcolor=\"#99FFFF\"><\/td>\n<\/tr>\n<tr>\n<td bgcolor=\"#99FFFF\"><\/td>\n<\/tr>\n<\/tbody>\n<\/table>\n<p>&nbsp;<\/td>\n<td style=\"height: 9.27431px;\" colspan=\"4\" bgcolor=\"#FFFFFF\" width=\"789\">\n<table style=\"height: 228px; width: 785px;\">\n<tbody>\n<tr>\n<td style=\"width: 403.3333740234375px;\"><img loading=\"lazy\" decoding=\"async\" class=\"alignnone wp-image-14074\" src=\"http:\/\/nicaragua-travel-guide.com\/site\/wp-content\/uploads\/2016\/07\/hotelospatiosacercadeuno.png\" alt=\"hotelospatiosacercadeuno\" width=\"396\" height=\"260\" \/><\/td>\n<td style=\"width: 372.6666259765625px;\"><img loading=\"lazy\" decoding=\"async\" class=\"alignnone wp-image-14090\" src=\"http:\/\/nicaragua-travel-guide.com\/site\/wp-content\/uploads\/2016\/07\/hotelospatiosfrente.png\" alt=\"hotelospatiosfrente\" width=\"382\" height=\"255\" \/><\/td>\n<\/tr>\n<\/tbody>\n<\/table>\n<\/td>\n<\/tr>\n<tr style=\"height: 25px;\">\n<td style=\"height: 25px;\" colspan=\"4\" bgcolor=\"#FF0000\"><strong>El Dise\u00f1o<\/strong><\/td>\n<\/tr>\n<tr style=\"height: 48px;\">\n<td style=\"height: 48px;\" colspan=\"4\" valign=\"top\" bgcolor=\"#0000FF\">\n<table style=\"width: 787px;\" border=\"0\">\n<tbody>\n<tr>\n<td style=\"width: 498.865px;\">El hotel fue dise\u00f1ado con una mezcla del estilo escandinavo, donde los propietarios de \u00abLos Patios\u00bb, manteniendo el eco de la rica arquitectura colonial espa\u00f1ola con que se fund\u00f3 Granada.<\/td>\n<td style=\"width: 276.135px;\"><img loading=\"lazy\" decoding=\"async\" class=\"alignnone wp-image-14085\" src=\"http:\/\/nicaragua-travel-guide.com\/site\/wp-content\/uploads\/2016\/07\/hotelospatioscontruccion.png\" alt=\"hotelospatioscontruccion\" width=\"304\" height=\"200\" \/><\/td>\n<\/tr>\n<\/tbody>\n<\/table>\n<\/td>\n<\/tr>\n<tr style=\"height: 26px;\">\n<td style=\"height: 26px;\" colspan=\"4\" valign=\"top\" bgcolor=\"#FF0000\"><strong>Concepto de Dise\u00f1o<\/strong><\/td>\n<\/tr>\n<tr style=\"height: 224px;\">\n<td style=\"height: 224px;\" colspan=\"4\" valign=\"top\" bgcolor=\"#0000FF\">\n<table style=\"width: 787px;\" border=\"0\">\n<tbody>\n<tr style=\"height: 189px;\">\n<td style=\"width: 502.372px; height: 223px;\" rowspan=\"2\">La arquitectura<\/p>\n<p>El concepto y dise\u00f1o inicial de \u201cLos Patios Hotel\u201d fue obra de Mar\u00eda G\u00f3mez-Guillamon, talentosa\u00a0 arquitecta Espa\u00f1ola-Danesa, quien ha sido Profesora de la Escuela de Arquitectura de la \u00a0\u201cReal Academia Danesa de Artes\u201d por m\u00e1s de una d\u00e9cada.<\/p>\n<p>Su idea para \u201cLos Patios Hotel\u201d envuelve una intrigante mezcla de arquitectura colonial granadina, con dise\u00f1os daneses y acento latino. Como consecuencia, tenemos el techo de tejas rojas caracter\u00edsticas de Granada, los patios al estilo espa\u00f1ol, acoplado al minimalismo de los gr\u00e1ficos y las simples l\u00edneas que se encuentran en los dise\u00f1os de las im\u00e1genes danesas.<\/td>\n<td style=\"width: 272.628px; height: 189px;\"><img loading=\"lazy\" decoding=\"async\" class=\"alignnone wp-image-14082\" src=\"http:\/\/nicaragua-travel-guide.com\/site\/wp-content\/uploads\/2016\/07\/hotelospatioscocina.png\" alt=\"hotelospatioscocina\" width=\"263\" height=\"173\" \/><\/td>\n<\/tr>\n<tr style=\"height: 34px;\">\n<td style=\"width: 272.628px; height: 34px;\">\u00a0<img loading=\"lazy\" decoding=\"async\" class=\"alignnone wp-image-14089\" src=\"http:\/\/nicaragua-travel-guide.com\/site\/wp-content\/uploads\/2016\/07\/hotelospatiosdisenointeriordeco.png\" alt=\"hotelospatiosdisenointeriordeco\" width=\"269\" height=\"177\" \/><\/td>\n<\/tr>\n<\/tbody>\n<\/table>\n<\/td>\n<\/tr>\n<tr style=\"height: 26px;\">\n<td style=\"height: 26px;\" colspan=\"4\" valign=\"top\" bgcolor=\"#FF0000\">El Interior- Decorado<\/td>\n<\/tr>\n<tr style=\"height: 345px;\">\n<td style=\"height: 345px;\" colspan=\"4\" valign=\"top\" bgcolor=\"#0000FF\">\n<table border=\"0\" width=\"791\">\n<tbody>\n<tr>\n<td rowspan=\"2\" width=\"503\">Malene Hasse se dedico con amor art\u00edstico a crear el decorado interior para todo el hotel, desarrollando al mismo tiempo su propia empresa de dise\u00f1o, que ustedes pueden apreciar en\u00a0www.homestyling.dk.<\/p>\n<p>Malene decor\u00f3 y estiliz\u00f3 todas las habitaciones. Su visi\u00f3n la llevo a usar arte local mezclada con dise\u00f1os de pisos nuevos y originales, que ahora pueden ser adquiridos en la fabrica local. Tambi\u00e9n dise\u00f1\u00f3 los muebles que se pueden apreciar en las habitaciones.<\/p>\n<p>En base a los dise\u00f1os de muebles de Marlene, Ingeborg planific\u00f3 y supervis\u00f3 la producci\u00f3n, trabajando con talentos locales de Granada, para hacer realidad las ideas de Marlene. Juntas visitaron los mercados y tiendas de antig\u00fcedades de toda Nicaragua, a fin de darle a cada cuarto un toque de encanto local, lo cual se puede apreciar en las almohadas, cer\u00e1micas y otros detalles decorativos.<\/td>\n<td width=\"278\">\u00a0<img loading=\"lazy\" decoding=\"async\" class=\"alignnone wp-image-14099\" src=\"http:\/\/nicaragua-travel-guide.com\/site\/wp-content\/uploads\/2016\/07\/hotelospatiostocadordos.png\" alt=\"hotelospatiostocadordos\" width=\"271\" height=\"178\" \/><\/td>\n<\/tr>\n<tr>\n<td><img loading=\"lazy\" decoding=\"async\" class=\"alignnone wp-image-14075\" src=\"http:\/\/nicaragua-travel-guide.com\/site\/wp-content\/uploads\/2016\/07\/hotelospatiosbalconsuite.png\" alt=\"hotelospatiosbalconsuite\" width=\"285\" height=\"187\" \/><\/td>\n<\/tr>\n<\/tbody>\n<\/table>\n<\/td>\n<\/tr>\n<tr style=\"height: 21px;\">\n<td style=\"height: 21px;\" colspan=\"4\" valign=\"top\" bgcolor=\"#FF0000\">Exterior \u2013 Los cinco patios<\/td>\n<\/tr>\n<tr style=\"height: 257px;\">\n<td style=\"height: 257px;\" colspan=\"4\" valign=\"top\" bgcolor=\"#0000FF\">\n<table style=\"width: 791.6666870117188px;\" border=\"0\">\n<tbody>\n<tr>\n<td style=\"width: 513px;\" rowspan=\"2\">Algo muy singular de \u00abLos Patios Hotel\u00bb son sus cinco diferentes patios, ideales para disfrutar de un entrem\u00e9s exterior. Puede escoger su favorito para relax y desenmara\u00f1arse en privado. Lozandose con el murmullo del agua para calmar su mente. Puede recostarse en un sof\u00e1 o en una hamaca. Leer un libro. Jugar ajedrez o simplemente libar bebidas tropicales en los cojines.<\/p>\n<p>Si desea nadar, va a apreciar nuestra piscina de agua natural que no contiene clorina, ya que se purifica con materias naturales. Adem\u00e1s puede aprovechar para contratar un masaje o un pedicura o simplemente empaparse de la vista y sonidos de sus alrededores.<\/td>\n<td style=\"width: 300.66668701171875px;\"><img loading=\"lazy\" decoding=\"async\" class=\"alignnone wp-image-14080\" src=\"http:\/\/nicaragua-travel-guide.com\/site\/wp-content\/uploads\/2016\/07\/hotelospatioscamaroja.png\" alt=\"hotelospatioscamaroja\" width=\"291\" height=\"191\" \/><\/td>\n<\/tr>\n<tr>\n<td style=\"width: 300.66668701171875px;\" height=\"98\"><img loading=\"lazy\" decoding=\"async\" class=\"alignnone wp-image-14077\" src=\"http:\/\/nicaragua-travel-guide.com\/site\/wp-content\/uploads\/2016\/07\/hotelospatioscamabalconsilla.png\" alt=\"hotelospatioscamabalconsilla\" width=\"288\" height=\"189\" \/><\/td>\n<\/tr>\n<\/tbody>\n<\/table>\n<\/td>\n<\/tr>\n<tr style=\"height: 21px;\">\n<td style=\"height: 21px;\" colspan=\"4\" bgcolor=\"#FF0000\">Tarifas<\/td>\n<\/tr>\n<tr style=\"height: 171px;\">\n<td style=\"height: 171px;\" colspan=\"4\" valign=\"top\" bgcolor=\"#FFFFFF\">\n<table width=\"791\">\n<tbody>\n<tr>\n<td bgcolor=\"#CCFF99\" width=\"287\" height=\"21\"><strong>Del 1 de Noviembre al 30 de Abril<\/strong><\/td>\n<td bgcolor=\"#CCFF00\" width=\"259\"><strong>Del 1 de Mayo al 31 de Octubre \u00a0 \u00a0 \u00a0 \u00a0 \u00a0\u00a0 \u00a0 \u00a0\u00abTemporada Verde\u00bb<\/strong><\/td>\n<td bgcolor=\"#CCFF99\" width=\"229\"><strong>Precios especiales:<\/strong><\/td>\n<\/tr>\n<tr>\n<td bgcolor=\"#99FF66\" height=\"113\">\n<table border=\"0\">\n<tbody>\n<tr>\n<td bgcolor=\"#CCFF99\" width=\"224\">Habitaci\u00f3n corriente doble<\/td>\n<td bgcolor=\"#CCFF99\" width=\"53\">$115<\/td>\n<\/tr>\n<tr>\n<td bgcolor=\"#CCFF99\">Suite con Balc\u00f3n<\/td>\n<td bgcolor=\"#CCFF99\">$150<\/td>\n<\/tr>\n<tr>\n<td bgcolor=\"#CCFF99\">Persona adicional<\/td>\n<td bgcolor=\"#CCFF99\">$50<\/td>\n<\/tr>\n<tr>\n<td bgcolor=\"#CCFF99\">Infantes hasta 4\u00a0a\u00f1os<\/td>\n<td bgcolor=\"#CCFF99\">Gratis<\/td>\n<\/tr>\n<\/tbody>\n<\/table>\n<\/td>\n<td bgcolor=\"#FFFFFF\">\n<table border=\"0\">\n<tbody>\n<tr>\n<td bgcolor=\"#CCFF33\" width=\"209\">Habitaci\u00f3n corriente doble<\/td>\n<td bgcolor=\"#CCFF33\" width=\"46\">$90<\/td>\n<\/tr>\n<tr>\n<td bgcolor=\"#CCFF33\">Suite con Balc\u00f3n<\/td>\n<td bgcolor=\"#CCFF33\">$130<\/td>\n<\/tr>\n<tr>\n<td bgcolor=\"#CCFF33\">Persona adicional<\/td>\n<td bgcolor=\"#CCFF33\">$25<\/td>\n<\/tr>\n<tr>\n<td bgcolor=\"#CCFF33\">Infantes hasta 4\u00a0a\u00f1os<\/td>\n<td bgcolor=\"#CCFF33\">Gratis<\/td>\n<\/tr>\n<\/tbody>\n<\/table>\n<\/td>\n<td bgcolor=\"#CCFF99\"><strong>3 a 5 noches<\/strong><\/p>\n<p>15% descuento en los precios est\u00e1ndar de cada tipo de habitaci\u00f3n<\/td>\n<\/tr>\n<\/tbody>\n<\/table>\n<\/td>\n<\/tr>\n<tr style=\"height: 340px;\">\n<td style=\"height: 340px;\" colspan=\"4\" valign=\"top\" bgcolor=\"#0000FF\"><strong>Desde 6 noches<\/strong><\/p>\n<p>20% descuento en los precios est\u00e1ndar de cada tipo de habitaci\u00f3n<\/p>\n<p>* Precios son por habitaci\u00f3n\/por noche, incluyendo desayuno y servicio, sin 15% IVA y sin 2% impuestos tur\u00edsticos.<\/p>\n<table border=\"0\" width=\"792\">\n<tbody>\n<tr>\n<td width=\"267\" height=\"162\"><img loading=\"lazy\" decoding=\"async\" class=\"alignnone wp-image-14081\" style=\"background-color: #ffffff;\" src=\"http:\/\/nicaragua-travel-guide.com\/site\/wp-content\/uploads\/2016\/07\/hotelospatioscamatrim.png\" alt=\"hotelospatioscamatrim\" width=\"294\" height=\"193\" \/><\/td>\n<td width=\"250\"><img loading=\"lazy\" decoding=\"async\" class=\"alignnone wp-image-14079\" style=\"background-color: #ffffff;\" src=\"http:\/\/nicaragua-travel-guide.com\/site\/wp-content\/uploads\/2016\/07\/hotelospatioscamarilla.png\" alt=\"hotelospatioscamarilla\" width=\"271\" height=\"178\" \/><\/td>\n<td width=\"261\"><img loading=\"lazy\" decoding=\"async\" class=\"alignnone wp-image-14078\" style=\"background-color: #ffffff;\" src=\"http:\/\/nicaragua-travel-guide.com\/site\/wp-content\/uploads\/2016\/07\/hotelospatioscamabalconuno.png\" alt=\"hotelospatioscamabalconuno\" width=\"262\" height=\"172\" \/><\/td>\n<\/tr>\n<\/tbody>\n<\/table>\n<\/td>\n<\/tr>\n<tr style=\"height: 21px;\">\n<td style=\"height: 21px;\" colspan=\"4\" bgcolor=\"#FF0000\"><\/td>\n<\/tr>\n<\/tbody>\n<\/table>\n<p>&nbsp;<\/p>\n","protected":false},"excerpt":{"rendered":"<p>Bienvenidos *Nuestra Mision *Precio de las Habitaciones Acerca de Nosotros *Compromiso Social El Dise\u00f1o *Concepto de Dise\u00f1o *El Interior &#8211; Decorado *Exterior *Tarifas Interior &#8211; Habitaciones Servicios *Area de spa Actividades Galeria Cont\u00e1ctenos &nbsp; El Dise\u00f1o El hotel fue dise\u00f1ado con una mezcla del estilo escandinavo, donde los propietarios de \u00abLos Patios\u00bb, manteniendo el eco [&hellip;]<\/p>\n","protected":false},"author":2,"featured_media":0,"parent":0,"menu_order":0,"comment_status":"closed","ping_status":"closed","template":"","meta":{"footnotes":""},"_links":{"self":[{"href":"https:\/\/nicaragua-travel-guide.com\/site\/wp-json\/wp\/v2\/pages\/8532"}],"collection":[{"href":"https:\/\/nicaragua-travel-guide.com\/site\/wp-json\/wp\/v2\/pages"}],"about":[{"href":"https:\/\/nicaragua-travel-guide.com\/site\/wp-json\/wp\/v2\/types\/page"}],"author":[{"embeddable":true,"href":"https:\/\/nicaragua-travel-guide.com\/site\/wp-json\/wp\/v2\/users\/2"}],"replies":[{"embeddable":true,"href":"https:\/\/nicaragua-travel-guide.com\/site\/wp-json\/wp\/v2\/comments?post=8532"}],"version-history":[{"count":15,"href":"https:\/\/nicaragua-travel-guide.com\/site\/wp-json\/wp\/v2\/pages\/8532\/revisions"}],"predecessor-version":[{"id":14107,"href":"https:\/\/nicaragua-travel-guide.com\/site\/wp-json\/wp\/v2\/pages\/8532\/revisions\/14107"}],"wp:attachment":[{"href":"https:\/\/nicaragua-travel-guide.com\/site\/wp-json\/wp\/v2\/media?parent=8532"}],"curies":[{"name":"wp","href":"https:\/\/api.w.org\/{rel}","templated":true}]}}