{"id":8534,"date":"2016-07-28T17:08:35","date_gmt":"2016-07-28T17:08:35","guid":{"rendered":"http:\/\/nicaragua-travel-guide.com\/site\/?page_id=8534"},"modified":"2016-11-17T21:44:17","modified_gmt":"2016-11-17T21:44:17","slug":"granada-hotel-los-patios-interior-de-habitaciones-y-tarifas","status":"publish","type":"page","link":"https:\/\/nicaragua-travel-guide.com\/site\/granada-hotel-los-patios-interior-de-habitaciones-y-tarifas\/","title":{"rendered":"Granada Hotel \u00abLos Patios\u00bb Interior de habitaciones y tarifas"},"content":{"rendered":"<table style=\"width: 1068px;\" border=\"0\">\n<tbody>\n<tr style=\"height: 13.1215px;\">\n<td style=\"height: 1850.73px; width: 1205px;\" rowspan=\"11\" valign=\"top\" bgcolor=\"#99FFFF\">\n<table style=\"width: 239px;\" border=\"0\">\n<tbody>\n<tr style=\"height: 22.666667938232422px;\">\n<td style=\"height: 22.666667938232422px; width: 239px;\" bgcolor=\"#99FFFF\"><img loading=\"lazy\" decoding=\"async\" class=\" wp-image-14092 aligncenter\" src=\"http:\/\/nicaragua-travel-guide.com\/site\/wp-content\/uploads\/2016\/07\/hotelospatioslogo.png\" alt=\"hotelospatioslogo\" width=\"232\" height=\"173\" \/><\/td>\n<\/tr>\n<tr style=\"height: 22px;\">\n<td style=\"height: 22px; width: 239px;\" bgcolor=\"#99FFFF\"><strong><a href=\"http:\/\/nicaragua-travel-guide.com\/site\/granada-hotel-los-patios\/\">Bienvenidos<\/a><\/strong><\/td>\n<\/tr>\n<tr style=\"height: 22px;\">\n<td style=\"height: 22px; width: 239px;\" bgcolor=\"#99FFFF\"><strong>*Nuestra\u00a0<\/strong><b>Misi\u00f3n<\/b><\/td>\n<\/tr>\n<tr style=\"height: 22px;\">\n<td style=\"height: 22px; width: 239px;\" bgcolor=\"#99FFFF\"><a href=\"http:\/\/nicaragua-travel-guide.com\/site\/granada-hotel-los-patios-acerca-de-nosotros\/\"><strong>Acerca de Nosotros<\/strong><\/a><\/td>\n<\/tr>\n<tr style=\"height: 22px;\">\n<td style=\"height: 22px; width: 239px;\" bgcolor=\"#99FFFF\"><strong>*Compromiso Social<\/strong><\/td>\n<\/tr>\n<tr style=\"height: 22px;\">\n<td style=\"height: 22px; width: 239px;\" bgcolor=\"#99FFFF\"><strong>El Dise\u00f1o<\/strong><\/td>\n<\/tr>\n<tr style=\"height: 22px;\">\n<td style=\"height: 22px; width: 239px;\" bgcolor=\"#99FFFF\"><strong>*Concepto de Dise\u00f1o<\/strong><\/td>\n<\/tr>\n<tr style=\"height: 22px;\">\n<td style=\"height: 22px; width: 239px;\" bgcolor=\"#99FFFF\"><strong>*El Interior<\/strong><\/td>\n<\/tr>\n<tr style=\"height: 22px;\">\n<td style=\"height: 22px; width: 239px;\" bgcolor=\"#99FFFF\"><strong>*Exteriores<\/strong><\/td>\n<\/tr>\n<tr style=\"height: 22px;\">\n<td style=\"height: 22px; width: 239px;\" bgcolor=\"#FF0000\"><strong>Interior -Habitaciones<\/strong><\/td>\n<\/tr>\n<tr style=\"height: 22px;\">\n<td style=\"height: 22px; width: 239px;\" bgcolor=\"#FFFFFF\"><strong>*Lujosa<\/strong><\/td>\n<\/tr>\n<tr style=\"height: 22px;\">\n<td style=\"height: 22px; width: 239px;\" bgcolor=\"#FFFFFF\"><strong>*Cuarto\u00a0<\/strong><b>Est\u00e1ndar<\/b><\/td>\n<\/tr>\n<tr style=\"height: 22px;\">\n<td style=\"height: 22px; width: 239px;\" bgcolor=\"#FFFFFF\"><strong>*Tarifas<\/strong><\/td>\n<\/tr>\n<tr style=\"height: 22px;\">\n<td style=\"height: 22px; width: 239px;\" bgcolor=\"#99FFFF\"><a href=\"http:\/\/nicaragua-travel-guide.com\/site\/granada-hotel-los-patios-servicios\/\"><strong>Servicios<\/strong><\/a><\/td>\n<\/tr>\n<tr style=\"height: 22px;\">\n<td style=\"height: 22px; width: 239px;\" bgcolor=\"#99FFFF\"><strong>\u00c1rea\u00a0de spa<\/strong><\/td>\n<\/tr>\n<tr style=\"height: 22px;\">\n<td style=\"height: 22px; width: 239px;\" bgcolor=\"#99FFFF\"><strong>Actividades<\/strong><\/td>\n<\/tr>\n<tr style=\"height: 22px;\">\n<td style=\"height: 22px; width: 239px;\" bgcolor=\"#99FFFF\"><b>Galer\u00eda<\/b><\/td>\n<\/tr>\n<tr style=\"height: 22px;\">\n<td style=\"height: 22px; width: 239px;\" bgcolor=\"#99FFFF\"><strong>Cont\u00e1ctenos<\/strong><\/td>\n<\/tr>\n<tr style=\"height: 22px;\">\n<td style=\"height: 22px; width: 239px;\" bgcolor=\"#99FFFF\"><strong>\u00a0<\/strong><\/td>\n<\/tr>\n<tr style=\"height: 22px;\">\n<td style=\"height: 22px; width: 239px;\" bgcolor=\"#99FFFF\"><strong>\u00a0<\/strong><\/td>\n<\/tr>\n<\/tbody>\n<\/table>\n<p>&nbsp;<\/td>\n<td style=\"height: 13.1215px; width: 10px;\" bgcolor=\"#FFFFFF\">\n<table style=\"height: 11px; width: 825px;\">\n<tbody>\n<tr>\n<td style=\"width: 424px;\"><img loading=\"lazy\" decoding=\"async\" class=\"alignnone wp-image-14074\" src=\"http:\/\/nicaragua-travel-guide.com\/site\/wp-content\/uploads\/2016\/07\/hotelospatiosacercadeuno.png\" alt=\"hotelospatiosacercadeuno\" width=\"411\" height=\"270\" \/><\/td>\n<td style=\"width: 406px;\"><img loading=\"lazy\" decoding=\"async\" class=\"alignnone wp-image-14090\" src=\"http:\/\/nicaragua-travel-guide.com\/site\/wp-content\/uploads\/2016\/07\/hotelospatiosfrente.png\" alt=\"hotelospatiosfrente\" width=\"412\" height=\"276\" \/><\/td>\n<\/tr>\n<\/tbody>\n<\/table>\n<\/td>\n<\/tr>\n<tr style=\"height: 27px;\">\n<td style=\"height: 27px; width: 10px;\" bgcolor=\"#FF0000\">Interior \u2013 Habitaciones<\/td>\n<\/tr>\n<tr style=\"height: 345px;\">\n<td style=\"height: 345px; width: 10px;\" valign=\"top\" bgcolor=\"#0000FF\">\n<table style=\"width: 817px;\" border=\"0\">\n<tbody>\n<tr style=\"height: 216.66668701171875px;\">\n<td style=\"width: 439px; height: 431.66668701171875px;\" rowspan=\"2\" valign=\"top\">Un sutil estilo Escandinavo impregna todos los corredores, los \u00e1reas lounge y las habitaciones, al usar un simple acercamiento a la sofisticaci\u00f3n, acentuada con los detalles decorativos de artesanos nicarag\u00fcenses.<\/p>\n<p>Los cielos son forrados de ca\u00f1a nativa, que da ese inigualable efecto de tranquilidad, que balanceados con una mezcla sutil de gris, negro y sombras de blanco en la cer\u00e1mica del piso. Todo completado con detalles de madera. Cada habitaci\u00f3n tiene una cama tama\u00f1o Rey, los cielos son altos y todos tienen acceso a un ba\u00f1o privado, el cual refleja un \u00abmenos es m\u00e1s\u00bb dise\u00f1o, completado con equipos sanitarios modernos.<\/p>\n<p>Todo est\u00e1 dise\u00f1ado para la comodidad del hu\u00e9sped, combinado con la sensaci\u00f3n de estar en un jard\u00edn exterior.<\/td>\n<td style=\"width: 412px; height: 216.66668701171875px;\"><img loading=\"lazy\" decoding=\"async\" class=\"wp-image-14099 alignleft\" src=\"http:\/\/nicaragua-travel-guide.com\/site\/wp-content\/uploads\/2016\/07\/hotelospatiostocadordos.png\" alt=\"hotelospatiostocadordos\" width=\"388\" height=\"253\" \/><\/td>\n<\/tr>\n<tr style=\"height: 215px;\">\n<td style=\"width: 412px; height: 215px;\"><img loading=\"lazy\" decoding=\"async\" class=\"alignnone wp-image-14082\" src=\"http:\/\/nicaragua-travel-guide.com\/site\/wp-content\/uploads\/2016\/07\/hotelospatioscocina.png\" alt=\"hotelospatioscocina\" width=\"387\" height=\"254\" \/><\/td>\n<\/tr>\n<\/tbody>\n<\/table>\n<\/td>\n<\/tr>\n<tr style=\"height: 25px;\">\n<td style=\"height: 25px; width: 10px;\" bgcolor=\"#FF0000\"><strong>Lujosa<\/strong><\/td>\n<\/tr>\n<tr style=\"height: 483px;\">\n<td style=\"height: 483px; width: 10px;\" valign=\"top\" bgcolor=\"#0000FF\">\n<table style=\"width: 816.666748046875px;\" border=\"0\">\n<tbody>\n<tr>\n<td style=\"width: 432px;\" rowspan=\"2\" valign=\"top\">Les invitamos a gozar de la suite con su propio balc\u00f3n en el piso superior, que le ofrece una asombrosa vista de la ciudad, que abarca el Lago Nicaragua, el Volc\u00e1n Mombacho y las palmas que rodean la ciudad. Si\u00e9ntese libre de liberarse bajo el cielo estrellado, para gozar esa belleza de la naturaleza y su tranquilidad.<\/p>\n<ul>\n<li>cama tama\u00f1o Rey<\/li>\n<li>televisi\u00f3n de cable<\/li>\n<li>WiFi \/ Internet<\/li>\n<li>aire acondicionado<\/li>\n<li>ventilador<\/li>\n<li>mini bar<\/li>\n<li>caja fuerte<\/li>\n<li>m\u00f3vil<\/li>\n<li>ba\u00f1o privado con agua caliente<\/li>\n<li>ba\u00f1era<\/li>\n<li>secador de pelo<\/li>\n<\/ul>\n<p>Y otros bellos detalles que le dan a las habitaciones una proyecci\u00f3n extra de comodidad.<\/td>\n<td style=\"width: 383.666748046875px;\" height=\"218\"><img loading=\"lazy\" decoding=\"async\" class=\"alignnone wp-image-14094\" src=\"http:\/\/nicaragua-travel-guide.com\/site\/wp-content\/uploads\/2016\/07\/hotelospatiospatres.png\" alt=\"hotelospatiospatres\" width=\"380\" height=\"249\" \/><\/td>\n<\/tr>\n<tr>\n<td style=\"width: 383.666748046875px;\" height=\"244\"><img loading=\"lazy\" decoding=\"async\" class=\"alignnone wp-image-14095\" src=\"http:\/\/nicaragua-travel-guide.com\/site\/wp-content\/uploads\/2016\/07\/hotelospatiospicinaroja.jpg\" alt=\"hotelospatiospicinaroja\" width=\"382\" height=\"250\" \/><\/td>\n<\/tr>\n<\/tbody>\n<\/table>\n<\/td>\n<\/tr>\n<tr style=\"height: 25px;\">\n<td style=\"height: 25px; width: 10px;\" bgcolor=\"#FF0000\"><strong>Cuarto Est\u00e1ndar<\/strong><\/td>\n<\/tr>\n<tr style=\"height: 387px;\">\n<td style=\"height: 387px; width: 10px;\" valign=\"top\" bgcolor=\"#0000FF\">\n<table style=\"width: 826px;\" border=\"0\">\n<tbody>\n<tr>\n<td style=\"width: 430px;\" rowspan=\"2\" valign=\"top\">\u00abLos Patios Hotel\u00bb ofrece la escogencia de cuatro habitaciones corrientes con su propios ba\u00f1os.<\/p>\n<p>Cada habitaci\u00f3n esta equipada con:<\/p>\n<ul>\n<li>Cama tama\u00f1o Rey<\/li>\n<li>Televisi\u00f3n de cable<\/li>\n<li>WiFi \/ Internet<\/li>\n<li>Aire acondicionado<\/li>\n<li>Ventilador<\/li>\n<li>Caja fuerte<\/li>\n<li>M\u00f3vil<\/li>\n<li>Ba\u00f1o privado con agua caliente<\/li>\n<li>Secador de pelo<\/li>\n<\/ul>\n<p>Y otros bellos detalles que le dan a las habitaciones una proyecci\u00f3n extra de comodidad.<\/td>\n<td style=\"width: 398px;\"><img loading=\"lazy\" decoding=\"async\" class=\"alignnone wp-image-14100\" src=\"http:\/\/nicaragua-travel-guide.com\/site\/wp-content\/uploads\/2016\/07\/hotelospatiosuno.png\" alt=\"hotelospatiosuno\" width=\"391\" height=\"257\" \/><\/td>\n<\/tr>\n<tr>\n<td style=\"width: 398px;\"><img loading=\"lazy\" decoding=\"async\" class=\"alignnone wp-image-14078\" src=\"http:\/\/nicaragua-travel-guide.com\/site\/wp-content\/uploads\/2016\/07\/hotelospatioscamabalconuno.png\" alt=\"hotelospatioscamabalconuno\" width=\"387\" height=\"254\" \/><\/td>\n<\/tr>\n<\/tbody>\n<\/table>\n<\/td>\n<\/tr>\n<tr style=\"height: 25px;\">\n<td style=\"height: 25px; width: 10px;\" bgcolor=\"#FF0000\"><strong>Precios<\/strong><\/td>\n<\/tr>\n<tr style=\"height: 171px;\">\n<td style=\"height: 171px; width: 10px;\" bgcolor=\"#FFFFFF\">\n<table style=\"width: 834.666748046875px;\">\n<tbody>\n<tr style=\"height: 8.55212px;\">\n<td style=\"width: 289px; height: 8.55212px;\" bgcolor=\"#CCFF99\"><strong>Del 1 de Noviembre al 30 de Abril<\/strong><\/td>\n<td style=\"width: 269px; height: 8.55212px;\" align=\"center\" valign=\"middle\" bgcolor=\"#CCFF00\"><strong>Del 1 de Mayo al 31 de Octubre<\/strong><\/p>\n<p><strong>\u00abTemporada Verde\u00bb<\/strong><\/td>\n<td style=\"width: 301.666748046875px; height: 8.55212px;\" bgcolor=\"#CCFF99\"><strong>Precios especiales:<\/strong><\/td>\n<\/tr>\n<tr style=\"height: 139px;\">\n<td style=\"width: 289px; height: 139px;\" bgcolor=\"#CCFFCC\">\n<table style=\"width: 286px;\" border=\"0\">\n<tbody>\n<tr>\n<td style=\"width: 214.24px;\" bgcolor=\"#CCFF99\">Habitaci\u00f3n corriente doble<\/td>\n<td style=\"width: 63.7604px;\" bgcolor=\"#CCFF99\">$ 115<\/td>\n<\/tr>\n<tr>\n<td style=\"width: 214.24px;\" bgcolor=\"#CCFF99\">Suite con Balc\u00f3n<\/td>\n<td style=\"width: 63.7604px;\" bgcolor=\"#CCFF99\">$ 150<\/td>\n<\/tr>\n<tr>\n<td style=\"width: 214.24px;\" bgcolor=\"#CCFF99\">Persona adicional<\/td>\n<td style=\"width: 63.7604px;\" bgcolor=\"#CCFF99\">$ 50<\/td>\n<\/tr>\n<tr>\n<td style=\"width: 214.24px;\" valign=\"top\" bgcolor=\"#CCFF99\">Infantes hasta 4\u00a0a\u00f1os<\/td>\n<td style=\"width: 63.7604px;\" valign=\"top\" bgcolor=\"#CCFF99\">Gratis<\/td>\n<\/tr>\n<\/tbody>\n<\/table>\n<\/td>\n<td style=\"width: 269px; height: 139px;\" bgcolor=\"#CCFF00\">\n<table style=\"width: 318px;\" border=\"0\">\n<tbody>\n<tr>\n<td style=\"width: 246.58px;\" bgcolor=\"#CCFF00\">Habitaci\u00f3n corriente doble<\/td>\n<td style=\"width: 64.4201px;\" bgcolor=\"#CCFF00\">$ 90<\/td>\n<\/tr>\n<tr>\n<td style=\"width: 246.58px;\" bgcolor=\"#CCFF00\">Suite con Balc\u00f3n<\/td>\n<td style=\"width: 64.4201px;\" bgcolor=\"#CCFF00\">$ 130<\/td>\n<\/tr>\n<tr>\n<td style=\"width: 246.58px;\" bgcolor=\"#CCFF00\">Persona adicional<\/td>\n<td style=\"width: 64.4201px;\" bgcolor=\"#CCFF00\">$ \u00a025<\/td>\n<\/tr>\n<tr>\n<td style=\"width: 246.58px;\" valign=\"top\" bgcolor=\"#CCFF00\" height=\"25\">Infantes hasta 4\u00a0a\u00f1os<\/td>\n<td style=\"width: 64.4201px;\" valign=\"top\" bgcolor=\"#CCFF00\">Gratis<\/td>\n<\/tr>\n<\/tbody>\n<\/table>\n<\/td>\n<td style=\"width: 301.666748046875px; height: 139px;\" bgcolor=\"#CCFFCC\"><strong>3 a 5 noches<\/strong><\/p>\n<p>15% descuento en los precios est\u00e1ndar de cada tipo de habitaci\u00f3n<\/td>\n<\/tr>\n<\/tbody>\n<\/table>\n<\/td>\n<\/tr>\n<tr style=\"height: 343px;\">\n<td style=\"height: 343px; width: 10px;\" valign=\"top\" bgcolor=\"#0000FF\">\n<table style=\"width: 835.666748046875px;\" border=\"0\">\n<tbody>\n<tr>\n<td style=\"width: 886.666748046875px;\" colspan=\"3\" height=\"109\"><strong>Desde 6 noches<\/strong><\/p>\n<p>20% descuento en los precios est\u00e1ndar de cada t\u00edpo de habitaci\u00f3n<\/p>\n<p>* Precios por habitaci\u00f3n\/ noche, incluyendo desayuno y servicio, sin 15% IVA y sin 2% impuestos tur\u00edsticos.<\/td>\n<\/tr>\n<tr>\n<td style=\"width: 291px;\" height=\"200\"><img loading=\"lazy\" decoding=\"async\" class=\"wp-image-14081 aligncenter\" src=\"http:\/\/nicaragua-travel-guide.com\/site\/wp-content\/uploads\/2016\/07\/hotelospatioscamatrim.png\" alt=\"hotelospatioscamatrim\" width=\"260\" height=\"171\" \/><\/td>\n<td style=\"width: 290px;\"><img loading=\"lazy\" decoding=\"async\" class=\"wp-image-14079 aligncenter\" src=\"http:\/\/nicaragua-travel-guide.com\/site\/wp-content\/uploads\/2016\/07\/hotelospatioscamarilla.png\" alt=\"hotelospatioscamarilla\" width=\"259\" height=\"170\" \/><\/td>\n<td style=\"width: 305.666748046875px;\"><img loading=\"lazy\" decoding=\"async\" class=\"wp-image-14080 aligncenter\" src=\"http:\/\/nicaragua-travel-guide.com\/site\/wp-content\/uploads\/2016\/07\/hotelospatioscamaroja.png\" alt=\"hotelospatioscamaroja\" width=\"253\" height=\"166\" \/><\/td>\n<\/tr>\n<\/tbody>\n<\/table>\n<\/td>\n<\/tr>\n<tr style=\"height: 25px;\">\n<td style=\"height: 25px; width: 10px;\" bgcolor=\"#FF0000\">Condiciones Generales<\/td>\n<\/tr>\n<\/tbody>\n<\/table>\n","protected":false},"excerpt":{"rendered":"<p>Bienvenidos *Nuestra\u00a0Misi\u00f3n Acerca de Nosotros *Compromiso Social El Dise\u00f1o *Concepto de Dise\u00f1o *El Interior *Exteriores Interior -Habitaciones *Lujosa *Cuarto\u00a0Est\u00e1ndar *Tarifas Servicios \u00c1rea\u00a0de spa Actividades Galer\u00eda Cont\u00e1ctenos \u00a0 \u00a0 &nbsp; Interior \u2013 Habitaciones Un sutil estilo Escandinavo impregna todos los corredores, los \u00e1reas lounge y las habitaciones, al usar un simple acercamiento a la sofisticaci\u00f3n, acentuada [&hellip;]<\/p>\n","protected":false},"author":2,"featured_media":0,"parent":0,"menu_order":0,"comment_status":"closed","ping_status":"closed","template":"","meta":{"footnotes":""},"_links":{"self":[{"href":"https:\/\/nicaragua-travel-guide.com\/site\/wp-json\/wp\/v2\/pages\/8534"}],"collection":[{"href":"https:\/\/nicaragua-travel-guide.com\/site\/wp-json\/wp\/v2\/pages"}],"about":[{"href":"https:\/\/nicaragua-travel-guide.com\/site\/wp-json\/wp\/v2\/types\/page"}],"author":[{"embeddable":true,"href":"https:\/\/nicaragua-travel-guide.com\/site\/wp-json\/wp\/v2\/users\/2"}],"replies":[{"embeddable":true,"href":"https:\/\/nicaragua-travel-guide.com\/site\/wp-json\/wp\/v2\/comments?post=8534"}],"version-history":[{"count":16,"href":"https:\/\/nicaragua-travel-guide.com\/site\/wp-json\/wp\/v2\/pages\/8534\/revisions"}],"predecessor-version":[{"id":14111,"href":"https:\/\/nicaragua-travel-guide.com\/site\/wp-json\/wp\/v2\/pages\/8534\/revisions\/14111"}],"wp:attachment":[{"href":"https:\/\/nicaragua-travel-guide.com\/site\/wp-json\/wp\/v2\/media?parent=8534"}],"curies":[{"name":"wp","href":"https:\/\/api.w.org\/{rel}","templated":true}]}}