{"id":8544,"date":"2016-07-28T17:18:15","date_gmt":"2016-07-28T17:18:15","guid":{"rendered":"http:\/\/nicaragua-travel-guide.com\/site\/?page_id=8544"},"modified":"2016-11-17T22:02:11","modified_gmt":"2016-11-17T22:02:11","slug":"granada-hotel-los-patios-servicios","status":"publish","type":"page","link":"https:\/\/nicaragua-travel-guide.com\/site\/granada-hotel-los-patios-servicios\/","title":{"rendered":"Granada Hotel \u00abLos Patios\u00bb Servicios"},"content":{"rendered":"<table style=\"width: 1020px;\" border=\"0\">\n<tbody>\n<tr style=\"height: 1417.1px;\">\n<td style=\"width: 216px; height: 1417.1px;\" valign=\"top\" bgcolor=\"#99FFFF\">\n<table border=\"0\" width=\"215\">\n<tbody>\n<tr>\n<td bgcolor=\"#99FFFF\" width=\"209\"><img loading=\"lazy\" decoding=\"async\" class=\"wp-image-14092 aligncenter\" src=\"http:\/\/nicaragua-travel-guide.com\/site\/wp-content\/uploads\/2016\/07\/hotelospatioslogo.png\" alt=\"hotelospatioslogo\" width=\"226\" height=\"167\" \/><\/td>\n<\/tr>\n<tr>\n<td bgcolor=\"#99FFFF\"><strong>Bienvenidos<\/strong><\/td>\n<\/tr>\n<tr>\n<td bgcolor=\"#99FFFF\">*Nuestra Misi\u00f3n<\/td>\n<\/tr>\n<tr>\n<td bgcolor=\"#99FFFF\">*Precio de las Habitaciones<\/td>\n<\/tr>\n<tr>\n<td bgcolor=\"#99FFFF\"><strong><a href=\"http:\/\/nicaragua-travel-guide.com\/site\/granada-hotel-los-patios-acerca-de-nosotros\/\">Acerca de Nosotros<\/a><\/strong><\/td>\n<\/tr>\n<tr>\n<td bgcolor=\"#99FFFF\">*Compromiso Social<\/td>\n<\/tr>\n<tr>\n<td style=\"background-color: #e3dede;\" bgcolor=\"#99FFFF\"><a href=\"http:\/\/nicaragua-travel-guide.com\/site\/granada-hotel-los-patios-diseno-interior-decorado-y-tarifa-de-habitaciones\/\"><strong>El Dise\u00f1o<\/strong><\/a><\/td>\n<\/tr>\n<tr>\n<td style=\"background-color: #e3dede;\" bgcolor=\"#99FFFF\">*Concepto de Dise\u00f1o<\/td>\n<\/tr>\n<tr>\n<td style=\"background-color: #e3dede;\" bgcolor=\"#99FFFF\">*El Interior<\/td>\n<\/tr>\n<tr>\n<td style=\"background-color: #e3dede;\" bgcolor=\"#99FFFF\">*Exteriores<\/td>\n<\/tr>\n<tr>\n<td bgcolor=\"#99FFFF\"><strong><a href=\"http:\/\/nicaragua-travel-guide.com\/site\/granada-hotel-los-patios-interior-de-habitaciones-y-tarifas\/\">Interior -Habitaciones<\/a><\/strong><\/td>\n<\/tr>\n<tr>\n<td bgcolor=\"#FF0000\"><strong>Servicios<\/strong><\/td>\n<\/tr>\n<tr>\n<td bgcolor=\"#FFFFFF\">*Comidas y Bebidas<\/td>\n<\/tr>\n<tr>\n<td bgcolor=\"#FFFFFF\">*\u00c1rea de spa<\/td>\n<\/tr>\n<tr>\n<td bgcolor=\"#99FFFF\">Cont\u00e1ctenos<\/td>\n<\/tr>\n<tr>\n<td bgcolor=\"#99FFFF\">Galer\u00eda<\/td>\n<\/tr>\n<tr>\n<td bgcolor=\"#99FFFF\"><\/td>\n<\/tr>\n<\/tbody>\n<\/table>\n<\/td>\n<td style=\"width: 804px; height: 1417.1px;\" valign=\"top\" bgcolor=\"#FFFFFF\">\n<table width=\"789\">\n<tbody>\n<tr style=\"height: 13px;\">\n<td style=\"height: 13px; border-color: #fafafa; width: 781px;\" bgcolor=\"#FFFFFF\" width=\"781\">\n<table style=\"height: 50px; width: 789px;\">\n<tbody>\n<tr style=\"height: 2.01392px;\">\n<td style=\"width: 391.3333740234375px; height: 2.01392px; border-color: #fafafa;\"><img loading=\"lazy\" decoding=\"async\" class=\"wp-image-14090 alignnone\" src=\"http:\/\/nicaragua-travel-guide.com\/site\/wp-content\/uploads\/2016\/07\/hotelospatiosfrente.png\" alt=\"hotelospatiosfrente\" width=\"388\" height=\"260\" \/><\/td>\n<td style=\"width: 394.6666259765625px; height: 2.01392px; border-color: #fafafa;\"><img loading=\"lazy\" decoding=\"async\" class=\"alignnone wp-image-14098\" src=\"http:\/\/nicaragua-travel-guide.com\/site\/wp-content\/uploads\/2016\/07\/hotelospatiostaff.png\" alt=\"hotelospatiostaff\" width=\"396\" height=\"260\" \/><\/td>\n<\/tr>\n<\/tbody>\n<\/table>\n<\/td>\n<\/tr>\n<tr style=\"height: 21px;\">\n<td style=\"height: 21px; background-color: #d40b0b;\" bgcolor=\"#FF0000\"><strong>Servicios:<\/strong><\/td>\n<\/tr>\n<tr style=\"height: 401px;\">\n<td style=\"height: 401px;\" valign=\"top\" bgcolor=\"#0000FF\">\n<table border=\"0\" width=\"783\">\n<tbody>\n<tr>\n<td rowspan=\"2\" valign=\"top\" bgcolor=\"#0000FF\" width=\"493\">\n<ul>\n<li>Comida y bebidas<\/li>\n<li>\u00c1rea de spa<\/li>\n<li>Piscina<\/li>\n<li>Personal bathroom in every guestroom<\/li>\n<li>WiFi en toda la area<\/li>\n<li>Servicio en la habitaci\u00f3n<\/li>\n<li>Servicio de lavander\u00eda<\/li>\n<li>Limpieza diaria<\/li>\n<\/ul>\n<ul>\n<li>24 horas de recepci\u00f3n<\/li>\n<li>Equipo multi-lingual<\/li>\n<li>Informaci\u00f3n tur\u00edstica<\/li>\n<li>Entrada al gimnasio gratis<\/li>\n<li>Transfer al y desde el aeropuerto<\/li>\n<li>No estancia m\u00ednima<\/li>\n<li>Estacionamiento gratis<\/li>\n<\/ul>\n<\/td>\n<td width=\"280\" height=\"196\"><img loading=\"lazy\" decoding=\"async\" class=\"alignnone wp-image-14094\" src=\"http:\/\/nicaragua-travel-guide.com\/site\/wp-content\/uploads\/2016\/07\/hotelospatiospatres.png\" alt=\"hotelospatiospatres\" width=\"289\" height=\"190\" \/><\/td>\n<\/tr>\n<tr>\n<td height=\"184\"><img loading=\"lazy\" decoding=\"async\" class=\"alignnone wp-image-14093\" src=\"http:\/\/nicaragua-travel-guide.com\/site\/wp-content\/uploads\/2016\/07\/hotelospatiospados.png\" alt=\"hotelospatiospados\" width=\"283\" height=\"186\" \/><\/td>\n<\/tr>\n<\/tbody>\n<\/table>\n<\/td>\n<\/tr>\n<tr style=\"height: 9px;\">\n<td style=\"height: 9px; background-color: #d40b0b;\" bgcolor=\"#FF0000\">Comida y bebidas<\/td>\n<\/tr>\n<tr style=\"height: 437px;\">\n<td style=\"height: 437px;\" bgcolor=\"#0000FF\">\n<table border=\"0\" width=\"785\">\n<tbody>\n<tr>\n<td rowspan=\"2\" valign=\"top\" width=\"492\">En \u00abLos Patios Hotel\u00bb, se usan solamente los ingredientes m\u00e1s frescos para el desayuno y el almuerzo que est\u00e1n preparados personalmente por Ingeborg y su equipo. No s\u00f3lo preparamos comida t\u00edpica de Nicaragua como arroz, frijoles y tortillas, sino tambi\u00e9n preparamos nuestro mismo pan servido con frutas frescas y creamos platos de arte para el almuerzo o el hambre peque\u00f1o. Nuestra recepcionista siempre estar\u00e1 dispuesta a ayudarle con su elecci\u00f3n.<\/p>\n<p>Adem\u00e1s, ofrecemos una mezcla el\u00e9ctrica de cl\u00e1sicos e innovadores c\u00f3cteles, tales como:<\/p>\n<ul>\n<li>Macu\u00e1<\/li>\n<li>Pi\u00f1a Colada (frozen)<\/li>\n<li>Margarita (frozen)<\/li>\n<li>Daiquiri de mango<\/li>\n<li>Caipiri\u00f1a<\/li>\n<li>Mojitos<\/li>\n<li>Nica Libre<\/li>\n<\/ul>\n<\/td>\n<td width=\"283\" height=\"191\"><img loading=\"lazy\" decoding=\"async\" class=\"wp-image-14091 aligncenter\" src=\"http:\/\/nicaragua-travel-guide.com\/site\/wp-content\/uploads\/2016\/07\/hotelospatioslimon.png\" alt=\"hotelospatioslimon\" width=\"292\" height=\"191\" \/><\/td>\n<\/tr>\n<tr>\n<td height=\"209\"><img loading=\"lazy\" decoding=\"async\" class=\"alignnone wp-image-14088\" src=\"http:\/\/nicaragua-travel-guide.com\/site\/wp-content\/uploads\/2016\/07\/hotelospatiosdesayuno.png\" alt=\"hotelospatiosdesayuno\" width=\"278\" height=\"183\" \/><\/td>\n<\/tr>\n<\/tbody>\n<\/table>\n<\/td>\n<\/tr>\n<tr style=\"height: 21px;\">\n<td style=\"height: 21px; background-color: #d40b0b;\" bgcolor=\"#FF0000\">Area de Spa<\/td>\n<\/tr>\n<tr style=\"height: 180.618px;\">\n<td style=\"height: 180.618px;\" valign=\"top\" bgcolor=\"#0000FF\">\n<table style=\"width: 785.174px;\" border=\"0\">\n<tbody>\n<tr>\n<td style=\"width: 497px;\" valign=\"top\">Dale un peque\u00f1o relax a su cuerpo y mente en nuestra \u00e1rea de spa!<\/p>\n<p>Nuestro entrenado equipo del spa endulzar\u00e1 sus vacaciones con terapias de belleza y masaje con resultados duraderos. Nosotros le brindamos con una gran variedad de servicios como masajes, acupuntura, pedicure, manicure y faciales. Usted se sorprender\u00e1 al ver que tan r\u00e1pido olvidar\u00e1 el estr\u00e9s del d\u00eda a d\u00eda de la vida.<\/td>\n<td style=\"width: 285.174px;\"><img loading=\"lazy\" decoding=\"async\" class=\"alignnone wp-image-14076\" src=\"http:\/\/nicaragua-travel-guide.com\/site\/wp-content\/uploads\/2016\/07\/hotelospatiosbamacas.jpg\" alt=\"hotelospatiosbamacas\" width=\"391\" height=\"256\" \/><\/td>\n<\/tr>\n<\/tbody>\n<\/table>\n<\/td>\n<\/tr>\n<tr style=\"height: 25px;\">\n<td style=\"height: 25px; background-color: #d40b0b;\" valign=\"top\" bgcolor=\"#FF0000\">Por mayor informacion y reservacion<strong> Contactarnos<\/strong><\/td>\n<\/tr>\n<\/tbody>\n<\/table>\n<\/td>\n<\/tr>\n<\/tbody>\n<\/table>\n","protected":false},"excerpt":{"rendered":"<p>Bienvenidos *Nuestra Misi\u00f3n *Precio de las Habitaciones Acerca de Nosotros *Compromiso Social El Dise\u00f1o *Concepto de Dise\u00f1o *El Interior *Exteriores Interior -Habitaciones Servicios *Comidas y Bebidas *\u00c1rea de spa Cont\u00e1ctenos Galer\u00eda Servicios: Comida y bebidas \u00c1rea de spa Piscina Personal bathroom in every guestroom WiFi en toda la area Servicio en la habitaci\u00f3n Servicio de [&hellip;]<\/p>\n","protected":false},"author":2,"featured_media":0,"parent":0,"menu_order":0,"comment_status":"closed","ping_status":"closed","template":"","meta":{"footnotes":""},"_links":{"self":[{"href":"https:\/\/nicaragua-travel-guide.com\/site\/wp-json\/wp\/v2\/pages\/8544"}],"collection":[{"href":"https:\/\/nicaragua-travel-guide.com\/site\/wp-json\/wp\/v2\/pages"}],"about":[{"href":"https:\/\/nicaragua-travel-guide.com\/site\/wp-json\/wp\/v2\/types\/page"}],"author":[{"embeddable":true,"href":"https:\/\/nicaragua-travel-guide.com\/site\/wp-json\/wp\/v2\/users\/2"}],"replies":[{"embeddable":true,"href":"https:\/\/nicaragua-travel-guide.com\/site\/wp-json\/wp\/v2\/comments?post=8544"}],"version-history":[{"count":24,"href":"https:\/\/nicaragua-travel-guide.com\/site\/wp-json\/wp\/v2\/pages\/8544\/revisions"}],"predecessor-version":[{"id":14116,"href":"https:\/\/nicaragua-travel-guide.com\/site\/wp-json\/wp\/v2\/pages\/8544\/revisions\/14116"}],"wp:attachment":[{"href":"https:\/\/nicaragua-travel-guide.com\/site\/wp-json\/wp\/v2\/media?parent=8544"}],"curies":[{"name":"wp","href":"https:\/\/api.w.org\/{rel}","templated":true}]}}