{"id":8588,"date":"2016-07-28T17:56:56","date_gmt":"2016-07-28T17:56:56","guid":{"rendered":"http:\/\/nicaragua-travel-guide.com\/site\/?page_id=8588"},"modified":"2016-11-17T17:32:15","modified_gmt":"2016-11-17T17:32:15","slug":"granada-hotel-casa-barcelona","status":"publish","type":"page","link":"https:\/\/nicaragua-travel-guide.com\/site\/granada-hotel-casa-barcelona\/","title":{"rendered":"Granada Hotel \u00abCasa Barcelona\u00bb"},"content":{"rendered":"<table style=\"width: 1002px;\" border=\"0\">\n<tbody>\n<tr style=\"height: 225px;\">\n<td style=\"width: 370.3333320617676px; height: 225px; background-color: #e01212; border-color: #e01212;\">\n<table style=\"width: 942px; height: 66px; border-color: #e30909; background-color: #e30909;\">\n<tbody>\n<tr>\n<td style=\"width: 184.33334350585938px; background-color: #e01212; border-color: #e01212;\"><img loading=\"lazy\" decoding=\"async\" class=\"alignnone wp-image-14024\" src=\"http:\/\/nicaragua-travel-guide.com\/site\/wp-content\/uploads\/2016\/07\/hotelcasabarcelonalogo.png\" alt=\"hotelcasabarcelonalogo\" width=\"169\" height=\"197\" \/><\/td>\n<td style=\"width: 747.6666564941406px; background-color: #e01212; border-color: #e01212;\"><img loading=\"lazy\" decoding=\"async\" class=\"alignnone wp-image-14023\" src=\"http:\/\/nicaragua-travel-guide.com\/site\/wp-content\/uploads\/2016\/07\/hotelcasabarcelonaheader.png\" alt=\"hotelcasabarcelonaheader\" width=\"762\" height=\"97\" \/><\/td>\n<\/tr>\n<\/tbody>\n<\/table>\n<\/td>\n<\/tr>\n<tr style=\"height: 17px;\">\n<td style=\"width: 381px; height: 17px; background-color: #f5f11b; border-color: #f5f11b;\" bgcolor=\"#FFFF00\">\n<table border=\"0\" width=\"995\">\n<tbody>\n<tr>\n<td style=\"background-color: #f5f11b; border-color: #f5f11b;\" colspan=\"3\"><strong>Hotel Casa Barcelona \u00a0 \u00a0 \u00a0 \u00a0 \u00a0 \u00a0 \u00a0 \u00a0 \u00a0 \u00a0 \u00a0 \u00a0 \u00a0 \u00a0 \u00a0 \u00a0 \u00a0 \u00a0 \u00a0 \u00a0 \u00a0 \u00a0 \u00a0 \u00a0 \u00a0 \u00a0 \u00a0 \u00a0 \u00a0 \u00a0 \u00a0 \u00a0 \u00a0 \u00a0 \u00a0 \u00a0 \u00a0 \u00a0 \u00a0 \u00a0 \u00a0 \u00a0 \u00a0 \u00a0 \u00a0 \u00a0 \u00a0 \u00a0 \u00a0 \u00a0 \u00a0 \u00a0 \u00a0 \u00a0 \u00a0 \u00a0 \u00a0 \u00a0 \u00a0 \u00a0 \u00a0\u00a0\u00a0<strong><a href=\"http:\/\/nicaragua-travel-guide.com\/site\/granada-hotel-casa-barcelona-tarifas\/\">Precios y Servicios<\/a><\/strong><\/strong><\/td>\n<\/tr>\n<tr>\n<td width=\"336\"><img loading=\"lazy\" decoding=\"async\" class=\"alignnone wp-image-14027\" src=\"http:\/\/nicaragua-travel-guide.com\/site\/wp-content\/uploads\/2016\/07\/hotelcasabarcelonatresfotos.jpg\" alt=\"hotelcasabarcelonatresfotos\" width=\"328\" height=\"199\" \/><\/td>\n<td width=\"324\"><img loading=\"lazy\" decoding=\"async\" class=\"alignnone wp-image-14025\" src=\"http:\/\/nicaragua-travel-guide.com\/site\/wp-content\/uploads\/2016\/07\/hotelcasabarcelonapasilloext.jpg\" alt=\"hotelcasabarcelonapasilloext\" width=\"323\" height=\"196\" \/><\/td>\n<td width=\"321\"><img loading=\"lazy\" decoding=\"async\" class=\"alignnone wp-image-14026\" src=\"http:\/\/nicaragua-travel-guide.com\/site\/wp-content\/uploads\/2016\/07\/hotelcasabarcelonaplantasext.jpg\" alt=\"hotelcasabarcelonaplantasext\" width=\"328\" height=\"199\" \/><\/td>\n<\/tr>\n<\/tbody>\n<\/table>\n<p>Es el lugar ideal para hospedarse en Granada durante sus vacaciones o viajes de negocios. Nuestro establecimiento es limpio, familiar, econ\u00f3mico, amigable y seguro. Adem\u00e1s es el punto de partida perfecto para realizar innumerables excursiones y explorar el resto de este extraordinario pa\u00eds.<\/p>\n<p>Nuestro hotel cuenta con 6 habitaciones dobles con camas matrimoniales Queen o individuales. Todas las habitaciones tienen ba\u00f1o privado, aire acondicionado y\/o ventilador de techo y televisi\u00f3n por cable.\u00a0Hotel Casa Barcelona\u00a0se inaugur\u00f3 en 2011, y se construy\u00f3 teniendo en cuenta el estilo colonial de las antiguas casas de Granada.<\/p>\n<p>Con sus 700 metros 2\u00a0de jardines, es el alojamiento familiar con mayor zona verde privada dentro de la ciudad.\u00a0Se pueden admirar hasta m\u00e1s de 70 especies distintas de \u00e1rboles y plantas: acacias, nin, tamarindo, tiguilote, jinocuao, pochote, caimito, mango, ma\u00f1anitas, punta larga, j\u00edcaro, lazo de amor, maravilla, etc\u2026<\/td>\n<\/tr>\n<tr style=\"height: 15px;\">\n<td style=\"height: 15px; width: 381px; background-color: #cc0808;\">\u00a0 \u00a0 \u00a0<img loading=\"lazy\" decoding=\"async\" class=\"alignnone size-full wp-image-14022\" src=\"http:\/\/nicaragua-travel-guide.com\/site\/wp-content\/uploads\/2016\/07\/logocanatur.jpg\" alt=\"logocanatur\" width=\"125\" height=\"160\" \/> \u00a0 \u00a0 \u00a0 \u00a0 \u00a0 \u00a0 \u00a0 \u00a0 \u00a0 \u00a0 \u00a0 \u00a0 \u00a0 \u00a0 \u00a0 \u00a0 \u00a0 \u00a0 \u00a0 \u00a0 \u00a0 \u00a0 \u00a0 \u00a0 \u00a0 \u00a0 \u00a0 \u00a0 \u00a0 \u00a0 \u00a0 \u00a0 \u00a0 \u00a0 \u00a0 \u00a0 \u00a0 \u00a0 \u00a0 \u00a0 \u00a0 \u00a0 \u00a0 \u00a0 \u00a0 \u00a0 \u00a0 \u00a0 \u00a0 \u00a0 \u00a0 \u00a0 \u00a0 \u00a0 \u00a0 \u00a0 \u00a0 \u00a0 \u00a0 \u00a0 \u00a0 \u00a0 \u00a0 \u00a0 \u00a0 \u00a0 \u00a0 \u00a0 \u00a0 \u00a0 \u00a0 \u00a0 \u00a0 \u00a0 \u00a0 \u00a0 \u00a0 \u00a0 \u00a0 \u00a0 \u00a0 \u00a0 \u00a0 \u00a0 \u00a0 \u00a0 \u00a0 \u00a0 \u00a0<strong>Contactarnos<\/strong><\/td>\n<\/tr>\n<\/tbody>\n<\/table>\n","protected":false},"excerpt":{"rendered":"<p>Hotel Casa Barcelona \u00a0 \u00a0 \u00a0 \u00a0 \u00a0 \u00a0 \u00a0 \u00a0 \u00a0 \u00a0 \u00a0 \u00a0 \u00a0 \u00a0 \u00a0 \u00a0 \u00a0 \u00a0 \u00a0 \u00a0 \u00a0 \u00a0 \u00a0 \u00a0 \u00a0 \u00a0 \u00a0 \u00a0 \u00a0 \u00a0 \u00a0 \u00a0 \u00a0 \u00a0 \u00a0 \u00a0 \u00a0 \u00a0 \u00a0 \u00a0 \u00a0 \u00a0 \u00a0 \u00a0 \u00a0 \u00a0 \u00a0 \u00a0 \u00a0 \u00a0 \u00a0 \u00a0 [&hellip;]<\/p>\n","protected":false},"author":2,"featured_media":0,"parent":0,"menu_order":0,"comment_status":"closed","ping_status":"closed","template":"","meta":{"footnotes":""},"_links":{"self":[{"href":"https:\/\/nicaragua-travel-guide.com\/site\/wp-json\/wp\/v2\/pages\/8588"}],"collection":[{"href":"https:\/\/nicaragua-travel-guide.com\/site\/wp-json\/wp\/v2\/pages"}],"about":[{"href":"https:\/\/nicaragua-travel-guide.com\/site\/wp-json\/wp\/v2\/types\/page"}],"author":[{"embeddable":true,"href":"https:\/\/nicaragua-travel-guide.com\/site\/wp-json\/wp\/v2\/users\/2"}],"replies":[{"embeddable":true,"href":"https:\/\/nicaragua-travel-guide.com\/site\/wp-json\/wp\/v2\/comments?post=8588"}],"version-history":[{"count":20,"href":"https:\/\/nicaragua-travel-guide.com\/site\/wp-json\/wp\/v2\/pages\/8588\/revisions"}],"predecessor-version":[{"id":14032,"href":"https:\/\/nicaragua-travel-guide.com\/site\/wp-json\/wp\/v2\/pages\/8588\/revisions\/14032"}],"wp:attachment":[{"href":"https:\/\/nicaragua-travel-guide.com\/site\/wp-json\/wp\/v2\/media?parent=8588"}],"curies":[{"name":"wp","href":"https:\/\/api.w.org\/{rel}","templated":true}]}}