{"id":8637,"date":"2016-07-28T19:17:03","date_gmt":"2016-07-28T19:17:03","guid":{"rendered":"http:\/\/nicaragua-travel-guide.com\/site\/?page_id=8637"},"modified":"2016-08-01T18:36:50","modified_gmt":"2016-08-01T18:36:50","slug":"granada-hotel-casa-antigua","status":"publish","type":"page","link":"https:\/\/nicaragua-travel-guide.com\/site\/granada-hotel-casa-antigua\/","title":{"rendered":"Granada Hotel \u00abCasa Antigua\u00bb"},"content":{"rendered":"<table style=\"width: 1040.94px;\" border=\"0\">\n<tbody>\n<tr style=\"height: 22px;\">\n<td style=\"height: 22px; width: 99.941px; background-color: #e9eba2;\" colspan=\"2\" valign=\"top\" bgcolor=\"#FFCC99\">\u00a0<strong>Bienvenidos a Nuestro Hotel\u00a0Casa Antigua \u00a0 \u00a0 \u00a0 \u00a0 \u00a0 \u00a0 \u00a0 \u00a0 \u00a0 \u00a0 \u00a0 \u00a0 \u00a0 \u00a0 \u00a0 \u00a0 \u00a0 \u00a0 \u00a0 \u00a0 \u00a0 \u00a0 \u00a0 \u00a0 \u00a0 \u00a0 \u00a0 \u00a0 \u00a0 \u00a0 \u00a0 \u00a0 \u00a0 \u00a0 \u00a0 \u00a0 \u00a0 \u00a0 \u00a0 \u00a0 \u00a0 \u00a0 \u00a0 \u00a0 \u00a0 \u00a0 \u00a0 \u00a0 \u00a0 \u00a0 \u00a0 \u00a0 \u00a0 \u00a0 \u00a0 \u00a0 \u00a0 \u00a0 \u00a0 \u00a0 \u00a0 \u00a0<\/strong><\/td>\n<\/tr>\n<tr style=\"height: 22px;\">\n<td style=\"height: 22px; width: 99.941px; background-color: #e9eba2;\" colspan=\"2\" valign=\"top\" bgcolor=\"#FFCC99\"><img loading=\"lazy\" decoding=\"async\" class=\"aligncenter\" src=\"http:\/\/www.nicaragua-travel-guide.com\/imangenestres\/hotelcasantiguaescaleras.jpg\" width=\"1029\" height=\"1372\" \/><\/td>\n<\/tr>\n<tr style=\"height: 22px;\">\n<td style=\"height: 22px; width: 99.941px; background-color: #e9eba2;\" colspan=\"2\" valign=\"top\" bgcolor=\"#FFCC99\"><strong>Habitaciones:<\/strong><\/td>\n<\/tr>\n<tr style=\"height: 22px;\">\n<td style=\"height: 22px; width: 99.941px; background-color: #e9eba2;\" colspan=\"2\" valign=\"top\" bgcolor=\"#FFCC99\">Casa Antigua\u00a0es un peque\u00f1o hotel ubicado en Calle Estrada, en el centro de la hist\u00f3rica ciudad de Granada.<\/p>\n<p>&nbsp;<\/p>\n<p>Ofrece a sus visitantes una curiosa mezcla entre el t\u00edpico hotel y una posada familiar,\u00a0 lo que le imprime calidad y calidez humana.<\/p>\n<p>&nbsp;<\/p>\n<p>Localizado en la t\u00edpica\u00a0 casa colonial con cuatro corredores y jard\u00edn central lo que lo destaca , y lo hace ser un lugar acogedor y tranquilo para poder descansar, \u00a0leer un libro o bien poder pasar un rato platicando con las amistades o familia, haciendo que su estad\u00eda sea inolvidable.<\/p>\n<p>&nbsp;<\/p>\n<p>Hotel Casa Antigua\u00a0est\u00e1 localizado en un barrio seguro y colonial, y cuando\u00a0 entra se puede experimentar un sentimiento inmediato de tranquilidad y paz en los espacios abiertos de nuestros corredores alrededor del jard\u00edn.<\/p>\n<p>&nbsp;<\/p>\n<p>Hotel Casa Antigua\u00a0es un peque\u00f1o hotel familiar conformado por\u00a0 siete\u00a0 habitaciones,\u00a0 cada una con su propio encanto.<\/p>\n<p>&nbsp;<\/p>\n<p>Las habitaciones est\u00e1n en locaciones diferentes dentro del edificio, en el primer piso y arriba de dos escaleras diferentes lo que les provee a los hu\u00e9spedes la sensaci\u00f3n de estar paseando por el hogar de alg\u00fan amigo en lugar de caminar por un t\u00edpico hotel con pasillos entre las habitaciones.<\/p>\n<p>&nbsp;<\/p>\n<p>Casa Antigua\u00a0les deja sentir que est\u00e1n creando su propio espacio como hu\u00e9sped en un hogar, en vez de estar solo en un cuarto de hotel. Cada habitaci\u00f3n de Casa Antigua, tiene su propia personalidad, no ser\u00e1 la misma sensaci\u00f3n al estar en la habitaci\u00f3n Xalteva\u00a0 que en la habitaci\u00f3n El Recodo.<\/p>\n<p>&nbsp;<\/p>\n<p>La disposici\u00f3n en diferentes lugares del edificio, ya sea en el primer nivel o en el segundo, les provee a los hu\u00e9spedes un sentimiento de navegar por el \u201chogar\u201d, creando su propio espacio y disfrutando de la privacidad, la elegancia y la tranquilidad de los ambientes con su propio mundo interior.<\/td>\n<\/tr>\n<tr style=\"height: 22px;\">\n<td style=\"height: 22px; width: 99.941px; background-color: #faf7f7;\" colspan=\"2\" valign=\"top\" bgcolor=\"#FFCC99\">&nbsp;<\/p>\n<h4>\u00abVengan y disfruten de la tranquilidad que les ofrece Casa Antigua\u00bb<\/h4>\n<h4>Casa Antigua esta cerca de bancos, bares pubs y restaurantes\u00a0 de calle La calzada!<\/h4>\n<p>&nbsp;<\/td>\n<\/tr>\n<tr style=\"height: 22px;\">\n<td style=\"height: 22px; width: 99.941px; background-color: #e9eba2;\" colspan=\"2\" valign=\"top\" bgcolor=\"#FFCC99\">\n<div>\n<p>Cada habitaci\u00f3n de Casa Antigua, tiene su propia personalidad, no ser\u00e1 la misma sensaci\u00f3n al estar en la habitaci\u00f3n Xalteva\u00a0 que en la habitaci\u00f3n El Recodo.<\/p>\n<\/div>\n<p>&nbsp;<\/p>\n<div>\n<p>La disposici\u00f3n en diferentes lugares del edificio, ya sea en el primer nivel o en el segundo, les provee a los hu\u00e9spedes un sentimiento de navegar por el \u201chogar\u201d, creando su propio espacio y disfrutando de la privacidad, la elegancia y la tranquilidad de los ambientes con su propio mundo interior.<\/p>\n<p>&nbsp;<\/p>\n<p>Contamos con un peque\u00f1o y acogedor apartamento.<\/p>\n<\/div>\n<\/td>\n<\/tr>\n<tr style=\"height: 22px;\">\n<td style=\"height: 22px; width: 99.941px; background-color: #f5f5f0;\" colspan=\"2\" valign=\"top\" bgcolor=\"#FFCC99\">\n<table style=\"width: 1027px;\">\n<tbody>\n<tr style=\"height: 190px;\">\n<td style=\"height: 190px; width: 347.566px; border-color: #fafafa;\"><img loading=\"lazy\" decoding=\"async\" class=\"\" src=\"http:\/\/www.nicaragua-travel-guide.com\/imangenestres\/hotelcasantiguacamaventanamedio.jpg\" width=\"182\" height=\"182\" \/><\/td>\n<td style=\"height: 190px; width: 347.566px; border-color: #fafafa;\"><img loading=\"lazy\" decoding=\"async\" class=\"\" src=\"http:\/\/www.nicaragua-travel-guide.com\/imangenestres\/hotelcasantiguatvgrande.jpg\" width=\"183\" height=\"183\" \/><\/td>\n<td style=\"height: 190px; width: 347.566px; border-color: #fafafa;\"><img loading=\"lazy\" decoding=\"async\" class=\"\" src=\"http:\/\/www.nicaragua-travel-guide.com\/imangenestres\/hotelcasantiguapuntacamatv.jpg\" width=\"186\" height=\"186\" \/><\/td>\n<\/tr>\n<tr style=\"height: 115px;\">\n<td style=\"height: 190px; width: 347.566px; border-color: #fafafa;\">*\u00a0<strong>La habitaci\u00f3n Xalteva<\/strong>:<\/p>\n<p>cuenta con una cama queen y dos twin size.<\/td>\n<td style=\"height: 190px; width: 347.566px; border-color: #fafafa;\">*\u00a0<strong>La habitaci\u00f3n El Recodo<\/strong>:<\/p>\n<p>cuenta con una cama queen y una twin size.<\/td>\n<td style=\"height: 190px; width: 347.566px; border-color: #fafafa;\">*\u00a0<strong>La habitacion Tepetate<\/strong>:<\/p>\n<p>cuenta con una cama twin size y una queen size.<\/td>\n<\/tr>\n<tr style=\"height: 191px;\">\n<td style=\"height: 190px; width: 347.566px; border-color: #fafafa;\"><img loading=\"lazy\" decoding=\"async\" class=\"\" src=\"http:\/\/www.nicaragua-travel-guide.com\/imangenestres\/hotelcasantiguacamagrande.jpg\" width=\"185\" height=\"185\" \/><\/td>\n<td style=\"height: 190px; width: 347.566px; border-color: #fafafa;\"><img loading=\"lazy\" decoding=\"async\" class=\"\" src=\"http:\/\/www.nicaragua-travel-guide.com\/imangenestres\/hotelcasantiguahabitacinco.jpg\" width=\"187\" height=\"186\" \/><\/td>\n<td style=\"height: 190px; width: 347.566px; border-color: #fafafa;\"><img loading=\"lazy\" decoding=\"async\" class=\"\" src=\"http:\/\/www.nicaragua-travel-guide.com\/imangenestres\/hotelcasantiguacuatrodoscamas.jpg\" width=\"187\" height=\"187\" \/><\/td>\n<\/tr>\n<tr style=\"height: 108.698px;\">\n<td style=\"height: 190px; width: 347.566px; border-color: #fafafa;\">*\u00a0<strong>La habitaci\u00f3n Asese<\/strong>:<\/p>\n<p>cuenta con una cama queen size solamente.<\/td>\n<td style=\"height: 190px; width: 347.566px; border-color: #fafafa;\">\u00a0 <strong>*La habitaci\u00f3n Posintepe:<\/strong><\/p>\n<p>cuenta \u00a0con una cama Full size, su ba\u00f1o privado, cocineta y mesa de desayuno.<\/td>\n<td style=\"height: 190px; width: 347.566px; border-color: #fafafa;\"><\/td>\n<\/tr>\n<\/tbody>\n<\/table>\n<\/td>\n<\/tr>\n<tr style=\"height: 22px;\">\n<td style=\"height: 22px; width: 99.941px; background-color: #e9eba2;\" colspan=\"2\" valign=\"top\" bgcolor=\"#FFCC99\">\n<div>\n<h4>Adem\u00e1s todas nuestras habitaciones tienen:<\/h4>\n<\/div>\n<div>\n<p>* TV cable<br \/>\n* Ba\u00f1o Privado<br \/>\n* Closet<br \/>\n* WiFi<\/p>\n<h4>El precio de nuestras habitaciones incluye desayuno.<\/h4>\n<\/div>\n<\/td>\n<\/tr>\n<tr style=\"height: 22px;\">\n<td style=\"height: 22px; width: 99.941px; background-color: #f7f7f5;\" colspan=\"2\" valign=\"top\" bgcolor=\"#FFCC99\">\u00a0Por mayor informaci\u00f3n y reservacion <strong>Contactarnos<\/strong><\/td>\n<\/tr>\n<\/tbody>\n<\/table>\n","protected":false},"excerpt":{"rendered":"<p>\u00a0Bienvenidos a Nuestro Hotel\u00a0Casa Antigua \u00a0 \u00a0 \u00a0 \u00a0 \u00a0 \u00a0 \u00a0 \u00a0 \u00a0 \u00a0 \u00a0 \u00a0 \u00a0 \u00a0 \u00a0 \u00a0 \u00a0 \u00a0 \u00a0 \u00a0 \u00a0 \u00a0 \u00a0 \u00a0 \u00a0 \u00a0 \u00a0 \u00a0 \u00a0 \u00a0 \u00a0 \u00a0 \u00a0 \u00a0 \u00a0 \u00a0 \u00a0 \u00a0 \u00a0 \u00a0 \u00a0 \u00a0 \u00a0 \u00a0 \u00a0 \u00a0 \u00a0 \u00a0 \u00a0 \u00a0 [&hellip;]<\/p>\n","protected":false},"author":2,"featured_media":0,"parent":0,"menu_order":0,"comment_status":"closed","ping_status":"closed","template":"","meta":{"footnotes":""},"_links":{"self":[{"href":"https:\/\/nicaragua-travel-guide.com\/site\/wp-json\/wp\/v2\/pages\/8637"}],"collection":[{"href":"https:\/\/nicaragua-travel-guide.com\/site\/wp-json\/wp\/v2\/pages"}],"about":[{"href":"https:\/\/nicaragua-travel-guide.com\/site\/wp-json\/wp\/v2\/types\/page"}],"author":[{"embeddable":true,"href":"https:\/\/nicaragua-travel-guide.com\/site\/wp-json\/wp\/v2\/users\/2"}],"replies":[{"embeddable":true,"href":"https:\/\/nicaragua-travel-guide.com\/site\/wp-json\/wp\/v2\/comments?post=8637"}],"version-history":[{"count":23,"href":"https:\/\/nicaragua-travel-guide.com\/site\/wp-json\/wp\/v2\/pages\/8637\/revisions"}],"predecessor-version":[{"id":9552,"href":"https:\/\/nicaragua-travel-guide.com\/site\/wp-json\/wp\/v2\/pages\/8637\/revisions\/9552"}],"wp:attachment":[{"href":"https:\/\/nicaragua-travel-guide.com\/site\/wp-json\/wp\/v2\/media?parent=8637"}],"curies":[{"name":"wp","href":"https:\/\/api.w.org\/{rel}","templated":true}]}}